{"id":213639,"date":"2021-03-10T11:11:55","date_gmt":"2021-03-10T10:11:55","guid":{"rendered":"https:\/\/pamplona.spartasportcenter.com\/pruebas\/?page_id=213639"},"modified":"2026-01-07T14:01:40","modified_gmt":"2026-01-07T13:01:40","slug":"servicios","status":"publish","type":"page","link":"https:\/\/fitplace.fit\/jaen\/servicios\/","title":{"rendered":"Servicios"},"content":{"rendered":"<p>[et_pb_section fb_built=\u00bb1&#8243; custom_padding_last_edited=\u00bbon|phone\u00bb disabled_on=\u00bboff|off|off\u00bb _builder_version=\u00bb4.27.4&#8243; background_color=\u00bb#000000&#8243; background_enable_image=\u00bboff\u00bb parallax=\u00bbon\u00bb module_alignment=\u00bbcenter\u00bb custom_padding=\u00bb45px|0px|45px|0px|true|false\u00bb custom_padding_tablet=\u00bb\u00bb custom_padding_phone=\u00bb30px||0px||false|false\u00bb bottom_divider_color=\u00bb#cf0a2c\u00bb global_colors_info=\u00bb{}\u00bb][et_pb_row disabled_on=\u00bboff|off|off\u00bb _builder_version=\u00bb4.27.4&#8243; width=\u00bb100%\u00bb max_width=\u00bb100%\u00bb custom_padding=\u00bb30px|0px|30px|0px|true|false\u00bb use_custom_width=\u00bbon\u00bb width_unit=\u00bboff\u00bb custom_width_percent=\u00bb100%\u00bb locked=\u00bboff\u00bb global_colors_info=\u00bb{}\u00bb][et_pb_column type=\u00bb4_4&#8243; _builder_version=\u00bb4.16&#8243; custom_padding=\u00bb|||\u00bb global_colors_info=\u00bb{}\u00bb custom_padding__hover=\u00bb|||\u00bb][dica_divi_carousel item_width_auto=\u00bbon\u00bb item_width=\u00bb297px\u00bb item_width_tablet=\u00bb297px\u00bb item_width_phone=\u00bb90%\u00bb item_width_last_edited=\u00bbon|phone\u00bb centermode=\u00bbon\u00bb loop=\u00bbon\u00bb arrow_nav=\u00bbon\u00bb item_spacing=\u00bb40px\u00bb equal_height=\u00bbon\u00bb advanced_effect=\u00bb1&#8243; overlay_image=\u00bbon\u00bb overlay_icon_color=\u00bb#FFFFFF\u00bb arrow_nav_color=\u00bb#FFFFFF\u00bb arrow_bg_color=\u00bbrgba(38,38,38,0.8)\u00bb dots_color=\u00bb#FFFFFF\u00bb overlay_color_field_bgcolor=\u00bbrgba(255,255,255,0.85)\u00bb disabled_on=\u00bboff|off|off\u00bb _builder_version=\u00bb4.27.5&#8243; title_font=\u00bb|700|||||||\u00bb title_text_align=\u00bbcenter\u00bb title_text_color=\u00bb#ffffff\u00bb title_font_size=\u00bb30px\u00bb title_letter_spacing=\u00bb3px\u00bb body_font=\u00bb|300|||||||\u00bb body_text_color=\u00bb#FFFFFF\u00bb body_font_size=\u00bb25px\u00bb body_letter_spacing=\u00bb3px\u00bb body_line_height=\u00bb1em\u00bb background_color=\u00bbrgba(127,127,127,0.34)\u00bb hover_enabled=\u00bb0&#8243; title_font_size_tablet=\u00bb\u00bb title_font_size_phone=\u00bb25px\u00bb title_font_size_last_edited=\u00bbon|phone\u00bb locked=\u00bboff\u00bb global_colors_info=\u00bb{}\u00bb sticky_enabled=\u00bb0&#8243;][dica_divi_carouselitem admin_label=\u00bbabierto\u00bb button_url_new_window=\u00bb1&#8243; content_padding=\u00bb105px|10px|105px|10px|true|true\u00bb _builder_version=\u00bb4.27.4&#8243; body_font=\u00bb||||||||\u00bb body_text_align=\u00bbcenter\u00bb body_text_color=\u00bb#FFFFFF\u00bb background_color=\u00bbrgba(38,38,38,0.6)\u00bb background_enable_color=\u00bbon\u00bb background_image=\u00bbhttps:\/\/fitplace.fit\/jaen\/wp-content\/uploads\/2025\/10\/Servicio-abierto.png\u00bb background_enable_image=\u00bbon\u00bb background_blend=\u00bbmultiply\u00bb global_colors_info=\u00bb{}\u00bb box_shadow_color__hover_enabled=\u00bbon\u00bb box_shadow_color__hover=\u00bbrgba(0,0,0,0.61)\u00bb]<\/p>\n<h2 style=\"text-align: center;\">ABIERTO<\/h2>\n<p style=\"text-align: center;\"><span style=\"font-size: 16px;\">Abierto 365 d\u00edas<\/span><\/p>\n<p>[\/dica_divi_carouselitem][dica_divi_carouselitem admin_label=\u00bbhorario\u00bb button_url_new_window=\u00bb1&#8243; content_padding=\u00bb105px|10px|105px|10px|true|true\u00bb _builder_version=\u00bb4.27.4&#8243; body_font=\u00bb||||||||\u00bb body_text_align=\u00bbcenter\u00bb body_text_color=\u00bb#FFFFFF\u00bb background_color=\u00bbrgba(38,38,38,0.6)\u00bb background_enable_color=\u00bbon\u00bb background_image=\u00bbhttps:\/\/fitplace.fit\/jaen\/wp-content\/uploads\/2025\/10\/Servicio-horario-de-apertura.png\u00bb background_enable_image=\u00bbon\u00bb background_blend=\u00bbmultiply\u00bb global_colors_info=\u00bb{}\u00bb box_shadow_color__hover_enabled=\u00bbon\u00bb box_shadow_color__hover=\u00bbrgba(0,0,0,0.61)\u00bb]<\/p>\n<h2 style=\"text-align: center;\">HORARIO DE APERTURA<\/h2>\n<p style=\"text-align: center;\"><span style=\"font-size: 16px;\">Horario apertura de<br \/>\n05.00 a 24.00<\/span><\/p>\n<p>[\/dica_divi_carouselitem][dica_divi_carouselitem admin_label=\u00bbsala fitness\u00bb button_url_new_window=\u00bb1&#8243; content_padding=\u00bb105px|10px|105px|10px|true|true\u00bb _builder_version=\u00bb4.27.4&#8243; body_font=\u00bb||||||||\u00bb body_text_align=\u00bbcenter\u00bb body_text_color=\u00bb#FFFFFF\u00bb background_color=\u00bbrgba(38,38,38,0.6)\u00bb background_enable_color=\u00bbon\u00bb background_image=\u00bbhttps:\/\/fitplace.fit\/jaen\/wp-content\/uploads\/2025\/10\/Servicio-Sala-fitness.png\u00bb background_enable_image=\u00bbon\u00bb background_blend=\u00bbmultiply\u00bb global_colors_info=\u00bb{}\u00bb box_shadow_color__hover_enabled=\u00bbon\u00bb box_shadow_color__hover=\u00bbrgba(0,0,0,0.61)\u00bb]<\/p>\n<h2 style=\"text-align: center;\">SALA FITNESS<\/h2>\n<p style=\"text-align: center;\"><span style=\"font-size: 16px;\">Sala de musculaci\u00f3n equipada con maquinaria de fuerza y peso libre.<\/span><\/p>\n<p>[\/dica_divi_carouselitem][dica_divi_carouselitem admin_label=\u00bbzona cardio\u00bb button_url_new_window=\u00bb1&#8243; content_padding=\u00bb105px|10px|105px|10px|true|true\u00bb _builder_version=\u00bb4.27.4&#8243; body_font=\u00bb||||||||\u00bb body_text_align=\u00bbcenter\u00bb body_text_color=\u00bb#FFFFFF\u00bb background_color=\u00bbrgba(38,38,38,0.6)\u00bb background_enable_color=\u00bbon\u00bb background_image=\u00bbhttps:\/\/fitplace.fit\/jaen\/wp-content\/uploads\/2025\/10\/Servicios-Zona-cardio.png\u00bb background_enable_image=\u00bbon\u00bb background_blend=\u00bbmultiply\u00bb global_colors_info=\u00bb{}\u00bb box_shadow_color__hover_enabled=\u00bbon\u00bb box_shadow_color__hover=\u00bbrgba(0,0,0,0.61)\u00bb]<\/p>\n<h2 style=\"text-align: center;\">ZONA CARDIO<\/h2>\n<p style=\"text-align: center;\"><span style=\"font-size: 16px;\">Equipada con m\u00e1quinas de correr, bicicletas, el\u00edpticas y m\u00e1s<\/span><\/p>\n<p>[\/dica_divi_carouselitem][dica_divi_carouselitem admin_label=\u00bbestiramientos\u00bb button_url_new_window=\u00bb1&#8243; content_padding=\u00bb105px|10px|105px|10px|true|true\u00bb _builder_version=\u00bb4.27.4&#8243; body_font=\u00bb||||||||\u00bb body_text_align=\u00bbcenter\u00bb body_text_color=\u00bb#FFFFFF\u00bb background_color=\u00bbrgba(38,38,38,0.6)\u00bb background_enable_color=\u00bbon\u00bb background_image=\u00bbhttps:\/\/fitplace.fit\/jaen\/wp-content\/uploads\/2025\/10\/Serviico-Zona-estiramientos.jpg\u00bb background_enable_image=\u00bbon\u00bb background_blend=\u00bbmultiply\u00bb global_colors_info=\u00bb{}\u00bb box_shadow_color__hover_enabled=\u00bbon\u00bb box_shadow_color__hover=\u00bbrgba(0,0,0,0.61)\u00bb]<\/p>\n<h2 style=\"text-align: center;\">ZONA ESTIRAMIENTOS<\/h2>\n<p style=\"text-align: center;\"><span style=\"font-size: 16px;\">Espacio tranquilo y c\u00f3modo, equipado con material de movilidad, flexibilidad y core.<\/span><\/p>\n<p>[\/dica_divi_carouselitem][dica_divi_carouselitem admin_label=\u00bbbox entren funcional\u00bb button_url_new_window=\u00bb1&#8243; content_padding=\u00bb105px|10px|105px|10px|true|true\u00bb _builder_version=\u00bb4.27.4&#8243; body_font=\u00bb||||||||\u00bb body_text_align=\u00bbcenter\u00bb body_text_color=\u00bb#FFFFFF\u00bb background_color=\u00bbrgba(38,38,38,0.6)\u00bb background_enable_color=\u00bbon\u00bb background_image=\u00bbhttps:\/\/fitplace.fit\/jaen\/wp-content\/uploads\/2025\/10\/Servicio-BOX-entrenamiento-funcional.png\u00bb background_enable_image=\u00bbon\u00bb background_blend=\u00bbmultiply\u00bb global_colors_info=\u00bb{}\u00bb box_shadow_color__hover_enabled=\u00bbon\u00bb box_shadow_color__hover=\u00bbrgba(0,0,0,0.61)\u00bb]<\/p>\n<h2 style=\"text-align: center;\">BOX ENTRENAMIENTO FUNCIONAL<\/h2>\n<p style=\"text-align: center;\"><span style=\"font-size: 16px;\">Equipado con todo tipo de material deportivo para entrenamiento funcional.<\/span><\/p>\n<p>[\/dica_divi_carouselitem][dica_divi_carouselitem admin_label=\u00bbacceso\u00bb button_url_new_window=\u00bb1&#8243; content_padding=\u00bb105px|10px|105px|10px|true|true\u00bb _builder_version=\u00bb4.27.4&#8243; body_font=\u00bb||||||||\u00bb body_text_align=\u00bbcenter\u00bb body_text_color=\u00bb#FFFFFF\u00bb background_color=\u00bbrgba(38,38,38,0.6)\u00bb background_enable_color=\u00bbon\u00bb background_image=\u00bbhttps:\/\/fitplace.fit\/jaen\/wp-content\/uploads\/2025\/10\/Servicio-acceso-ilimitado.png\u00bb background_enable_image=\u00bbon\u00bb background_blend=\u00bbmultiply\u00bb global_colors_info=\u00bb{}\u00bb box_shadow_color__hover_enabled=\u00bbon\u00bb box_shadow_color__hover=\u00bbrgba(0,0,0,0.61)\u00bb]<\/p>\n<h2 style=\"text-align: center;\">ACCESO ILIMITADO<\/h2>\n<p style=\"text-align: center;\"><span style=\"font-size: 16px;\">Disponibilidad de acceso ilimitado a todas las zonas del centro deportivo.<\/span><\/p>\n<p>[\/dica_divi_carouselitem][dica_divi_carouselitem admin_label=\u00bbparking\u00bb button_url_new_window=\u00bb1&#8243; content_padding=\u00bb105px|10px|105px|10px|true|true\u00bb _builder_version=\u00bb4.27.4&#8243; body_font=\u00bb||||||||\u00bb body_text_align=\u00bbcenter\u00bb body_text_color=\u00bb#FFFFFF\u00bb background_color=\u00bbrgba(38,38,38,0.6)\u00bb background_enable_color=\u00bbon\u00bb background_image=\u00bbhttps:\/\/fitplace.fit\/jaen\/wp-content\/uploads\/2025\/10\/parking-exterior.jpeg\u00bb background_enable_image=\u00bbon\u00bb background_blend=\u00bbmultiply\u00bb global_colors_info=\u00bb{}\u00bb box_shadow_color__hover_enabled=\u00bbon\u00bb box_shadow_color__hover=\u00bbrgba(0,0,0,0.61)\u00bb]<\/p>\n<h2 style=\"text-align: center;\">PARKING GRATUITO<\/h2>\n<p style=\"text-align: center;\"><span style=\"font-size: 16px;\">En el exterior del centro deportivo.<\/span><\/p>\n<p>[\/dica_divi_carouselitem][dica_divi_carouselitem admin_label=\u00bbapp\u00bb button_url_new_window=\u00bb1&#8243; content_padding=\u00bb105px|10px|105px|10px|true|true\u00bb _builder_version=\u00bb4.27.4&#8243; body_font=\u00bb||||||||\u00bb body_text_align=\u00bbcenter\u00bb body_text_color=\u00bb#FFFFFF\u00bb background_color=\u00bbrgba(38,38,38,0.6)\u00bb background_enable_color=\u00bbon\u00bb background_image=\u00bbhttps:\/\/fitplace.fit\/jaen\/wp-content\/uploads\/2025\/10\/Servicio-App-entrenamiento.png\u00bb background_enable_image=\u00bbon\u00bb background_blend=\u00bbmultiply\u00bb global_colors_info=\u00bb{}\u00bb box_shadow_color__hover_enabled=\u00bbon\u00bb box_shadow_color__hover=\u00bbrgba(0,0,0,0.61)\u00bb]<\/p>\n<h2 style=\"text-align: center;\">APP ENTRENAMIENTO<\/h2>\n<p style=\"text-align: center;\"><span style=\"font-size: 16px;\">Creaci\u00f3n personalizada de entrenamientos y pesaje por bioimpedancia<\/span><\/p>\n<p>[\/dica_divi_carouselitem][dica_divi_carouselitem admin_label=\u00bbentrenador personal\u00bb button_url_new_window=\u00bb1&#8243; content_padding=\u00bb105px|10px|105px|10px|true|true\u00bb _builder_version=\u00bb4.27.5&#8243; body_font=\u00bb||||||||\u00bb body_text_align=\u00bbcenter\u00bb body_text_color=\u00bb#FFFFFF\u00bb background_color=\u00bbrgba(38,38,38,0.6)\u00bb background_enable_color=\u00bbon\u00bb background_image=\u00bbhttps:\/\/fitplace.fit\/jaen\/wp-content\/uploads\/2026\/01\/entrenador-personal.jpg\u00bb background_enable_image=\u00bbon\u00bb background_blend=\u00bbmultiply\u00bb hover_enabled=\u00bb0&#8243; global_colors_info=\u00bb{}\u00bb box_shadow_color__hover_enabled=\u00bbon\u00bb box_shadow_color__hover=\u00bbrgba(0,0,0,0.61)\u00bb sticky_enabled=\u00bb0&#8243;]<\/p>\n<h2 style=\"text-align: center;\">ENTRENADOR PERSONAL<\/h2>\n<p style=\"text-align: center;\"><span style=\"font-size: 16px;\">Planificaci\u00f3n personalizada de entrenamiento realizada por profesionales <\/span><\/p>\n<p>[\/dica_divi_carouselitem][dica_divi_carouselitem admin_label=\u00bbActividades dirigidas\u00bb button_url_new_window=\u00bb1&#8243; content_padding=\u00bb105px|10px|105px|10px|true|true\u00bb _builder_version=\u00bb4.27.5&#8243; body_font=\u00bb||||||||\u00bb body_text_align=\u00bbcenter\u00bb body_text_color=\u00bb#FFFFFF\u00bb background_color=\u00bbrgba(38,38,38,0.6)\u00bb background_enable_color=\u00bbon\u00bb background_image=\u00bbhttps:\/\/fitplace.fit\/jaen\/wp-content\/uploads\/2026\/01\/actividades-dirigidas-en-jaen.jpg\u00bb background_enable_image=\u00bbon\u00bb background_blend=\u00bbmultiply\u00bb global_colors_info=\u00bb{}\u00bb box_shadow_color__hover_enabled=\u00bbon\u00bb box_shadow_color__hover=\u00bbrgba(0,0,0,0.61)\u00bb]<\/p>\n<h2 style=\"text-align: center;\">ACTIVIDADES DIRIGIDAS<\/h2>\n<p style=\"text-align: center;\"><span style=\"font-size: 16px;\">Crosstraining, Gap y HIIT <\/span><\/p>\n<p>[\/dica_divi_carouselitem][\/dica_divi_carousel][\/et_pb_column][\/et_pb_row][\/et_pb_section]<\/p>\n","protected":false},"excerpt":{"rendered":"<p><div class=\"et_pb_module dica_divi_carousel dica_divi_carousel_0\">\n\t\t\t\t\n\t\t\t\t\n\t\t\t\t\n\t\t\t\t\n\t\t\t\t\n\t\t\t\t\n\t\t\t\t<div class=\"et_pb_module_inner\">\n\t\t\t\t\t<div class=\"dica-container  overlay-image desktop_middle-inside tablet_middle-inside mobile_middle-inside\" data-props='{\"desktop\":\"4\",\"tablet\":\"3\",\"mobile\":\"1\",\"speed\":\"500\",\"arrow\":\"on\",\"dots\":\"off\",\"autoplay\":\"off\",\"autoSpeed\":\"1000\",\"loop\":\"on\",\"item_spacing\":\"40px\",\"center_mode\":\"on\",\"slider_effec\":\"1\",\"cover_rotate\":\"50\",\"pause_onhover\":\"off\",\"multislide\":\"off\",\"cfshadow\":\"on\",\"order\":\"0\",\"lazyload\":\"off\",\"lazybefore\":\"off\",\"scroller_effect\":\"off\",\"autowidth\":\"on\",\"item_spacing_tablet\":\"40px\",\"item_spacing_phone\":\"40px\",\"scroller_speed\":\"4000\",\"hashNavigation\":\"off\",\"simulatetouch\":\"off\",\"allowtouchmove\":\"off\",\"slide_row\":\"1\",\"slide_row_tablet\":\"1\",\"slide_row_phone\":\"1\",\"keyboard\":\"off\",\"mousewheel\":\"off\",\"autoplay_viewport\":\"\"}'>\n\t\t\t\t\t\t\t \t<div class=\"swiper-container\" >\n\t\t\t\t\t\t\t\t\t<div class=\"swiper-wrapper\"><\/div>\t\n\t\t\t\t\t\t\t\t<\/div>\t\n\t\t\t\t\t\t\t\t<div class=\"swiper-buttton-container\"><div class=\"swiper-button-prev dica-prev-btn-0\" data-icon=\"4\"><\/div><div class=\"swiper-button-next dica-next-btn-0\" data-icon=\"5\"><\/div><\/div>\n\t\t\t\t\t\t\t\t\t\t\t\t\t\t\n\t\t\t\t\t\t\t<\/div>\n\t\t\t\t<\/div>\n\t\t\t<\/div><div class=\"et_pb_module dica_divi_carouselitem dica_divi_carouselitem_0 et_hover_enabled\">\n\t\t\t\t\n\t\t\t\t\n\t\t\t\t\n\t\t\t\t\n\t\t\t\t\n\t\t\t\t\n\t\t\t\t<div class=\"et_pb_module_inner\">\n\t\t\t\t\t <div class=\"dica-item empty-content image_top\"   data-hash=\"dica_divi_carouselitem_0\">\n\t\t\t\t\t\t\t\t\t\n\t\t\t\t\t\t\t\t\t\n\t\t\t\t\t\t\t<\/div>\n\t\t\t\t<\/div>\n\t\t\t<\/div>ABIERTO Abierto 365 [&hellip;]<\/p>\n","protected":false},"author":1,"featured_media":0,"parent":0,"menu_order":0,"comment_status":"closed","ping_status":"closed","template":"","meta":{"_et_pb_use_builder":"on","_et_pb_old_content":"","_et_gb_content_width":"","footnotes":""},"class_list":["post-213639","page","type-page","status-publish","hentry"],"yoast_head":"<!-- This site is optimized with the Yoast SEO plugin v27.1.1 - https:\/\/yoast.com\/product\/yoast-seo-wordpress\/ -->\n<title>Servicios - Fitplace Jaen<\/title>\n<meta name=\"robots\" content=\"index, follow, max-snippet:-1, max-image-preview:large, max-video-preview:-1\" \/>\n<link rel=\"canonical\" href=\"https:\/\/fitplace.fit\/jaen\/servicios\/\" \/>\n<meta property=\"og:locale\" content=\"es_ES\" \/>\n<meta property=\"og:type\" content=\"article\" \/>\n<meta property=\"og:title\" content=\"Servicios - Fitplace Jaen\" \/>\n<meta property=\"og:description\" content=\"ABIERTO Abierto 365 [&hellip;]\" \/>\n<meta property=\"og:url\" content=\"https:\/\/fitplace.fit\/jaen\/servicios\/\" \/>\n<meta property=\"og:site_name\" content=\"Fitplace Jaen\" \/>\n<meta property=\"article:modified_time\" content=\"2026-01-07T13:01:40+00:00\" \/>\n<meta name=\"twitter:card\" content=\"summary_large_image\" \/>\n<meta name=\"twitter:label1\" content=\"Tiempo de lectura\" \/>\n\t<meta name=\"twitter:data1\" content=\"2 minutos\" \/>\n<script type=\"application\/ld+json\" class=\"yoast-schema-graph\">{\"@context\":\"https:\/\/schema.org\",\"@graph\":[{\"@type\":\"WebPage\",\"@id\":\"https:\/\/fitplace.fit\/jaen\/servicios\/\",\"url\":\"https:\/\/fitplace.fit\/jaen\/servicios\/\",\"name\":\"Servicios - Fitplace Jaen\",\"isPartOf\":{\"@id\":\"https:\/\/fitplace.fit\/jaen\/#website\"},\"datePublished\":\"2021-03-10T10:11:55+00:00\",\"dateModified\":\"2026-01-07T13:01:40+00:00\",\"breadcrumb\":{\"@id\":\"https:\/\/fitplace.fit\/jaen\/servicios\/#breadcrumb\"},\"inLanguage\":\"es\",\"potentialAction\":[{\"@type\":\"ReadAction\",\"target\":[\"https:\/\/fitplace.fit\/jaen\/servicios\/\"]}]},{\"@type\":\"BreadcrumbList\",\"@id\":\"https:\/\/fitplace.fit\/jaen\/servicios\/#breadcrumb\",\"itemListElement\":[{\"@type\":\"ListItem\",\"position\":1,\"name\":\"Portada\",\"item\":\"https:\/\/fitplace.fit\/jaen\/\"},{\"@type\":\"ListItem\",\"position\":2,\"name\":\"Servicios\"}]},{\"@type\":\"WebSite\",\"@id\":\"https:\/\/fitplace.fit\/jaen\/#website\",\"url\":\"https:\/\/fitplace.fit\/jaen\/\",\"name\":\"Fitplace Jaen\",\"description\":\"Gimnasios en Ja\u00e9n\",\"publisher\":{\"@id\":\"https:\/\/fitplace.fit\/jaen\/#organization\"},\"potentialAction\":[{\"@type\":\"SearchAction\",\"target\":{\"@type\":\"EntryPoint\",\"urlTemplate\":\"https:\/\/fitplace.fit\/jaen\/?s={search_term_string}\"},\"query-input\":{\"@type\":\"PropertyValueSpecification\",\"valueRequired\":true,\"valueName\":\"search_term_string\"}}],\"inLanguage\":\"es\"},{\"@type\":\"Organization\",\"@id\":\"https:\/\/fitplace.fit\/jaen\/#organization\",\"name\":\"Fitplace Jaen\",\"url\":\"https:\/\/fitplace.fit\/jaen\/\",\"logo\":{\"@type\":\"ImageObject\",\"inLanguage\":\"es\",\"@id\":\"https:\/\/fitplace.fit\/jaen\/#\/schema\/logo\/image\/\",\"url\":\"https:\/\/fitplace.fit\/jaen\/wp-content\/uploads\/2025\/10\/cropped-gimnasios-fitplace.jpg\",\"contentUrl\":\"https:\/\/fitplace.fit\/jaen\/wp-content\/uploads\/2025\/10\/cropped-gimnasios-fitplace.jpg\",\"width\":512,\"height\":512,\"caption\":\"Fitplace Jaen\"},\"image\":{\"@id\":\"https:\/\/fitplace.fit\/jaen\/#\/schema\/logo\/image\/\"}}]}<\/script>\n<!-- \/ Yoast SEO plugin. -->","yoast_head_json":{"title":"Servicios - Fitplace Jaen","robots":{"index":"index","follow":"follow","max-snippet":"max-snippet:-1","max-image-preview":"max-image-preview:large","max-video-preview":"max-video-preview:-1"},"canonical":"https:\/\/fitplace.fit\/jaen\/servicios\/","og_locale":"es_ES","og_type":"article","og_title":"Servicios - Fitplace Jaen","og_description":"ABIERTO Abierto 365 [&hellip;]","og_url":"https:\/\/fitplace.fit\/jaen\/servicios\/","og_site_name":"Fitplace Jaen","article_modified_time":"2026-01-07T13:01:40+00:00","twitter_card":"summary_large_image","twitter_misc":{"Tiempo de lectura":"2 minutos"},"schema":{"@context":"https:\/\/schema.org","@graph":[{"@type":"WebPage","@id":"https:\/\/fitplace.fit\/jaen\/servicios\/","url":"https:\/\/fitplace.fit\/jaen\/servicios\/","name":"Servicios - Fitplace Jaen","isPartOf":{"@id":"https:\/\/fitplace.fit\/jaen\/#website"},"datePublished":"2021-03-10T10:11:55+00:00","dateModified":"2026-01-07T13:01:40+00:00","breadcrumb":{"@id":"https:\/\/fitplace.fit\/jaen\/servicios\/#breadcrumb"},"inLanguage":"es","potentialAction":[{"@type":"ReadAction","target":["https:\/\/fitplace.fit\/jaen\/servicios\/"]}]},{"@type":"BreadcrumbList","@id":"https:\/\/fitplace.fit\/jaen\/servicios\/#breadcrumb","itemListElement":[{"@type":"ListItem","position":1,"name":"Portada","item":"https:\/\/fitplace.fit\/jaen\/"},{"@type":"ListItem","position":2,"name":"Servicios"}]},{"@type":"WebSite","@id":"https:\/\/fitplace.fit\/jaen\/#website","url":"https:\/\/fitplace.fit\/jaen\/","name":"Fitplace Jaen","description":"Gimnasios en Ja\u00e9n","publisher":{"@id":"https:\/\/fitplace.fit\/jaen\/#organization"},"potentialAction":[{"@type":"SearchAction","target":{"@type":"EntryPoint","urlTemplate":"https:\/\/fitplace.fit\/jaen\/?s={search_term_string}"},"query-input":{"@type":"PropertyValueSpecification","valueRequired":true,"valueName":"search_term_string"}}],"inLanguage":"es"},{"@type":"Organization","@id":"https:\/\/fitplace.fit\/jaen\/#organization","name":"Fitplace Jaen","url":"https:\/\/fitplace.fit\/jaen\/","logo":{"@type":"ImageObject","inLanguage":"es","@id":"https:\/\/fitplace.fit\/jaen\/#\/schema\/logo\/image\/","url":"https:\/\/fitplace.fit\/jaen\/wp-content\/uploads\/2025\/10\/cropped-gimnasios-fitplace.jpg","contentUrl":"https:\/\/fitplace.fit\/jaen\/wp-content\/uploads\/2025\/10\/cropped-gimnasios-fitplace.jpg","width":512,"height":512,"caption":"Fitplace Jaen"},"image":{"@id":"https:\/\/fitplace.fit\/jaen\/#\/schema\/logo\/image\/"}}]}},"_links":{"self":[{"href":"https:\/\/fitplace.fit\/jaen\/wp-json\/wp\/v2\/pages\/213639","targetHints":{"allow":["GET"]}}],"collection":[{"href":"https:\/\/fitplace.fit\/jaen\/wp-json\/wp\/v2\/pages"}],"about":[{"href":"https:\/\/fitplace.fit\/jaen\/wp-json\/wp\/v2\/types\/page"}],"author":[{"embeddable":true,"href":"https:\/\/fitplace.fit\/jaen\/wp-json\/wp\/v2\/users\/1"}],"replies":[{"embeddable":true,"href":"https:\/\/fitplace.fit\/jaen\/wp-json\/wp\/v2\/comments?post=213639"}],"version-history":[{"count":14,"href":"https:\/\/fitplace.fit\/jaen\/wp-json\/wp\/v2\/pages\/213639\/revisions"}],"predecessor-version":[{"id":224914,"href":"https:\/\/fitplace.fit\/jaen\/wp-json\/wp\/v2\/pages\/213639\/revisions\/224914"}],"wp:attachment":[{"href":"https:\/\/fitplace.fit\/jaen\/wp-json\/wp\/v2\/media?parent=213639"}],"curies":[{"name":"wp","href":"https:\/\/api.w.org\/{rel}","templated":true}]}}