{"id":208690,"date":"2018-08-30T19:42:11","date_gmt":"2018-08-30T19:42:11","guid":{"rendered":"https:\/\/pamplona.spartasportcenter.com\/?page_id=208690"},"modified":"2025-12-01T10:33:05","modified_gmt":"2025-12-01T09:33:05","slug":"prueba-un-dia-gratis","status":"publish","type":"page","link":"https:\/\/fitplace.fit\/jaen\/prueba-un-dia-gratis\/","title":{"rendered":"Prueba un d\u00eda gratis en Fitplace Ja\u00e9n"},"content":{"rendered":"\n[et_pb_section fb_built=\u00bb1&#8243; custom_padding_last_edited=\u00bbon|phone\u00bb disabled_on=\u00bboff|off|off\u00bb _builder_version=\u00bb4.27.4&#8243; background_color=\u00bb#000000&#8243; background_enable_image=\u00bboff\u00bb custom_margin=\u00bb|||\u00bb custom_padding=\u00bb45px|0px|45px|0px|true|false\u00bb custom_padding_tablet=\u00bb\u00bb custom_padding_phone=\u00bb0px||0px||true|false\u00bb global_colors_info=\u00bb{}\u00bb][et_pb_row use_custom_gutter=\u00bbon\u00bb gutter_width=\u00bb2&#8243; padding_left_right_link_1=\u00bbtrue\u00bb padding_left_right_link_2=\u00bbtrue\u00bb padding_left_right_link_3=\u00bbtrue\u00bb padding_left_right_link_4=\u00bbtrue\u00bb padding_left_right_link_5=\u00bbtrue\u00bb padding_left_right_link_6=\u00bbtrue\u00bb module_class=\u00bbtwoX2 et_pb_row_fullwidth\u00bb _builder_version=\u00bb4.27.4&#8243; background_enable_color=\u00bboff\u00bb width=\u00bb94%\u00bb width_tablet=\u00bb100%\u00bb width_phone=\u00bb100%\u00bb width_last_edited=\u00bbon|phone\u00bb max_width=\u00bb94%\u00bb max_width_tablet=\u00bb100%\u00bb max_width_phone=\u00bb100%\u00bb max_width_last_edited=\u00bbon|desktop\u00bb module_alignment=\u00bbcenter\u00bb custom_padding=\u00bb0px||10px||false|false\u00bb hover_enabled=\u00bb0&#8243; make_fullwidth=\u00bbon\u00bb locked=\u00bboff\u00bb global_colors_info=\u00bb{}\u00bb sticky_enabled=\u00bb0&#8243;][et_pb_column type=\u00bb4_4&#8243; _builder_version=\u00bb4.27.4&#8243; background_enable_color=\u00bboff\u00bb custom_padding=\u00bb||||false|false\u00bb global_colors_info=\u00bb{}\u00bb custom_padding__hover=\u00bb|||\u00bb][et_pb_code raw_content_tablet=\u00bb<iframe src=%22https:\/\/fitplace.deporweb.net\/altaonline\/venaprobar.aspx?header=false&#038;footer=false&#038;nav=false&#038;lang=es-ES&#038;type=Rml0cGxhY2UgSkFFTnwxfGh0dHBzOi8vZml0cGxhY2UuZml0L2phZW4vZ3JhY2lhcy1wcnVlYmEtZGlhLw==%22 name=%22myIFrame%22 width=%22100%%22 height=%22800px%22><\/iframe>\n\n<div style=%22max-width:578px; margin:auto;%22>\n\n<p style=%22margin-top:-70px; font-weight: 300; line-height: 1.1em; font-size:13px%22>\n\n  <strong>INFORMACI\u00d3N B\u00c1SICA DE PROTECCI\u00d3N DE DATOS:\u00a0Responsable del tratamiento:<\/strong><strong>Responsable del tratamiento:<\/strong>\u00a0FITPLACE JAEN, S.L.\u00a0<strong>Finalidad del tratamiento:<\/strong>\u00a0Gestionar las consultas planteadas.\u00a0Env\u00edo de\u00a0newsletters, comunicaciones comerciales y promociones\u00a0(previo consentimiento).\u00a0<strong>Legitimaci\u00f3n del tratamiento:<\/strong>\u00a0Inter\u00e9s leg\u00edtimo y consentimiento del interesado\/a.\u00a0<strong>Conservaci\u00f3n de los datos:<\/strong>\u00a0Se conservar\u00e1n mientras exista un inter\u00e9s mutuo o durante el tiempo necesario para el cumplimiento de las obligaciones legales.\u00a0<strong>Destinatarios:<\/strong>\u00a0Empresas del Grupo Fitplace y prestadores de servicio o colaboradores.\u00a0<strong>Derechos:\u00a0<\/strong>Derecho a retirar el consentimiento en cualquier momento. Derecho de acceso, rectificaci\u00f3n, portabilidad y supresi\u00f3n de sus datos y a la limitaci\u00f3n u oposici\u00f3n al su tratamiento. Datos de contacto para ejercer sus derechos:\u00a0<span style=%22color: #fff;%22><a href=%22mailto:jaen@fitplace.fit%22>jaen@fitplace.fit<\/a><\/span> <strong>Informaci\u00f3n adicional:<\/strong>\u00a0Puede consultar la informaci\u00f3n adicional en nuestra\u00a0<span style=%22color: #fff;%22><a href=%22https:\/\/fitplace.fit\/jaen\/politica-de-privacidad\/%22><i>Pol\u00edtica de Privacidad<\/i><\/a><\/span><\/p>  \n  \n<\/div> \u00bb raw_content_phone=\u00bb<iframe src=%22https:\/\/fitplace.deporweb.net\/altaonline\/venaprobar.aspx?header=false&#038;footer=false&#038;nav=false&#038;lang=es-ES&#038;type=Rml0cGxhY2UgSkFFTnwxfGh0dHBzOi8vZml0cGxhY2UuZml0L2phZW4vZ3JhY2lhcy1wcnVlYmEtZGlhLw==%22 name=%22myIFrame%22 width=%22100%%22 height=%221000px%22><\/iframe>\n\n<p style=%22margin-top:-230px; font-weight: 300; line-height: 1.1em; font-size:13px%22><strong>INFORMACI\u00d3N B\u00c1SICA DE PROTECCI\u00d3N DE DATOS:\u00a0Responsable del tratamiento:<\/strong><strong>Responsable del tratamiento:<\/strong>\u00a0FITPLACE JAEN, S.L.\u00a0<strong>Finalidad del tratamiento:<\/strong>\u00a0Gestionar las consultas planteadas.\u00a0Env\u00edo de\u00a0newsletters, comunicaciones comerciales y promociones\u00a0(previo consentimiento).\u00a0<strong>Legitimaci\u00f3n del tratamiento:<\/strong>\u00a0Inter\u00e9s leg\u00edtimo y consentimiento del interesado\/a.\u00a0<strong>Conservaci\u00f3n de los datos:<\/strong>\u00a0Se conservar\u00e1n mientras exista un inter\u00e9s mutuo o durante el tiempo necesario para el cumplimiento de las obligaciones legales.\u00a0<strong>Destinatarios:<\/strong>\u00a0Empresas del Grupo Fitplace y prestadores de servicio o colaboradores.\u00a0<strong>Derechos:\u00a0<\/strong>Derecho a retirar el consentimiento en cualquier momento. Derecho de acceso, rectificaci\u00f3n, portabilidad y supresi\u00f3n de sus datos y a la limitaci\u00f3n u oposici\u00f3n al su tratamiento. Datos de contacto para ejercer sus derechos:\u00a0<span style=%22color: #fff;%22><a href=%22mailto:jaen@fitplace.fit%22>jaen@fitplace.fit<\/a><\/span> <strong>Informaci\u00f3n adicional:<\/strong>\u00a0Puede consultar la informaci\u00f3n adicional en nuestra\u00a0<span style=%22color: #fff;%22><a href=%22https:\/\/fitplace.fit\/jaen\/politica-de-privacidad\/%22><i>Pol\u00edtica de Privacidad<\/i><\/a><\/span><\/p>  \n  \n\u00bb raw_content_last_edited=\u00bbon|phone\u00bb _builder_version=\u00bb4.27.4&#8243; _module_preset=\u00bbdefault\u00bb background_enable_color=\u00bboff\u00bb text_orientation=\u00bbjustified\u00bb custom_padding_tablet=\u00bb\u00bb custom_padding_phone=\u00bb|7%||7%|false|true\u00bb custom_padding_last_edited=\u00bbon|tablet\u00bb hover_enabled=\u00bb0&#8243; locked=\u00bboff\u00bb global_colors_info=\u00bb{}\u00bb sticky_enabled=\u00bb0&#8243;]<!-- [et_pb_line_break_holder] --><iframe src=\"https:\/\/fitplace.deporweb.net\/altaonline\/venaprobar.aspx?header=false&#038;footer=false&#038;nav=false&#038;lang=es-ES&#038;type=Rml0cGxhY2UgSkFFTnwxfGh0dHBzOi8vZml0cGxhY2UuZml0L2phZW4vZ3JhY2lhcy1wcnVlYmEtZGlhLw==\" name=\"myIFrame\" width=\"100%\" height=\"800px\"><\/iframe><!-- [et_pb_line_break_holder] --><!-- [et_pb_line_break_holder] --><div style=\"max-width:1140px; margin:auto;\"><!-- [et_pb_line_break_holder] -->  <pee style=\"margin-top:-270px; font-weight: 300; line-height: 1.1em; font-size:13px\"><!-- [et_pb_line_break_holder] --><!-- [et_pb_line_break_holder] --><strong>INFORMACI\u00d3N B\u00c1SICA DE PROTECCI\u00d3N DE DATOS:\u00a0Responsable del tratamiento:<\/strong><strong>Responsable del tratamiento:<\/strong>\u00a0FITPLACE JAEN, S.L.\u00a0<strong>Finalidad del tratamiento:<\/strong>\u00a0Gestionar las consultas planteadas.\u00a0Env\u00edo de\u00a0newsletters, comunicaciones comerciales y promociones\u00a0(previo consentimiento).\u00a0<strong>Legitimaci\u00f3n del tratamiento:<\/strong>\u00a0Inter\u00e9s leg\u00edtimo y consentimiento del interesado\/a.\u00a0<strong>Conservaci\u00f3n de los datos:<\/strong>\u00a0Se conservar\u00e1n mientras exista un inter\u00e9s mutuo o durante el tiempo necesario para el cumplimiento de las obligaciones legales.\u00a0<strong>Destinatarios:<\/strong>\u00a0Empresas del Grupo Fitplace y prestadores de servicio o colaboradores.\u00a0<strong>Derechos:\u00a0<\/strong>Derecho a retirar el consentimiento en cualquier momento. Derecho de acceso, rectificaci\u00f3n, portabilidad y supresi\u00f3n de sus datos y a la limitaci\u00f3n u oposici\u00f3n al su tratamiento. Datos de contacto para ejercer sus derechos:\u00a0<span style=\"color: #fff;\"><a href=\"mailto:jaen@fitplace.fit\">jaen@fitplace.fit<\/a><\/span> <strong>Informaci\u00f3n adicional:<\/strong>\u00a0Puede consultar la informaci\u00f3n adicional en nuestra\u00a0<span style=\"color: #fff;\"><a href=\"https:\/\/fitplace.fit\/jaen\/politica-de-privacidad\/\"><i>Pol\u00edtica de Privacidad<\/i><\/a><\/span><\/pee>  <!-- [et_pb_line_break_holder] -->    <!-- [et_pb_line_break_holder] -->  <!-- [et_pb_line_break_holder] --><\/div> <!-- [et_pb_line_break_holder] -->  <!-- [et_pb_line_break_holder] --> <!-- [et_pb_line_break_holder] -->[\/et_pb_code][et_pb_code _builder_version=\u00bb4.27.4&#8243; _module_preset=\u00bbdefault\u00bb global_colors_info=\u00bb{}\u00bb]<script><!-- [et_pb_line_break_holder] -->document.addEventListener('DOMContentLoaded', function() {<!-- [et_pb_line_break_holder] -->    var iframe = document.querySelector('iframe[name=\"myIFrame\"]');<!-- [et_pb_line_break_holder] -->    <!-- [et_pb_line_break_holder] -->    if (iframe) {<!-- [et_pb_line_break_holder] -->        \/\/ Ajustar altura cuando carga el contenido<!-- [et_pb_line_break_holder] -->        iframe.onload = function() {<!-- [et_pb_line_break_holder] -->            try {<!-- [et_pb_line_break_holder] -->                \/\/ Intentar obtener la altura del contenido del iframe<!-- [et_pb_line_break_holder] -->                var iframeDoc = iframe.contentDocument || iframe.contentWindow.document;<!-- [et_pb_line_break_holder] -->                var height = iframeDoc.body.scrollHeight;<!-- [et_pb_line_break_holder] -->                iframe.style.height = height + 'px';<!-- [et_pb_line_break_holder] -->            } catch(e) {<!-- [et_pb_line_break_holder] -->                \/\/ Si hay error de CORS, usar altura m\u00ednima<!-- [et_pb_line_break_holder] -->                iframe.style.height = '600px';<!-- [et_pb_line_break_holder] -->            }<!-- [et_pb_line_break_holder] -->        };<!-- [et_pb_line_break_holder] -->    }<!-- [et_pb_line_break_holder] -->});<!-- [et_pb_line_break_holder] --><\/script>[\/et_pb_code][\/et_pb_column][\/et_pb_row][\/et_pb_section]\n","protected":false},"excerpt":{"rendered":"<p>Completa el formulario para disfrutar de un d\u00eda gratis en nuestro centro deportivo. Sala Fitness, BOX y Sala Estiramientos.<\/p>\n","protected":false},"author":1,"featured_media":220777,"parent":0,"menu_order":0,"comment_status":"closed","ping_status":"closed","template":"","meta":{"_et_pb_use_builder":"on","_et_pb_old_content":"","_et_gb_content_width":"","footnotes":""},"class_list":["post-208690","page","type-page","status-publish","has-post-thumbnail","hentry"],"yoast_head":"<!-- This site is optimized with the Yoast SEO plugin v27.1.1 - https:\/\/yoast.com\/product\/yoast-seo-wordpress\/ -->\n<title>Prueba un d\u00eda gratis - Gimnasios Fitplace Ja\u00e9n<\/title>\n<meta name=\"description\" content=\"\u00bfQuieres una prueba de un d\u00eda gratis en nuestro Gimnasio Fitplace Ja\u00e9n? Entra en la web de Gimnasios Fitplace y rellena el formulario.\" \/>\n<meta name=\"robots\" content=\"index, follow, max-snippet:-1, max-image-preview:large, max-video-preview:-1\" \/>\n<link rel=\"canonical\" href=\"https:\/\/fitplace.fit\/jaen\/prueba-un-dia-gratis\/\" \/>\n<meta property=\"og:locale\" content=\"es_ES\" \/>\n<meta property=\"og:type\" content=\"article\" \/>\n<meta property=\"og:title\" content=\"Prueba un d\u00eda gratis - Gimnasios Fitplace Ja\u00e9n\" \/>\n<meta property=\"og:description\" content=\"\u00bfQuieres una prueba de un d\u00eda gratis en nuestro Gimnasio Fitplace Ja\u00e9n? Entra en la web de Gimnasios Fitplace y rellena el formulario.\" \/>\n<meta property=\"og:url\" content=\"https:\/\/fitplace.fit\/jaen\/prueba-un-dia-gratis\/\" \/>\n<meta property=\"og:site_name\" content=\"Fitplace Jaen\" \/>\n<meta property=\"article:modified_time\" content=\"2025-12-01T09:33:05+00:00\" \/>\n<meta property=\"og:image\" content=\"https:\/\/fitplace.fit\/jaen\/wp-content\/uploads\/2025\/10\/sparta-49grande-1.png\" \/>\n\t<meta property=\"og:image:width\" content=\"2808\" \/>\n\t<meta property=\"og:image:height\" content=\"1872\" \/>\n\t<meta property=\"og:image:type\" content=\"image\/png\" \/>\n<meta name=\"twitter:card\" content=\"summary_large_image\" \/>\n<meta name=\"twitter:label1\" content=\"Tiempo de lectura\" \/>\n\t<meta name=\"twitter:data1\" content=\"3 minutos\" \/>\n<script type=\"application\/ld+json\" class=\"yoast-schema-graph\">{\"@context\":\"https:\/\/schema.org\",\"@graph\":[{\"@type\":\"WebPage\",\"@id\":\"https:\/\/fitplace.fit\/jaen\/prueba-un-dia-gratis\/\",\"url\":\"https:\/\/fitplace.fit\/jaen\/prueba-un-dia-gratis\/\",\"name\":\"Prueba un d\u00eda gratis - Gimnasios Fitplace Ja\u00e9n\",\"isPartOf\":{\"@id\":\"https:\/\/fitplace.fit\/jaen\/#website\"},\"primaryImageOfPage\":{\"@id\":\"https:\/\/fitplace.fit\/jaen\/prueba-un-dia-gratis\/#primaryimage\"},\"image\":{\"@id\":\"https:\/\/fitplace.fit\/jaen\/prueba-un-dia-gratis\/#primaryimage\"},\"thumbnailUrl\":\"https:\/\/fitplace.fit\/jaen\/wp-content\/uploads\/2025\/10\/sparta-49grande-1.png\",\"datePublished\":\"2018-08-30T19:42:11+00:00\",\"dateModified\":\"2025-12-01T09:33:05+00:00\",\"description\":\"\u00bfQuieres una prueba de un d\u00eda gratis en nuestro Gimnasio Fitplace Ja\u00e9n? Entra en la web de Gimnasios Fitplace y rellena el formulario.\",\"breadcrumb\":{\"@id\":\"https:\/\/fitplace.fit\/jaen\/prueba-un-dia-gratis\/#breadcrumb\"},\"inLanguage\":\"es\",\"potentialAction\":[{\"@type\":\"ReadAction\",\"target\":[\"https:\/\/fitplace.fit\/jaen\/prueba-un-dia-gratis\/\"]}]},{\"@type\":\"ImageObject\",\"inLanguage\":\"es\",\"@id\":\"https:\/\/fitplace.fit\/jaen\/prueba-un-dia-gratis\/#primaryimage\",\"url\":\"https:\/\/fitplace.fit\/jaen\/wp-content\/uploads\/2025\/10\/sparta-49grande-1.png\",\"contentUrl\":\"https:\/\/fitplace.fit\/jaen\/wp-content\/uploads\/2025\/10\/sparta-49grande-1.png\",\"width\":2808,\"height\":1872,\"caption\":\"sparta-49grande\"},{\"@type\":\"BreadcrumbList\",\"@id\":\"https:\/\/fitplace.fit\/jaen\/prueba-un-dia-gratis\/#breadcrumb\",\"itemListElement\":[{\"@type\":\"ListItem\",\"position\":1,\"name\":\"Portada\",\"item\":\"https:\/\/fitplace.fit\/jaen\/\"},{\"@type\":\"ListItem\",\"position\":2,\"name\":\"Prueba un d\u00eda gratis en Fitplace Ja\u00e9n\"}]},{\"@type\":\"WebSite\",\"@id\":\"https:\/\/fitplace.fit\/jaen\/#website\",\"url\":\"https:\/\/fitplace.fit\/jaen\/\",\"name\":\"Fitplace Jaen\",\"description\":\"Gimnasios en Ja\u00e9n\",\"publisher\":{\"@id\":\"https:\/\/fitplace.fit\/jaen\/#organization\"},\"potentialAction\":[{\"@type\":\"SearchAction\",\"target\":{\"@type\":\"EntryPoint\",\"urlTemplate\":\"https:\/\/fitplace.fit\/jaen\/?s={search_term_string}\"},\"query-input\":{\"@type\":\"PropertyValueSpecification\",\"valueRequired\":true,\"valueName\":\"search_term_string\"}}],\"inLanguage\":\"es\"},{\"@type\":\"Organization\",\"@id\":\"https:\/\/fitplace.fit\/jaen\/#organization\",\"name\":\"Fitplace Jaen\",\"url\":\"https:\/\/fitplace.fit\/jaen\/\",\"logo\":{\"@type\":\"ImageObject\",\"inLanguage\":\"es\",\"@id\":\"https:\/\/fitplace.fit\/jaen\/#\/schema\/logo\/image\/\",\"url\":\"https:\/\/fitplace.fit\/jaen\/wp-content\/uploads\/2025\/10\/cropped-gimnasios-fitplace.jpg\",\"contentUrl\":\"https:\/\/fitplace.fit\/jaen\/wp-content\/uploads\/2025\/10\/cropped-gimnasios-fitplace.jpg\",\"width\":512,\"height\":512,\"caption\":\"Fitplace Jaen\"},\"image\":{\"@id\":\"https:\/\/fitplace.fit\/jaen\/#\/schema\/logo\/image\/\"}}]}<\/script>\n<!-- \/ Yoast SEO plugin. -->","yoast_head_json":{"title":"Prueba un d\u00eda gratis - Gimnasios Fitplace Ja\u00e9n","description":"\u00bfQuieres una prueba de un d\u00eda gratis en nuestro Gimnasio Fitplace Ja\u00e9n? Entra en la web de Gimnasios Fitplace y rellena el formulario.","robots":{"index":"index","follow":"follow","max-snippet":"max-snippet:-1","max-image-preview":"max-image-preview:large","max-video-preview":"max-video-preview:-1"},"canonical":"https:\/\/fitplace.fit\/jaen\/prueba-un-dia-gratis\/","og_locale":"es_ES","og_type":"article","og_title":"Prueba un d\u00eda gratis - Gimnasios Fitplace Ja\u00e9n","og_description":"\u00bfQuieres una prueba de un d\u00eda gratis en nuestro Gimnasio Fitplace Ja\u00e9n? Entra en la web de Gimnasios Fitplace y rellena el formulario.","og_url":"https:\/\/fitplace.fit\/jaen\/prueba-un-dia-gratis\/","og_site_name":"Fitplace Jaen","article_modified_time":"2025-12-01T09:33:05+00:00","og_image":[{"width":2808,"height":1872,"url":"https:\/\/fitplace.fit\/jaen\/wp-content\/uploads\/2025\/10\/sparta-49grande-1.png","type":"image\/png"}],"twitter_card":"summary_large_image","twitter_misc":{"Tiempo de lectura":"3 minutos"},"schema":{"@context":"https:\/\/schema.org","@graph":[{"@type":"WebPage","@id":"https:\/\/fitplace.fit\/jaen\/prueba-un-dia-gratis\/","url":"https:\/\/fitplace.fit\/jaen\/prueba-un-dia-gratis\/","name":"Prueba un d\u00eda gratis - Gimnasios Fitplace Ja\u00e9n","isPartOf":{"@id":"https:\/\/fitplace.fit\/jaen\/#website"},"primaryImageOfPage":{"@id":"https:\/\/fitplace.fit\/jaen\/prueba-un-dia-gratis\/#primaryimage"},"image":{"@id":"https:\/\/fitplace.fit\/jaen\/prueba-un-dia-gratis\/#primaryimage"},"thumbnailUrl":"https:\/\/fitplace.fit\/jaen\/wp-content\/uploads\/2025\/10\/sparta-49grande-1.png","datePublished":"2018-08-30T19:42:11+00:00","dateModified":"2025-12-01T09:33:05+00:00","description":"\u00bfQuieres una prueba de un d\u00eda gratis en nuestro Gimnasio Fitplace Ja\u00e9n? Entra en la web de Gimnasios Fitplace y rellena el formulario.","breadcrumb":{"@id":"https:\/\/fitplace.fit\/jaen\/prueba-un-dia-gratis\/#breadcrumb"},"inLanguage":"es","potentialAction":[{"@type":"ReadAction","target":["https:\/\/fitplace.fit\/jaen\/prueba-un-dia-gratis\/"]}]},{"@type":"ImageObject","inLanguage":"es","@id":"https:\/\/fitplace.fit\/jaen\/prueba-un-dia-gratis\/#primaryimage","url":"https:\/\/fitplace.fit\/jaen\/wp-content\/uploads\/2025\/10\/sparta-49grande-1.png","contentUrl":"https:\/\/fitplace.fit\/jaen\/wp-content\/uploads\/2025\/10\/sparta-49grande-1.png","width":2808,"height":1872,"caption":"sparta-49grande"},{"@type":"BreadcrumbList","@id":"https:\/\/fitplace.fit\/jaen\/prueba-un-dia-gratis\/#breadcrumb","itemListElement":[{"@type":"ListItem","position":1,"name":"Portada","item":"https:\/\/fitplace.fit\/jaen\/"},{"@type":"ListItem","position":2,"name":"Prueba un d\u00eda gratis en Fitplace Ja\u00e9n"}]},{"@type":"WebSite","@id":"https:\/\/fitplace.fit\/jaen\/#website","url":"https:\/\/fitplace.fit\/jaen\/","name":"Fitplace Jaen","description":"Gimnasios en Ja\u00e9n","publisher":{"@id":"https:\/\/fitplace.fit\/jaen\/#organization"},"potentialAction":[{"@type":"SearchAction","target":{"@type":"EntryPoint","urlTemplate":"https:\/\/fitplace.fit\/jaen\/?s={search_term_string}"},"query-input":{"@type":"PropertyValueSpecification","valueRequired":true,"valueName":"search_term_string"}}],"inLanguage":"es"},{"@type":"Organization","@id":"https:\/\/fitplace.fit\/jaen\/#organization","name":"Fitplace Jaen","url":"https:\/\/fitplace.fit\/jaen\/","logo":{"@type":"ImageObject","inLanguage":"es","@id":"https:\/\/fitplace.fit\/jaen\/#\/schema\/logo\/image\/","url":"https:\/\/fitplace.fit\/jaen\/wp-content\/uploads\/2025\/10\/cropped-gimnasios-fitplace.jpg","contentUrl":"https:\/\/fitplace.fit\/jaen\/wp-content\/uploads\/2025\/10\/cropped-gimnasios-fitplace.jpg","width":512,"height":512,"caption":"Fitplace Jaen"},"image":{"@id":"https:\/\/fitplace.fit\/jaen\/#\/schema\/logo\/image\/"}}]}},"_links":{"self":[{"href":"https:\/\/fitplace.fit\/jaen\/wp-json\/wp\/v2\/pages\/208690","targetHints":{"allow":["GET"]}}],"collection":[{"href":"https:\/\/fitplace.fit\/jaen\/wp-json\/wp\/v2\/pages"}],"about":[{"href":"https:\/\/fitplace.fit\/jaen\/wp-json\/wp\/v2\/types\/page"}],"author":[{"embeddable":true,"href":"https:\/\/fitplace.fit\/jaen\/wp-json\/wp\/v2\/users\/1"}],"replies":[{"embeddable":true,"href":"https:\/\/fitplace.fit\/jaen\/wp-json\/wp\/v2\/comments?post=208690"}],"version-history":[{"count":7,"href":"https:\/\/fitplace.fit\/jaen\/wp-json\/wp\/v2\/pages\/208690\/revisions"}],"predecessor-version":[{"id":221423,"href":"https:\/\/fitplace.fit\/jaen\/wp-json\/wp\/v2\/pages\/208690\/revisions\/221423"}],"wp:featuredmedia":[{"embeddable":true,"href":"https:\/\/fitplace.fit\/jaen\/wp-json\/wp\/v2\/media\/220777"}],"wp:attachment":[{"href":"https:\/\/fitplace.fit\/jaen\/wp-json\/wp\/v2\/media?parent=208690"}],"curies":[{"name":"wp","href":"https:\/\/api.w.org\/{rel}","templated":true}]}}