{"id":217625,"date":"2023-03-30T11:25:25","date_gmt":"2023-03-30T09:25:25","guid":{"rendered":"https:\/\/spartasportcenter.com\/santander\/?page_id=217625"},"modified":"2026-03-24T15:09:48","modified_gmt":"2026-03-24T14:09:48","slug":"cross-training","status":"publish","type":"page","link":"https:\/\/fitplace.fit\/eibar\/cross-training\/","title":{"rendered":"Cross Training Eibar"},"content":{"rendered":"<p>[et_pb_section fb_built=\u00bb1&#8243; custom_padding_last_edited=\u00bbon|phone\u00bb disabled_on=\u00bboff|off|off\u00bb _builder_version=\u00bb4.27.4&#8243; background_color=\u00bb#000000&#8243; background_enable_image=\u00bboff\u00bb custom_margin=\u00bb||||false|false\u00bb custom_padding=\u00bb80px|0px|0px|0px|false|false\u00bb custom_padding_tablet=\u00bb\u00bb custom_padding_phone=\u00bb30px||50px||false|false\u00bb global_colors_info=\u00bb{}\u00bb][et_pb_row column_structure=\u00bb1_3,2_3&#8243; custom_padding_last_edited=\u00bbon|desktop\u00bb _builder_version=\u00bb4.16&#8243; _module_preset=\u00bbdefault\u00bb custom_padding=\u00bb0px||||false|false\u00bb custom_padding_tablet=\u00bb\u00bb custom_padding_phone=\u00bb0px||||false|false\u00bb global_colors_info=\u00bb{}\u00bb][et_pb_column type=\u00bb1_3&#8243; _builder_version=\u00bb4.16&#8243; _module_preset=\u00bbdefault\u00bb global_colors_info=\u00bb{}\u00bb][et_pb_text _builder_version=\u00bb4.20.1&#8243; text_font=\u00bb||||||||\u00bb header_font=\u00bb||||||||\u00bb header_text_align=\u00bbcenter\u00bb header_2_font=\u00bb|300||on|||||\u00bb header_2_text_align=\u00bbright\u00bb header_2_font_size=\u00bb29px\u00bb custom_margin=\u00bb||0px||false|false\u00bb custom_padding=\u00bb|15%|0px||false|false\u00bb header_2_text_align_tablet=\u00bb\u00bb header_2_text_align_phone=\u00bbleft\u00bb header_2_text_align_last_edited=\u00bbon|phone\u00bb header_2_font_size_tablet=\u00bb51px\u00bb header_2_font_size_phone=\u00bb25px\u00bb header_2_font_size_last_edited=\u00bbon|phone\u00bb border_width_right=\u00bb2px\u00bb border_color_right=\u00bb#cccccc\u00bb border_width_right_tablet=\u00bb\u00bb border_width_right_phone=\u00bb0px\u00bb border_width_right_last_edited=\u00bbon|phone\u00bb locked=\u00bboff\u00bb global_colors_info=\u00bb{}\u00bb]<\/p>\n<h2>Clases de cross training en Eibar<\/h2>\n<p>[\/et_pb_text][\/et_pb_column][et_pb_column type=\u00bb2_3&#8243; _builder_version=\u00bb4.16&#8243; _module_preset=\u00bbdefault\u00bb global_colors_info=\u00bb{}\u00bb][et_pb_text _builder_version=\u00bb4.27.5&#8243; text_font=\u00bb|300|||||||\u00bb text_line_height=\u00bb1.1em\u00bb header_font=\u00bb|300|||||||\u00bb header_2_font=\u00bb|300||on|||||\u00bb header_2_text_color=\u00bb#cccccc\u00bb header_2_font_size=\u00bb36px\u00bb header_2_letter_spacing=\u00bb2px\u00bb background_layout=\u00bbdark\u00bb global_colors_info=\u00bb{}\u00bb]<\/p>\n<p><span style=\"font-weight: 400;\">En <\/span><strong>Fitplace Eibar<\/strong><span style=\"font-weight: 400;\">, el Cross Training es mucho m\u00e1s que una rutina de ejercicios: es un sistema de entrenamiento de alta intensidad que rompe con la monoton\u00eda. Este m\u00e9todo combina movimientos funcionales de diversas disciplinas para potenciar tu fuerza, resistencia y agilidad de manera simult\u00e1nea.<\/span><\/p>\n<p><span style=\"font-weight: 400;\">Cada sesi\u00f3n es una oportunidad para superar tus propios l\u00edmites. Bajo la supervisi\u00f3n de <\/span><strong>entrenadores titulados<\/strong><span style=\"font-weight: 400;\">, te guiaremos en cada levantamiento, salto o carrera, adaptando las cargas y la t\u00e9cnica a tu nivel actual. No importa si eres un atleta experimentado o si es tu primera vez en el \u00abbox\u00bb; en nuestro gimnasio encontrar\u00e1s un programa escalable que te garantiza un progreso constante.<\/span><\/p>\n<p><span style=\"font-weight: 400;\">Olv\u00eddate de las rutinas aburridas. Nuestro Cross Training es din\u00e1mico, variado y muy eficaz, alternando bloques de potencia, cardio y ejercicios gimn\u00e1sticos que mantienen tu metabolismo activo y tu motivaci\u00f3n intacta.<\/span><\/p>\n<p>[\/et_pb_text][\/et_pb_column][\/et_pb_row][et_pb_row column_structure=\u00bb1_3,2_3&#8243; custom_padding_last_edited=\u00bbon|phone\u00bb _builder_version=\u00bb4.16&#8243; _module_preset=\u00bbdefault\u00bb custom_margin=\u00bb||0px||false|false\u00bb custom_padding=\u00bb||||false|false\u00bb custom_padding_tablet=\u00bb\u00bb custom_padding_phone=\u00bb0px||0px||false|false\u00bb global_colors_info=\u00bb{}\u00bb][et_pb_column type=\u00bb1_3&#8243; _builder_version=\u00bb4.16&#8243; _module_preset=\u00bbdefault\u00bb global_colors_info=\u00bb{}\u00bb][et_pb_text _builder_version=\u00bb4.20.1&#8243; text_font=\u00bb||||||||\u00bb header_font=\u00bb||||||||\u00bb header_text_align=\u00bbcenter\u00bb header_2_font=\u00bb|300||on|||||\u00bb header_2_text_align=\u00bbright\u00bb header_2_font_size=\u00bb29px\u00bb custom_margin=\u00bb||0px||false|false\u00bb custom_padding=\u00bb|15%|0px||false|false\u00bb header_2_text_align_tablet=\u00bb\u00bb header_2_text_align_phone=\u00bbleft\u00bb header_2_text_align_last_edited=\u00bbon|phone\u00bb header_2_font_size_tablet=\u00bb51px\u00bb header_2_font_size_phone=\u00bb25px\u00bb header_2_font_size_last_edited=\u00bbon|phone\u00bb border_width_right=\u00bb2px\u00bb border_color_right=\u00bb#cccccc\u00bb border_width_right_tablet=\u00bb\u00bb border_width_right_phone=\u00bb0px\u00bb border_width_right_last_edited=\u00bbon|phone\u00bb locked=\u00bboff\u00bb global_colors_info=\u00bb{}\u00bb]<\/p>\n<h2>Beneficios del crosstraining en Eibar<\/h2>\n<p>[\/et_pb_text][\/et_pb_column][et_pb_column type=\u00bb2_3&#8243; _builder_version=\u00bb4.16&#8243; _module_preset=\u00bbdefault\u00bb global_colors_info=\u00bb{}\u00bb][et_pb_text _builder_version=\u00bb4.27.5&#8243; text_font=\u00bb|300|||||||\u00bb text_line_height=\u00bb1.1em\u00bb header_font=\u00bb|300|||||||\u00bb header_2_font=\u00bb|300||on|||||\u00bb header_2_text_color=\u00bb#cccccc\u00bb header_2_font_size=\u00bb36px\u00bb header_2_letter_spacing=\u00bb2px\u00bb background_layout=\u00bbdark\u00bb global_colors_info=\u00bb{}\u00bb]<\/p>\n<p><span style=\"font-weight: 400;\">Integrar esta disciplina en tu estilo de vida conlleva una transformaci\u00f3n f\u00edsica y mental profunda. Algunos de los beneficios m\u00e1s destacados que obtendr\u00e1s son:<\/span><\/p>\n<ul>\n<li style=\"font-weight: 400;\" aria-level=\"1\"><b>Potencia y tono muscular:<\/b><span style=\"font-weight: 400;\"> Un trabajo integral de todo el cuerpo que desarrolla una musculatura funcional y equilibrada.<\/span><\/li>\n<li style=\"font-weight: 400;\" aria-level=\"1\"><b>Capacidad cardiovascular extrema:<\/b><span style=\"font-weight: 400;\"> Mejora tu resistencia aer\u00f3bica y anaer\u00f3bica mediante entrenamientos de gran demanda metab\u00f3lica.<\/span><\/li>\n<li style=\"font-weight: 400;\" aria-level=\"1\"><b>Fortaleza mental:<\/b><span style=\"font-weight: 400;\"> La superaci\u00f3n de cada \u00abWOD\u00bb (entrenamiento del d\u00eda) construye una mentalidad resiliente y enfocada en objetivos.<\/span><\/li>\n<li style=\"font-weight: 400;\" aria-level=\"1\"><b>Comunidad y apoyo:<\/b><span style=\"font-weight: 400;\"> El esp\u00edritu de equipo es clave; entrenar\u00e1s rodeado de personas que te impulsar\u00e1n a dar el 100% en cada sesi\u00f3n.<\/span><\/li>\n<\/ul>\n<p><span style=\"font-weight: 400;\">Adem\u00e1s, la transferencia de este entrenamiento a tu vida diaria es inmediata: te sentir\u00e1s con m\u00e1s energ\u00eda, mayor movilidad y una actitud m\u00e1s positiva ante cualquier reto.<\/span><\/p>\n<p>[\/et_pb_text][\/et_pb_column][\/et_pb_row][\/et_pb_section][et_pb_section fb_built=\u00bb1&#8243; custom_padding_last_edited=\u00bbon|phone\u00bb _builder_version=\u00bb4.27.4&#8243; _module_preset=\u00bbdefault\u00bb background_color=\u00bb#000000&#8243; custom_padding=\u00bb0px||50px||false|false\u00bb custom_padding_tablet=\u00bb\u00bb custom_padding_phone=\u00bb||30px||false|false\u00bb global_colors_info=\u00bb{}\u00bb][et_pb_row column_structure=\u00bb1_3,2_3&#8243; custom_padding_last_edited=\u00bbon|phone\u00bb _builder_version=\u00bb4.16&#8243; _module_preset=\u00bbdefault\u00bb custom_padding_tablet=\u00bb\u00bb custom_padding_phone=\u00bb0px||0px||false|false\u00bb global_colors_info=\u00bb{}\u00bb][et_pb_column type=\u00bb1_3&#8243; _builder_version=\u00bb4.16&#8243; _module_preset=\u00bbdefault\u00bb global_colors_info=\u00bb{}\u00bb][et_pb_text _builder_version=\u00bb4.20.1&#8243; text_font=\u00bb||||||||\u00bb header_font=\u00bb||||||||\u00bb header_text_align=\u00bbcenter\u00bb header_2_font=\u00bb|300||on|||||\u00bb header_2_text_align=\u00bbright\u00bb header_2_font_size=\u00bb29px\u00bb custom_margin=\u00bb||0px||false|false\u00bb custom_padding=\u00bb|15%|0px||false|false\u00bb header_2_text_align_tablet=\u00bb\u00bb header_2_text_align_phone=\u00bbleft\u00bb header_2_text_align_last_edited=\u00bbon|phone\u00bb header_2_font_size_tablet=\u00bb51px\u00bb header_2_font_size_phone=\u00bb25px\u00bb header_2_font_size_last_edited=\u00bbon|phone\u00bb border_width_right=\u00bb2px\u00bb border_color_right=\u00bb#cccccc\u00bb border_width_right_tablet=\u00bb\u00bb border_width_right_phone=\u00bb0px\u00bb border_width_right_last_edited=\u00bbon|phone\u00bb locked=\u00bboff\u00bb global_colors_info=\u00bb{}\u00bb]<\/p>\n<h2>Por qu\u00e9 cross training en Fitplace Eibar<\/h2>\n<p>[\/et_pb_text][\/et_pb_column][et_pb_column type=\u00bb2_3&#8243; _builder_version=\u00bb4.16&#8243; _module_preset=\u00bbdefault\u00bb global_colors_info=\u00bb{}\u00bb][et_pb_text _builder_version=\u00bb4.27.5&#8243; text_font=\u00bb|300|||||||\u00bb text_line_height=\u00bb1.1em\u00bb header_font=\u00bb|300|||||||\u00bb header_2_font=\u00bb|300||on|||||\u00bb header_2_text_color=\u00bb#cccccc\u00bb header_2_font_size=\u00bb36px\u00bb header_2_letter_spacing=\u00bb2px\u00bb background_layout=\u00bbdark\u00bb global_colors_info=\u00bb{}\u00bb]<\/p>\n<p><span style=\"font-weight: 400;\">En <\/span><strong>Fitplace Eibar<\/strong><span style=\"font-weight: 400;\">, hemos creado el ecosistema perfecto para que tu entrenamiento sea seguro, t\u00e9cnico y productivo. Lo que nos distingue es:<\/span><\/p>\n<ul>\n<li style=\"font-weight: 400;\" aria-level=\"1\"><b>Coachs expertos:<\/b><span style=\"font-weight: 400;\"> Profesionales con amplia trayectoria que priorizan la t\u00e9cnica y la seguridad para evitar lesiones.<\/span><\/li>\n<li style=\"font-weight: 400;\" aria-level=\"1\"><b>Programaci\u00f3n escalable:<\/b><span style=\"font-weight: 400;\"> Dise\u00f1amos sesiones que cualquier persona puede realizar, ajustando la intensidad seg\u00fan su capacidad f\u00edsica.<\/span><\/li>\n<li style=\"font-weight: 400;\" aria-level=\"1\"><b>Enfoque 360\u00b0:<\/b><span style=\"font-weight: 400;\"> Entendemos el fitness de forma global, por lo que puedes complementar tu entrenamiento con nuestra asesor\u00eda nutricional.<\/span><\/li>\n<li style=\"font-weight: 400;\" aria-level=\"1\"><b>Instalaciones y comunidad:<\/b><span style=\"font-weight: 400;\"> Un entorno dise\u00f1ado para el alto rendimiento con un ambiente inclusivo donde todos sumamos.<\/span><\/li>\n<\/ul>\n<p><span style=\"font-weight: 400;\">Si buscas un cuerpo fuerte, una mente imparable y una rutina que te apasione, nuestras clases de Cross Training en Eibar son tu destino. Ven a <\/span><strong>Fitplace<\/strong><span style=\"font-weight: 400;\"> y descubre de lo que eres capaz cuando entrenas con el equipo adecuado.<\/span><\/p>\n<p>[\/et_pb_text][\/et_pb_column][\/et_pb_row][\/et_pb_section]<\/p>\n","protected":false},"excerpt":{"rendered":"<p>Clases de cross training en EibarEn Fitplace Eibar, el Cross Training es mucho m\u00e1s que una rutina de ejercicios: es un sistema de entrenamiento de alta intensidad que rompe con la monoton\u00eda. Este m\u00e9todo combina movimientos funcionales de diversas disciplinas para potenciar tu fuerza, resistencia y agilidad de manera simult\u00e1nea. Cada sesi\u00f3n es una oportunidad [&hellip;]<\/p>\n","protected":false},"author":1,"featured_media":220898,"parent":0,"menu_order":0,"comment_status":"closed","ping_status":"closed","template":"","meta":{"_et_pb_use_builder":"on","_et_pb_old_content":"","_et_gb_content_width":"","footnotes":""},"class_list":["post-217625","page","type-page","status-publish","has-post-thumbnail","hentry"],"yoast_head":"<!-- This site is optimized with the Yoast SEO plugin v27.4 - https:\/\/yoast.com\/product\/yoast-seo-wordpress\/ -->\n<title>Cross training en Eibar | Fitplace<\/title>\n<meta name=\"description\" content=\"Inscr\u00edbete y disfruta de nuestras clases de Cross Training en Eibar, contamos con un equipo de Instructores dedicados a tu bienestar.\" \/>\n<meta name=\"robots\" content=\"index, follow, max-snippet:-1, max-image-preview:large, max-video-preview:-1\" \/>\n<link rel=\"canonical\" href=\"https:\/\/fitplace.fit\/eibar\/cross-training\/\" \/>\n<meta property=\"og:locale\" content=\"es_ES\" \/>\n<meta property=\"og:type\" content=\"article\" \/>\n<meta property=\"og:title\" content=\"Cross training en Eibar | Fitplace\" \/>\n<meta property=\"og:description\" content=\"Inscr\u00edbete y disfruta de nuestras clases de Cross Training en Eibar, contamos con un equipo de Instructores dedicados a tu bienestar.\" \/>\n<meta property=\"og:url\" content=\"https:\/\/fitplace.fit\/eibar\/cross-training\/\" \/>\n<meta property=\"og:site_name\" content=\"Fitplace Eibar\" \/>\n<meta property=\"article:modified_time\" content=\"2026-03-24T14:09:48+00:00\" \/>\n<meta property=\"og:image\" content=\"https:\/\/fitplace.fit\/eibar\/wp-content\/uploads\/2026\/03\/crosstraining-en-fitplace.jpg\" \/>\n\t<meta property=\"og:image:width\" content=\"2000\" \/>\n\t<meta property=\"og:image:height\" content=\"1333\" \/>\n\t<meta property=\"og:image:type\" content=\"image\/jpeg\" \/>\n<meta name=\"twitter:card\" content=\"summary_large_image\" \/>\n<meta name=\"twitter:label1\" content=\"Tiempo de lectura\" \/>\n\t<meta name=\"twitter:data1\" content=\"3 minutos\" \/>\n<script type=\"application\/ld+json\" class=\"yoast-schema-graph\">{\"@context\":\"https:\\\/\\\/schema.org\",\"@graph\":[{\"@type\":\"WebPage\",\"@id\":\"https:\\\/\\\/fitplace.fit\\\/eibar\\\/cross-training\\\/\",\"url\":\"https:\\\/\\\/fitplace.fit\\\/eibar\\\/cross-training\\\/\",\"name\":\"Cross training en Eibar | Fitplace\",\"isPartOf\":{\"@id\":\"https:\\\/\\\/fitplace.fit\\\/eibar\\\/#website\"},\"primaryImageOfPage\":{\"@id\":\"https:\\\/\\\/fitplace.fit\\\/eibar\\\/cross-training\\\/#primaryimage\"},\"image\":{\"@id\":\"https:\\\/\\\/fitplace.fit\\\/eibar\\\/cross-training\\\/#primaryimage\"},\"thumbnailUrl\":\"https:\\\/\\\/fitplace.fit\\\/eibar\\\/wp-content\\\/uploads\\\/2026\\\/03\\\/crosstraining-en-fitplace.jpg\",\"datePublished\":\"2023-03-30T09:25:25+00:00\",\"dateModified\":\"2026-03-24T14:09:48+00:00\",\"description\":\"Inscr\u00edbete y disfruta de nuestras clases de Cross Training en Eibar, contamos con un equipo de Instructores dedicados a tu bienestar.\",\"breadcrumb\":{\"@id\":\"https:\\\/\\\/fitplace.fit\\\/eibar\\\/cross-training\\\/#breadcrumb\"},\"inLanguage\":\"es\",\"potentialAction\":[{\"@type\":\"ReadAction\",\"target\":[\"https:\\\/\\\/fitplace.fit\\\/eibar\\\/cross-training\\\/\"]}]},{\"@type\":\"ImageObject\",\"inLanguage\":\"es\",\"@id\":\"https:\\\/\\\/fitplace.fit\\\/eibar\\\/cross-training\\\/#primaryimage\",\"url\":\"https:\\\/\\\/fitplace.fit\\\/eibar\\\/wp-content\\\/uploads\\\/2026\\\/03\\\/crosstraining-en-fitplace.jpg\",\"contentUrl\":\"https:\\\/\\\/fitplace.fit\\\/eibar\\\/wp-content\\\/uploads\\\/2026\\\/03\\\/crosstraining-en-fitplace.jpg\",\"width\":2000,\"height\":1333,\"caption\":\"crosstraining en fitplace\"},{\"@type\":\"BreadcrumbList\",\"@id\":\"https:\\\/\\\/fitplace.fit\\\/eibar\\\/cross-training\\\/#breadcrumb\",\"itemListElement\":[{\"@type\":\"ListItem\",\"position\":1,\"name\":\"Portada\",\"item\":\"https:\\\/\\\/fitplace.fit\\\/eibar\\\/\"},{\"@type\":\"ListItem\",\"position\":2,\"name\":\"Cross Training Eibar\"}]},{\"@type\":\"WebSite\",\"@id\":\"https:\\\/\\\/fitplace.fit\\\/eibar\\\/#website\",\"url\":\"https:\\\/\\\/fitplace.fit\\\/eibar\\\/\",\"name\":\"Fitplace Eibar\",\"description\":\"Gimnasios en Eibar\",\"potentialAction\":[{\"@type\":\"SearchAction\",\"target\":{\"@type\":\"EntryPoint\",\"urlTemplate\":\"https:\\\/\\\/fitplace.fit\\\/eibar\\\/?s={search_term_string}\"},\"query-input\":{\"@type\":\"PropertyValueSpecification\",\"valueRequired\":true,\"valueName\":\"search_term_string\"}}],\"inLanguage\":\"es\"}]}<\/script>\n<!-- \/ Yoast SEO plugin. -->","yoast_head_json":{"title":"Cross training en Eibar | Fitplace","description":"Inscr\u00edbete y disfruta de nuestras clases de Cross Training en Eibar, contamos con un equipo de Instructores dedicados a tu bienestar.","robots":{"index":"index","follow":"follow","max-snippet":"max-snippet:-1","max-image-preview":"max-image-preview:large","max-video-preview":"max-video-preview:-1"},"canonical":"https:\/\/fitplace.fit\/eibar\/cross-training\/","og_locale":"es_ES","og_type":"article","og_title":"Cross training en Eibar | Fitplace","og_description":"Inscr\u00edbete y disfruta de nuestras clases de Cross Training en Eibar, contamos con un equipo de Instructores dedicados a tu bienestar.","og_url":"https:\/\/fitplace.fit\/eibar\/cross-training\/","og_site_name":"Fitplace Eibar","article_modified_time":"2026-03-24T14:09:48+00:00","og_image":[{"width":2000,"height":1333,"url":"https:\/\/fitplace.fit\/eibar\/wp-content\/uploads\/2026\/03\/crosstraining-en-fitplace.jpg","type":"image\/jpeg"}],"twitter_card":"summary_large_image","twitter_misc":{"Tiempo de lectura":"3 minutos"},"schema":{"@context":"https:\/\/schema.org","@graph":[{"@type":"WebPage","@id":"https:\/\/fitplace.fit\/eibar\/cross-training\/","url":"https:\/\/fitplace.fit\/eibar\/cross-training\/","name":"Cross training en Eibar | Fitplace","isPartOf":{"@id":"https:\/\/fitplace.fit\/eibar\/#website"},"primaryImageOfPage":{"@id":"https:\/\/fitplace.fit\/eibar\/cross-training\/#primaryimage"},"image":{"@id":"https:\/\/fitplace.fit\/eibar\/cross-training\/#primaryimage"},"thumbnailUrl":"https:\/\/fitplace.fit\/eibar\/wp-content\/uploads\/2026\/03\/crosstraining-en-fitplace.jpg","datePublished":"2023-03-30T09:25:25+00:00","dateModified":"2026-03-24T14:09:48+00:00","description":"Inscr\u00edbete y disfruta de nuestras clases de Cross Training en Eibar, contamos con un equipo de Instructores dedicados a tu bienestar.","breadcrumb":{"@id":"https:\/\/fitplace.fit\/eibar\/cross-training\/#breadcrumb"},"inLanguage":"es","potentialAction":[{"@type":"ReadAction","target":["https:\/\/fitplace.fit\/eibar\/cross-training\/"]}]},{"@type":"ImageObject","inLanguage":"es","@id":"https:\/\/fitplace.fit\/eibar\/cross-training\/#primaryimage","url":"https:\/\/fitplace.fit\/eibar\/wp-content\/uploads\/2026\/03\/crosstraining-en-fitplace.jpg","contentUrl":"https:\/\/fitplace.fit\/eibar\/wp-content\/uploads\/2026\/03\/crosstraining-en-fitplace.jpg","width":2000,"height":1333,"caption":"crosstraining en fitplace"},{"@type":"BreadcrumbList","@id":"https:\/\/fitplace.fit\/eibar\/cross-training\/#breadcrumb","itemListElement":[{"@type":"ListItem","position":1,"name":"Portada","item":"https:\/\/fitplace.fit\/eibar\/"},{"@type":"ListItem","position":2,"name":"Cross Training Eibar"}]},{"@type":"WebSite","@id":"https:\/\/fitplace.fit\/eibar\/#website","url":"https:\/\/fitplace.fit\/eibar\/","name":"Fitplace Eibar","description":"Gimnasios en Eibar","potentialAction":[{"@type":"SearchAction","target":{"@type":"EntryPoint","urlTemplate":"https:\/\/fitplace.fit\/eibar\/?s={search_term_string}"},"query-input":{"@type":"PropertyValueSpecification","valueRequired":true,"valueName":"search_term_string"}}],"inLanguage":"es"}]}},"_links":{"self":[{"href":"https:\/\/fitplace.fit\/eibar\/wp-json\/wp\/v2\/pages\/217625","targetHints":{"allow":["GET"]}}],"collection":[{"href":"https:\/\/fitplace.fit\/eibar\/wp-json\/wp\/v2\/pages"}],"about":[{"href":"https:\/\/fitplace.fit\/eibar\/wp-json\/wp\/v2\/types\/page"}],"author":[{"embeddable":true,"href":"https:\/\/fitplace.fit\/eibar\/wp-json\/wp\/v2\/users\/1"}],"replies":[{"embeddable":true,"href":"https:\/\/fitplace.fit\/eibar\/wp-json\/wp\/v2\/comments?post=217625"}],"version-history":[{"count":9,"href":"https:\/\/fitplace.fit\/eibar\/wp-json\/wp\/v2\/pages\/217625\/revisions"}],"predecessor-version":[{"id":220940,"href":"https:\/\/fitplace.fit\/eibar\/wp-json\/wp\/v2\/pages\/217625\/revisions\/220940"}],"wp:featuredmedia":[{"embeddable":true,"href":"https:\/\/fitplace.fit\/eibar\/wp-json\/wp\/v2\/media\/220898"}],"wp:attachment":[{"href":"https:\/\/fitplace.fit\/eibar\/wp-json\/wp\/v2\/media?parent=217625"}],"curies":[{"name":"wp","href":"https:\/\/api.w.org\/{rel}","templated":true}]}}