{"id":217614,"date":"2023-03-30T11:12:49","date_gmt":"2023-03-30T09:12:49","guid":{"rendered":"https:\/\/spartasportcenter.com\/santander\/?page_id=217614"},"modified":"2026-03-26T17:45:10","modified_gmt":"2026-03-26T16:45:10","slug":"body-balance","status":"publish","type":"page","link":"https:\/\/fitplace.fit\/eibar\/body-balance\/","title":{"rendered":"Body Balance Eibar"},"content":{"rendered":"<p>[et_pb_section fb_built=\u00bb1&#8243; custom_padding_last_edited=\u00bbon|phone\u00bb disabled_on=\u00bboff|off|off\u00bb _builder_version=\u00bb4.27.4&#8243; background_color=\u00bb#000000&#8243; background_enable_image=\u00bboff\u00bb custom_margin=\u00bb||||false|false\u00bb custom_padding=\u00bb80px|0px|0px|0px|false|false\u00bb custom_padding_tablet=\u00bb\u00bb custom_padding_phone=\u00bb30px||50px||false|false\u00bb global_colors_info=\u00bb{}\u00bb][et_pb_row column_structure=\u00bb1_3,2_3&#8243; custom_padding_last_edited=\u00bbon|desktop\u00bb _builder_version=\u00bb4.16&#8243; _module_preset=\u00bbdefault\u00bb custom_padding=\u00bb0px||||false|false\u00bb custom_padding_tablet=\u00bb\u00bb custom_padding_phone=\u00bb0px||||false|false\u00bb global_colors_info=\u00bb{}\u00bb][et_pb_column type=\u00bb1_3&#8243; _builder_version=\u00bb4.16&#8243; _module_preset=\u00bbdefault\u00bb global_colors_info=\u00bb{}\u00bb][et_pb_text _builder_version=\u00bb4.20.1&#8243; text_font=\u00bb||||||||\u00bb header_font=\u00bb||||||||\u00bb header_text_align=\u00bbcenter\u00bb header_2_font=\u00bb|300||on|||||\u00bb header_2_text_align=\u00bbright\u00bb header_2_font_size=\u00bb29px\u00bb custom_margin=\u00bb||0px||false|false\u00bb custom_padding=\u00bb|15%|0px||false|false\u00bb header_2_text_align_tablet=\u00bb\u00bb header_2_text_align_phone=\u00bbleft\u00bb header_2_text_align_last_edited=\u00bbon|phone\u00bb header_2_font_size_tablet=\u00bb51px\u00bb header_2_font_size_phone=\u00bb25px\u00bb header_2_font_size_last_edited=\u00bbon|phone\u00bb border_width_right=\u00bb2px\u00bb border_color_right=\u00bb#cccccc\u00bb border_width_right_tablet=\u00bb\u00bb border_width_right_phone=\u00bb0px\u00bb border_width_right_last_edited=\u00bbon|phone\u00bb locked=\u00bboff\u00bb global_colors_info=\u00bb{}\u00bb]<\/p>\n<h2>Clases de Body Balance en Eibar<\/h2>\n<p>[\/et_pb_text][\/et_pb_column][et_pb_column type=\u00bb2_3&#8243; _builder_version=\u00bb4.16&#8243; _module_preset=\u00bbdefault\u00bb global_colors_info=\u00bb{}\u00bb][et_pb_text _builder_version=\u00bb4.27.5&#8243; text_font=\u00bb|300|||||||\u00bb text_line_height=\u00bb1.1em\u00bb header_font=\u00bb|300|||||||\u00bb header_2_font=\u00bb|300||on|||||\u00bb header_2_text_color=\u00bb#cccccc\u00bb header_2_font_size=\u00bb36px\u00bb header_2_letter_spacing=\u00bb2px\u00bb background_layout=\u00bbdark\u00bb global_colors_info=\u00bb{}\u00bb]<\/p>\n<p><span style=\"font-weight: 400;\">En <\/span><strong>Fitplace Eibar<\/strong><span style=\"font-weight: 400;\">, promovemos una visi\u00f3n del fitness donde la <\/span><strong>armon\u00eda integral<\/strong><span style=\"font-weight: 400;\"> es el objetivo principal. Nuestras sesiones de <\/span><strong>Body Balance<\/strong><span style=\"font-weight: 400;\"> representan la fusi\u00f3n perfecta entre disciplinas orientales y occidentales, combinando la estructura del <\/span><strong>Yoga<\/strong><span style=\"font-weight: 400;\">, la fluidez del <\/span><strong>Tai Chi<\/strong><span style=\"font-weight: 400;\"> y la precisi\u00f3n del <\/span><strong>Pilates<\/strong><span style=\"font-weight: 400;\"> para esculpir un cuerpo fuerte y una mente en calma.<\/span><\/p>\n<p><span style=\"font-weight: 400;\">Cada clase es un viaje guiado por <\/span><strong>instructores titulados<\/strong><span style=\"font-weight: 400;\"> que te ense\u00f1ar\u00e1n a moverte con elegancia y control. El enfoque se centra en la <\/span><strong>fluidez de los movimientos<\/strong><span style=\"font-weight: 400;\">, la correcci\u00f3n de la alineaci\u00f3n vertebral y la liberaci\u00f3n consciente del estr\u00e9s cotidiano. Gracias a su naturaleza inclusiva, nuestras secuencias son <\/span><strong>completamente adaptables<\/strong><span style=\"font-weight: 400;\">, permitiendo que cualquier persona, sin importar su condici\u00f3n f\u00edsica previa, pueda disfrutar de la experiencia.<\/span><\/p>\n<p><span style=\"font-weight: 400;\">A medida que avanzas en tu pr\u00e1ctica, percibir\u00e1s c\u00f3mo tu musculatura se vuelve m\u00e1s <\/span><strong>el\u00e1stica y resistente<\/strong><span style=\"font-weight: 400;\">, mientras tu capacidad de concentraci\u00f3n se agudiza. En nuestro gimnasio, el <\/span><strong>Body Balance<\/strong><span style=\"font-weight: 400;\"> no es solo un ejercicio; es un refugio diario dise\u00f1ado para que logres <\/span><strong>reconectar contigo mismo<\/strong><span style=\"font-weight: 400;\"> y restaures tu equilibrio vital.<\/span><\/p>\n<p>[\/et_pb_text][\/et_pb_column][\/et_pb_row][et_pb_row column_structure=\u00bb1_3,2_3&#8243; custom_padding_last_edited=\u00bbon|phone\u00bb _builder_version=\u00bb4.16&#8243; _module_preset=\u00bbdefault\u00bb custom_margin=\u00bb||0px||false|false\u00bb custom_padding=\u00bb||||false|false\u00bb custom_padding_tablet=\u00bb\u00bb custom_padding_phone=\u00bb0px||0px||false|false\u00bb global_colors_info=\u00bb{}\u00bb][et_pb_column type=\u00bb1_3&#8243; _builder_version=\u00bb4.16&#8243; _module_preset=\u00bbdefault\u00bb global_colors_info=\u00bb{}\u00bb][et_pb_text _builder_version=\u00bb4.20.1&#8243; text_font=\u00bb||||||||\u00bb header_font=\u00bb||||||||\u00bb header_text_align=\u00bbcenter\u00bb header_2_font=\u00bb|300||on|||||\u00bb header_2_text_align=\u00bbright\u00bb header_2_font_size=\u00bb29px\u00bb custom_margin=\u00bb||0px||false|false\u00bb custom_padding=\u00bb|15%|0px||false|false\u00bb header_2_text_align_tablet=\u00bb\u00bb header_2_text_align_phone=\u00bbleft\u00bb header_2_text_align_last_edited=\u00bbon|phone\u00bb header_2_font_size_tablet=\u00bb51px\u00bb header_2_font_size_phone=\u00bb25px\u00bb header_2_font_size_last_edited=\u00bbon|phone\u00bb border_width_right=\u00bb2px\u00bb border_color_right=\u00bb#cccccc\u00bb border_width_right_tablet=\u00bb\u00bb border_width_right_phone=\u00bb0px\u00bb border_width_right_last_edited=\u00bbon|phone\u00bb locked=\u00bboff\u00bb global_colors_info=\u00bb{}\u00bb]<\/p>\n<h2>Beneficios del body balance en Eibar<\/h2>\n<p>[\/et_pb_text][\/et_pb_column][et_pb_column type=\u00bb2_3&#8243; _builder_version=\u00bb4.16&#8243; _module_preset=\u00bbdefault\u00bb global_colors_info=\u00bb{}\u00bb][et_pb_text _builder_version=\u00bb4.27.5&#8243; text_font=\u00bb|300|||||||\u00bb text_line_height=\u00bb1.1em\u00bb header_font=\u00bb|300|||||||\u00bb header_2_font=\u00bb|300||on|||||\u00bb header_2_text_color=\u00bb#cccccc\u00bb header_2_font_size=\u00bb36px\u00bb header_2_letter_spacing=\u00bb2px\u00bb background_layout=\u00bbdark\u00bb global_colors_info=\u00bb{}\u00bb]<\/p>\n<p><span style=\"font-weight: 400;\">Asistir regularmente a nuestras clases en Eibar te proporcionar\u00e1 una serie de ventajas que transformar\u00e1n tu calidad de vida:<\/span><\/p>\n<ul>\n<li style=\"font-weight: 400;\" aria-level=\"1\"><strong>Optimizaci\u00f3n postural:<\/strong><span style=\"font-weight: 400;\"> Trabajamos la musculatura profunda para erradicar vicios posturales y aliviar los <\/span><strong>dolores de espalda.<\/strong><\/li>\n<li style=\"font-weight: 400;\" aria-level=\"1\"><strong>Elasticidad y tono:<\/strong><span style=\"font-weight: 400;\"> Potenciamos el rango de movimiento de tus articulaciones y la <\/span><strong>firmeza muscular<\/strong><span style=\"font-weight: 400;\"> de forma equilibrada.<\/span><\/li>\n<li style=\"font-weight: 400;\" aria-level=\"1\"><strong>Control del cortisol:<\/strong><span style=\"font-weight: 400;\"> Reducimos dr\u00e1sticamente los niveles de estr\u00e9s, fomentando una sensaci\u00f3n de <\/span><strong>paz y estabilidad mental.<\/strong><\/li>\n<li style=\"font-weight: 400;\" aria-level=\"1\"><strong>Conciencia propioceptiva:<\/strong><span style=\"font-weight: 400;\"> Desarrollamos tu equilibrio, coordinaci\u00f3n y la capacidad de escuchar las necesidades de tu propio cuerpo.<\/span><\/li>\n<li style=\"font-weight: 400;\" aria-level=\"1\"><strong>Descanso reparador:<\/strong><span style=\"font-weight: 400;\"> La relajaci\u00f3n final de cada sesi\u00f3n mejora la <\/span><strong>calidad del sue\u00f1o<\/strong><span style=\"font-weight: 400;\"> y tu energ\u00eda durante el d\u00eda.<\/span><\/li>\n<\/ul>\n<p><span style=\"font-weight: 400;\">Entendemos esta pr\u00e1ctica como un b\u00e1lsamo para el <\/span><strong>bienestar emocional<\/strong><span style=\"font-weight: 400;\">. Es el momento perfecto para practicar la respiraci\u00f3n consciente y recuperar esa <\/span><strong>armon\u00eda interior<\/strong><span style=\"font-weight: 400;\"> que a menudo se ve afectada por las exigencias del entorno.<\/span><\/p>\n<p>[\/et_pb_text][\/et_pb_column][\/et_pb_row][\/et_pb_section][et_pb_section fb_built=\u00bb1&#8243; custom_padding_last_edited=\u00bbon|phone\u00bb _builder_version=\u00bb4.27.4&#8243; _module_preset=\u00bbdefault\u00bb background_color=\u00bb#000000&#8243; custom_padding=\u00bb0px||50px||false|false\u00bb custom_padding_tablet=\u00bb\u00bb custom_padding_phone=\u00bb||30px||false|false\u00bb global_colors_info=\u00bb{}\u00bb][et_pb_row column_structure=\u00bb1_3,2_3&#8243; custom_padding_last_edited=\u00bbon|phone\u00bb _builder_version=\u00bb4.16&#8243; _module_preset=\u00bbdefault\u00bb custom_padding_tablet=\u00bb\u00bb custom_padding_phone=\u00bb0px||0px||false|false\u00bb global_colors_info=\u00bb{}\u00bb][et_pb_column type=\u00bb1_3&#8243; _builder_version=\u00bb4.16&#8243; _module_preset=\u00bbdefault\u00bb global_colors_info=\u00bb{}\u00bb][et_pb_text _builder_version=\u00bb4.20.1&#8243; text_font=\u00bb||||||||\u00bb header_font=\u00bb||||||||\u00bb header_text_align=\u00bbcenter\u00bb header_2_font=\u00bb|300||on|||||\u00bb header_2_text_align=\u00bbright\u00bb header_2_font_size=\u00bb29px\u00bb custom_margin=\u00bb||0px||false|false\u00bb custom_padding=\u00bb|15%|0px||false|false\u00bb header_2_text_align_tablet=\u00bb\u00bb header_2_text_align_phone=\u00bbleft\u00bb header_2_text_align_last_edited=\u00bbon|phone\u00bb header_2_font_size_tablet=\u00bb51px\u00bb header_2_font_size_phone=\u00bb25px\u00bb header_2_font_size_last_edited=\u00bbon|phone\u00bb border_width_right=\u00bb2px\u00bb border_color_right=\u00bb#cccccc\u00bb border_width_right_tablet=\u00bb\u00bb border_width_right_phone=\u00bb0px\u00bb border_width_right_last_edited=\u00bbon|phone\u00bb locked=\u00bboff\u00bb global_colors_info=\u00bb{}\u00bb]<\/p>\n<h2>Por qu\u00e9 body balance en Fitplace Eibar<\/h2>\n<p>[\/et_pb_text][\/et_pb_column][et_pb_column type=\u00bb2_3&#8243; _builder_version=\u00bb4.16&#8243; _module_preset=\u00bbdefault\u00bb global_colors_info=\u00bb{}\u00bb][et_pb_text _builder_version=\u00bb4.27.5&#8243; text_font=\u00bb|300|||||||\u00bb text_line_height=\u00bb1.1em\u00bb header_font=\u00bb|300|||||||\u00bb header_2_font=\u00bb|300||on|||||\u00bb header_2_text_color=\u00bb#cccccc\u00bb header_2_font_size=\u00bb36px\u00bb header_2_letter_spacing=\u00bb2px\u00bb background_layout=\u00bbdark\u00bb global_colors_info=\u00bb{}\u00bb]<\/p>\n<p><span style=\"font-weight: 400;\">En <\/span><strong>Fitplace Eibar<\/strong><span style=\"font-weight: 400;\">, hemos dise\u00f1ado el ecosistema ideal para que te sumerjas en esta disciplina con total comodidad. Elegirnos te garantiza:<\/span><\/p>\n<ul>\n<li style=\"font-weight: 400;\" aria-level=\"1\"><strong>Espacios de vanguardia:<\/strong><span style=\"font-weight: 400;\"> Salas con una <\/span><strong>climatizaci\u00f3n y ac\u00fastica<\/strong><span style=\"font-weight: 400;\"> \u00f3ptimas para facilitar la introspecci\u00f3n y el confort f\u00edsico.<\/span><\/li>\n<li style=\"font-weight: 400;\" aria-level=\"1\"><strong>Acompa\u00f1amiento experto:<\/strong><span style=\"font-weight: 400;\"> Un equipo humano que prioriza tu <\/span><strong>seguridad y evoluci\u00f3n<\/strong><span style=\"font-weight: 400;\">, corrigiendo cada asana para maximizar los beneficios.<\/span><\/li>\n<li style=\"font-weight: 400;\" aria-level=\"1\"><strong>Accesibilidad total<\/strong><b>:<\/b><span style=\"font-weight: 400;\"> Una propuesta abierta a todas las edades, con <\/span><strong>horarios diversificados<\/strong><span style=\"font-weight: 400;\"> que facilitan la conciliaci\u00f3n con tu vida personal y laboral.<\/span><\/li>\n<li style=\"font-weight: 400;\" aria-level=\"1\"><strong>Experiencia renovadora:<\/strong><span style=\"font-weight: 400;\"> Nos enfocamos en que salgas de cada sesi\u00f3n sinti\u00e9ndote <\/span><strong>revitalizado, ligero y motivado.<\/strong><\/li>\n<\/ul>\n<p><span style=\"font-weight: 400;\">Te invitamos a descubrir c\u00f3mo la suavidad del movimiento puede generar una fuerza asombrosa. Ven a <\/span><strong>Fitplace Eibar<\/strong><span style=\"font-weight: 400;\"> y dale a tu cuerpo el equilibrio que se merece.<\/span><\/p>\n<p>[\/et_pb_text][\/et_pb_column][\/et_pb_row][\/et_pb_section]<\/p>\n","protected":false},"excerpt":{"rendered":"<p>Clases de Body Balance en EibarEn Fitplace Eibar, promovemos una visi\u00f3n del fitness donde la armon\u00eda integral es el objetivo principal. Nuestras sesiones de Body Balance representan la fusi\u00f3n perfecta entre disciplinas orientales y occidentales, combinando la estructura del Yoga, la fluidez del Tai Chi y la precisi\u00f3n del Pilates para esculpir un cuerpo fuerte [&hellip;]<\/p>\n","protected":false},"author":1,"featured_media":221123,"parent":0,"menu_order":0,"comment_status":"closed","ping_status":"closed","template":"","meta":{"_et_pb_use_builder":"on","_et_pb_old_content":"","_et_gb_content_width":"","footnotes":""},"class_list":["post-217614","page","type-page","status-publish","has-post-thumbnail","hentry"],"yoast_head":"<!-- This site is optimized with the Yoast SEO plugin v27.4 - https:\/\/yoast.com\/product\/yoast-seo-wordpress\/ -->\n<title>Body Balance en Eibar | Fitplace<\/title>\n<meta name=\"description\" content=\"Inscr\u00edbete y disfruta de las clases de Body Balance en Eibar, contamos con un equipo de instructores para tu bienestar.\" \/>\n<meta name=\"robots\" content=\"index, follow, max-snippet:-1, max-image-preview:large, max-video-preview:-1\" \/>\n<link rel=\"canonical\" href=\"https:\/\/fitplace.fit\/eibar\/body-balance\/\" \/>\n<meta property=\"og:locale\" content=\"es_ES\" \/>\n<meta property=\"og:type\" content=\"article\" \/>\n<meta property=\"og:title\" content=\"Body Balance en Eibar | Fitplace\" \/>\n<meta property=\"og:description\" content=\"Inscr\u00edbete y disfruta de las clases de Body Balance en Eibar, contamos con un equipo de instructores para tu bienestar.\" \/>\n<meta property=\"og:url\" content=\"https:\/\/fitplace.fit\/eibar\/body-balance\/\" \/>\n<meta property=\"og:site_name\" content=\"Fitplace Eibar\" \/>\n<meta property=\"article:modified_time\" content=\"2026-03-26T16:45:10+00:00\" \/>\n<meta property=\"og:image\" content=\"https:\/\/fitplace.fit\/eibar\/wp-content\/uploads\/2026\/03\/body-balance-en-fitplace.jpg\" \/>\n\t<meta property=\"og:image:width\" content=\"2000\" \/>\n\t<meta property=\"og:image:height\" content=\"1333\" \/>\n\t<meta property=\"og:image:type\" content=\"image\/jpeg\" \/>\n<meta name=\"twitter:card\" content=\"summary_large_image\" \/>\n<meta name=\"twitter:label1\" content=\"Tiempo de lectura\" \/>\n\t<meta name=\"twitter:data1\" content=\"3 minutos\" \/>\n<script type=\"application\/ld+json\" class=\"yoast-schema-graph\">{\"@context\":\"https:\\\/\\\/schema.org\",\"@graph\":[{\"@type\":\"WebPage\",\"@id\":\"https:\\\/\\\/fitplace.fit\\\/eibar\\\/body-balance\\\/\",\"url\":\"https:\\\/\\\/fitplace.fit\\\/eibar\\\/body-balance\\\/\",\"name\":\"Body Balance en Eibar | Fitplace\",\"isPartOf\":{\"@id\":\"https:\\\/\\\/fitplace.fit\\\/eibar\\\/#website\"},\"primaryImageOfPage\":{\"@id\":\"https:\\\/\\\/fitplace.fit\\\/eibar\\\/body-balance\\\/#primaryimage\"},\"image\":{\"@id\":\"https:\\\/\\\/fitplace.fit\\\/eibar\\\/body-balance\\\/#primaryimage\"},\"thumbnailUrl\":\"https:\\\/\\\/fitplace.fit\\\/eibar\\\/wp-content\\\/uploads\\\/2026\\\/03\\\/body-balance-en-fitplace.jpg\",\"datePublished\":\"2023-03-30T09:12:49+00:00\",\"dateModified\":\"2026-03-26T16:45:10+00:00\",\"description\":\"Inscr\u00edbete y disfruta de las clases de Body Balance en Eibar, contamos con un equipo de instructores para tu bienestar.\",\"breadcrumb\":{\"@id\":\"https:\\\/\\\/fitplace.fit\\\/eibar\\\/body-balance\\\/#breadcrumb\"},\"inLanguage\":\"es\",\"potentialAction\":[{\"@type\":\"ReadAction\",\"target\":[\"https:\\\/\\\/fitplace.fit\\\/eibar\\\/body-balance\\\/\"]}]},{\"@type\":\"ImageObject\",\"inLanguage\":\"es\",\"@id\":\"https:\\\/\\\/fitplace.fit\\\/eibar\\\/body-balance\\\/#primaryimage\",\"url\":\"https:\\\/\\\/fitplace.fit\\\/eibar\\\/wp-content\\\/uploads\\\/2026\\\/03\\\/body-balance-en-fitplace.jpg\",\"contentUrl\":\"https:\\\/\\\/fitplace.fit\\\/eibar\\\/wp-content\\\/uploads\\\/2026\\\/03\\\/body-balance-en-fitplace.jpg\",\"width\":2000,\"height\":1333,\"caption\":\"body balance en fitplace\"},{\"@type\":\"BreadcrumbList\",\"@id\":\"https:\\\/\\\/fitplace.fit\\\/eibar\\\/body-balance\\\/#breadcrumb\",\"itemListElement\":[{\"@type\":\"ListItem\",\"position\":1,\"name\":\"Portada\",\"item\":\"https:\\\/\\\/fitplace.fit\\\/eibar\\\/\"},{\"@type\":\"ListItem\",\"position\":2,\"name\":\"Body Balance Eibar\"}]},{\"@type\":\"WebSite\",\"@id\":\"https:\\\/\\\/fitplace.fit\\\/eibar\\\/#website\",\"url\":\"https:\\\/\\\/fitplace.fit\\\/eibar\\\/\",\"name\":\"Fitplace Eibar\",\"description\":\"Gimnasios en Eibar\",\"potentialAction\":[{\"@type\":\"SearchAction\",\"target\":{\"@type\":\"EntryPoint\",\"urlTemplate\":\"https:\\\/\\\/fitplace.fit\\\/eibar\\\/?s={search_term_string}\"},\"query-input\":{\"@type\":\"PropertyValueSpecification\",\"valueRequired\":true,\"valueName\":\"search_term_string\"}}],\"inLanguage\":\"es\"}]}<\/script>\n<!-- \/ Yoast SEO plugin. -->","yoast_head_json":{"title":"Body Balance en Eibar | Fitplace","description":"Inscr\u00edbete y disfruta de las clases de Body Balance en Eibar, contamos con un equipo de instructores para tu bienestar.","robots":{"index":"index","follow":"follow","max-snippet":"max-snippet:-1","max-image-preview":"max-image-preview:large","max-video-preview":"max-video-preview:-1"},"canonical":"https:\/\/fitplace.fit\/eibar\/body-balance\/","og_locale":"es_ES","og_type":"article","og_title":"Body Balance en Eibar | Fitplace","og_description":"Inscr\u00edbete y disfruta de las clases de Body Balance en Eibar, contamos con un equipo de instructores para tu bienestar.","og_url":"https:\/\/fitplace.fit\/eibar\/body-balance\/","og_site_name":"Fitplace Eibar","article_modified_time":"2026-03-26T16:45:10+00:00","og_image":[{"width":2000,"height":1333,"url":"https:\/\/fitplace.fit\/eibar\/wp-content\/uploads\/2026\/03\/body-balance-en-fitplace.jpg","type":"image\/jpeg"}],"twitter_card":"summary_large_image","twitter_misc":{"Tiempo de lectura":"3 minutos"},"schema":{"@context":"https:\/\/schema.org","@graph":[{"@type":"WebPage","@id":"https:\/\/fitplace.fit\/eibar\/body-balance\/","url":"https:\/\/fitplace.fit\/eibar\/body-balance\/","name":"Body Balance en Eibar | Fitplace","isPartOf":{"@id":"https:\/\/fitplace.fit\/eibar\/#website"},"primaryImageOfPage":{"@id":"https:\/\/fitplace.fit\/eibar\/body-balance\/#primaryimage"},"image":{"@id":"https:\/\/fitplace.fit\/eibar\/body-balance\/#primaryimage"},"thumbnailUrl":"https:\/\/fitplace.fit\/eibar\/wp-content\/uploads\/2026\/03\/body-balance-en-fitplace.jpg","datePublished":"2023-03-30T09:12:49+00:00","dateModified":"2026-03-26T16:45:10+00:00","description":"Inscr\u00edbete y disfruta de las clases de Body Balance en Eibar, contamos con un equipo de instructores para tu bienestar.","breadcrumb":{"@id":"https:\/\/fitplace.fit\/eibar\/body-balance\/#breadcrumb"},"inLanguage":"es","potentialAction":[{"@type":"ReadAction","target":["https:\/\/fitplace.fit\/eibar\/body-balance\/"]}]},{"@type":"ImageObject","inLanguage":"es","@id":"https:\/\/fitplace.fit\/eibar\/body-balance\/#primaryimage","url":"https:\/\/fitplace.fit\/eibar\/wp-content\/uploads\/2026\/03\/body-balance-en-fitplace.jpg","contentUrl":"https:\/\/fitplace.fit\/eibar\/wp-content\/uploads\/2026\/03\/body-balance-en-fitplace.jpg","width":2000,"height":1333,"caption":"body balance en fitplace"},{"@type":"BreadcrumbList","@id":"https:\/\/fitplace.fit\/eibar\/body-balance\/#breadcrumb","itemListElement":[{"@type":"ListItem","position":1,"name":"Portada","item":"https:\/\/fitplace.fit\/eibar\/"},{"@type":"ListItem","position":2,"name":"Body Balance Eibar"}]},{"@type":"WebSite","@id":"https:\/\/fitplace.fit\/eibar\/#website","url":"https:\/\/fitplace.fit\/eibar\/","name":"Fitplace Eibar","description":"Gimnasios en Eibar","potentialAction":[{"@type":"SearchAction","target":{"@type":"EntryPoint","urlTemplate":"https:\/\/fitplace.fit\/eibar\/?s={search_term_string}"},"query-input":{"@type":"PropertyValueSpecification","valueRequired":true,"valueName":"search_term_string"}}],"inLanguage":"es"}]}},"_links":{"self":[{"href":"https:\/\/fitplace.fit\/eibar\/wp-json\/wp\/v2\/pages\/217614","targetHints":{"allow":["GET"]}}],"collection":[{"href":"https:\/\/fitplace.fit\/eibar\/wp-json\/wp\/v2\/pages"}],"about":[{"href":"https:\/\/fitplace.fit\/eibar\/wp-json\/wp\/v2\/types\/page"}],"author":[{"embeddable":true,"href":"https:\/\/fitplace.fit\/eibar\/wp-json\/wp\/v2\/users\/1"}],"replies":[{"embeddable":true,"href":"https:\/\/fitplace.fit\/eibar\/wp-json\/wp\/v2\/comments?post=217614"}],"version-history":[{"count":11,"href":"https:\/\/fitplace.fit\/eibar\/wp-json\/wp\/v2\/pages\/217614\/revisions"}],"predecessor-version":[{"id":221132,"href":"https:\/\/fitplace.fit\/eibar\/wp-json\/wp\/v2\/pages\/217614\/revisions\/221132"}],"wp:featuredmedia":[{"embeddable":true,"href":"https:\/\/fitplace.fit\/eibar\/wp-json\/wp\/v2\/media\/221123"}],"wp:attachment":[{"href":"https:\/\/fitplace.fit\/eibar\/wp-json\/wp\/v2\/media?parent=217614"}],"curies":[{"name":"wp","href":"https:\/\/api.w.org\/{rel}","templated":true}]}}