{"id":209159,"date":"2018-12-04T15:58:36","date_gmt":"2018-12-04T14:58:36","guid":{"rendered":"https:\/\/spartasportcenter.com\/pamplona\/?page_id=209159"},"modified":"2026-01-15T12:23:04","modified_gmt":"2026-01-15T11:23:04","slug":"mapa-web-gimnasios","status":"publish","type":"page","link":"https:\/\/fitplace.fit\/eibar\/mapa-web-gimnasios\/","title":{"rendered":"Mapa Web de Fitplace Eibar"},"content":{"rendered":"\n<div class=\"wp-block-group is-layout-constrained wp-block-group-is-layout-constrained\">\n<p><a href=\"https:\/\/fitplace.fit\/eibar\/\">Gimnasio Eibar Fitplace<\/a><\/p>\n\n\n\n<p><a href=\"https:\/\/fitplace.fit\/eibar\/pilates\/\">Pilates Eibar<\/a><\/p>\n\n\n\n<p><a href=\"https:\/\/fitplace.fit\/eibar\/entrenador-personal\/\">Entrenador Personal Eibar<\/a><\/p>\n\n\n\n<p><a href=\"https:\/\/fitplace.fit\/eibar\/nutricionista\/\">Nutricionista Eibar<\/a><\/p>\n\n\n\n<p><a href=\"https:\/\/fitplace.fit\/eibar\/zumba\/\">Zumba Eibar<\/a><\/p>\n\n\n\n<p><a href=\"https:\/\/fitplace.fit\/eibar\/yoga\/\">Yoga Eibar<\/a><\/p>\n\n\n\n<p><a href=\"https:\/\/fitplace.fit\/eibar\/gap\/\">Gap Eibar<\/a><\/p>\n\n\n\n<p><a href=\"https:\/\/fitplace.fit\/eibar\/spinning\/\">Spinning Eibar<\/a><\/p>\n\n\n\n<p><a href=\"https:\/\/fitplace.fit\/eibar\/core\/\">Core Eibar<\/a><\/p>\n\n\n\n<p><a href=\"https:\/\/fitplace.fit\/eibar\/entrenamiento-funcional\/\">Entrenamiento Funcional Eibar<\/a><\/p>\n\n\n\n<p><a href=\"https:\/\/fitplace.fit\/eibar\/body-pump\/\">Body Pump Eibar<\/a><\/p>\n\n\n\n<p><a href=\"https:\/\/fitplace.fit\/eibar\/cross-training\/\">Cross training Eibar<\/a><\/p>\n\n\n\n<p><a href=\"https:\/\/fitplace.fit\/eibar\/body-combat\/\">Body Combat Eibar<\/a><\/p>\n\n\n\n<p><a href=\"https:\/\/fitplace.fit\/eibar\/body-balance\/\">Body balance Eibar<\/a><\/p>\n\n\n\n<p><a href=\"https:\/\/fitplace.fit\/eibar\/horarios\/\">Horario de actividades<\/a><\/p>\n\n\n\n<p><a href=\"https:\/\/fitplace.fit\/eibar\/instalaciones\/\">Instalaciones<\/a><\/p>\n\n\n\n<p><a href=\"https:\/\/fitplace.fit\/eibar\/actividades\/\">Actividades<\/a><\/p>\n\n\n\n<p><a href=\"https:\/\/fitplace.fit\/eibar\/servicios\/\">Servicios<\/a><\/p>\n\n\n\n<p><a href=\"https:\/\/fitplace.fit\/eibar\/prueba-un-dia-gratis\/\">Prueba un d\u00eda gratis<\/a><\/p>\n\n\n\n<p><a href=\"https:\/\/fitplace.fit\/eibar\/contacto\/\">Contacto<\/a><\/p>\n<\/div>\n","protected":false},"excerpt":{"rendered":"<p>   &#8211;<\/p>\n","protected":false},"author":1,"featured_media":219142,"parent":0,"menu_order":0,"comment_status":"closed","ping_status":"closed","template":"","meta":{"_et_pb_use_builder":"off","_et_pb_old_content":"<a href=\"https:\/\/fitplace.fit\/eibar\/\">Gimnasio santander Fitplace<\/a>\n\n<a href=\"https:\/\/fitplace.fit\/eibar\/pilates-santander\/\">Pilates Eibar<\/a>\n\n<a href=\"https:\/\/fitplace.fit\/eibar\/entrenador-personal-santander\/\">Entrenador Personal Eibar<\/a>\n\n<a href=\"https:\/\/fitplace.fit\/eibar\/nutricionista-santander\/\">Nutricionista Eibar<\/a>\n\n<a href=\"https:\/\/fitplace.fit\/eibar\/zumba-santander\/\">Zumba Eibar<\/a>\n\n<a href=\"https:\/\/fitplace.fit\/eibar\/kick-boxing-santander\/\">Kick Boxing Eibar<\/a>\n\n<a href=\"https:\/\/fitplace.fit\/eibar\/gap-santander\/\">Gap Eibar<\/a>\n\n<a href=\"https:\/\/fitplace.fit\/eibar\/spinning-santander\/\">Spinning Eibar<\/a>\n\n<a href=\"https:\/\/fitplace.fit\/eibar\/core-santander\/\">Core Eibar<\/a>\n\n<a href=\"https:\/\/fitplace.fit\/eibar\/entrenamiento-funcional-santander\/\">Entrenamiento Funcional Eibar<\/a>\n\n<a href=\"https:\/\/fitplace.fit\/eibar\/body-pump-santander\/\">Body Pump Eibar<\/a>\n\n<a href=\"https:\/\/fitplace.fit\/eibar\/cross-training-santander\/\">Cross training Eibar<\/a>\n\n<a href=\"https:\/\/fitplace.fit\/eibar\/body-combat-santander\/\">Body Combat Eibar<\/a>\n\n<a href=\"https:\/\/fitplace.fit\/eibar\/body-balance-santander\/\">Body balance Eibar<\/a>\n\n<a href=\"https:\/\/fitplace.fit\/eibar\/horarios\/\">Horario de actividades<\/a>\n\n<a href=\"https:\/\/fitplace.fit\/eibar\/instalaciones\/\">Instalaciones<\/a>\n\n<a href=\"https:\/\/fitplace.fit\/eibar\/actividades\/\">Actividades<\/a>\n\n<a href=\"https:\/\/fitplace.fit\/eibar\/servicios\/\">Servicios<\/a>\n\n<a href=\"https:\/\/fitplace.fit\/eibar\/gimnasio-pronillo\/\">Gimnasio Pronillo<\/a>\n\n<a href=\"https:\/\/fitplace.fit\/eibar\/gimnasio-ciudad-jardin\/\">Gimnasio Ciudad Jard\u00edn<\/a>\n\n<a href=\"https:\/\/fitplace.fit\/eibar\/gimnasio-alisal\/\">Gimnasio Alisal<\/a>\n\n<a href=\"https:\/\/fitplace.fit\/eibar\/gimnasio-la-albericia\/\">Gimnasio La Albericia<\/a>\n\n<a href=\"https:\/\/fitplace.fit\/eibar\/prueba-un-dia-gratis\/\">Prueba un d\u00eda gratis<\/a>\n\n<a href=\"https:\/\/fitplace.fit\/eibar\/contacto\/\">Contacto<\/a>","_et_gb_content_width":"","footnotes":""},"class_list":["post-209159","page","type-page","status-publish","has-post-thumbnail","hentry"],"yoast_head":"<!-- This site is optimized with the Yoast SEO plugin v27.4 - https:\/\/yoast.com\/product\/yoast-seo-wordpress\/ -->\n<title>Mapa Web - Fitplace Eibar<\/title>\n<meta name=\"description\" content=\"Consulta el Mapa Web de Fitplace Eibar para conocer las p\u00e1ginas m\u00e1s importantes de nuestra p\u00e1gina web. \u00a1Te las mostramos!\" \/>\n<meta name=\"robots\" content=\"index, follow, max-snippet:-1, max-image-preview:large, max-video-preview:-1\" \/>\n<link rel=\"canonical\" href=\"https:\/\/fitplace.fit\/eibar\/mapa-web-gimnasios\/\" \/>\n<meta property=\"og:locale\" content=\"es_ES\" \/>\n<meta property=\"og:type\" content=\"article\" \/>\n<meta property=\"og:title\" content=\"Mapa Web - Fitplace Eibar\" \/>\n<meta property=\"og:description\" content=\"Consulta el Mapa Web de Fitplace Eibar para conocer las p\u00e1ginas m\u00e1s importantes de nuestra p\u00e1gina web. \u00a1Te las mostramos!\" \/>\n<meta property=\"og:url\" content=\"https:\/\/fitplace.fit\/eibar\/mapa-web-gimnasios\/\" \/>\n<meta property=\"og:site_name\" content=\"Fitplace Eibar\" \/>\n<meta property=\"article:modified_time\" content=\"2026-01-15T11:23:04+00:00\" \/>\n<meta property=\"og:image\" content=\"https:\/\/fitplace.fit\/eibar\/wp-content\/uploads\/2025\/06\/material-deportivo-de-colores.jpg\" \/>\n\t<meta property=\"og:image:width\" content=\"2000\" \/>\n\t<meta property=\"og:image:height\" content=\"1333\" \/>\n\t<meta property=\"og:image:type\" content=\"image\/jpeg\" \/>\n<meta name=\"twitter:card\" content=\"summary_large_image\" \/>\n<meta name=\"twitter:label1\" content=\"Tiempo de lectura\" \/>\n\t<meta name=\"twitter:data1\" content=\"1 minuto\" \/>\n<script type=\"application\/ld+json\" class=\"yoast-schema-graph\">{\"@context\":\"https:\\\/\\\/schema.org\",\"@graph\":[{\"@type\":\"WebPage\",\"@id\":\"https:\\\/\\\/fitplace.fit\\\/eibar\\\/mapa-web-gimnasios\\\/\",\"url\":\"https:\\\/\\\/fitplace.fit\\\/eibar\\\/mapa-web-gimnasios\\\/\",\"name\":\"Mapa Web - Fitplace Eibar\",\"isPartOf\":{\"@id\":\"https:\\\/\\\/fitplace.fit\\\/eibar\\\/#website\"},\"primaryImageOfPage\":{\"@id\":\"https:\\\/\\\/fitplace.fit\\\/eibar\\\/mapa-web-gimnasios\\\/#primaryimage\"},\"image\":{\"@id\":\"https:\\\/\\\/fitplace.fit\\\/eibar\\\/mapa-web-gimnasios\\\/#primaryimage\"},\"thumbnailUrl\":\"https:\\\/\\\/fitplace.fit\\\/eibar\\\/wp-content\\\/uploads\\\/2025\\\/06\\\/material-deportivo-de-colores.jpg\",\"datePublished\":\"2018-12-04T14:58:36+00:00\",\"dateModified\":\"2026-01-15T11:23:04+00:00\",\"description\":\"Consulta el Mapa Web de Fitplace Eibar para conocer las p\u00e1ginas m\u00e1s importantes de nuestra p\u00e1gina web. \u00a1Te las mostramos!\",\"breadcrumb\":{\"@id\":\"https:\\\/\\\/fitplace.fit\\\/eibar\\\/mapa-web-gimnasios\\\/#breadcrumb\"},\"inLanguage\":\"es\",\"potentialAction\":[{\"@type\":\"ReadAction\",\"target\":[\"https:\\\/\\\/fitplace.fit\\\/eibar\\\/mapa-web-gimnasios\\\/\"]}]},{\"@type\":\"ImageObject\",\"inLanguage\":\"es\",\"@id\":\"https:\\\/\\\/fitplace.fit\\\/eibar\\\/mapa-web-gimnasios\\\/#primaryimage\",\"url\":\"https:\\\/\\\/fitplace.fit\\\/eibar\\\/wp-content\\\/uploads\\\/2025\\\/06\\\/material-deportivo-de-colores.jpg\",\"contentUrl\":\"https:\\\/\\\/fitplace.fit\\\/eibar\\\/wp-content\\\/uploads\\\/2025\\\/06\\\/material-deportivo-de-colores.jpg\",\"width\":2000,\"height\":1333,\"caption\":\"material deportivo de colores\"},{\"@type\":\"BreadcrumbList\",\"@id\":\"https:\\\/\\\/fitplace.fit\\\/eibar\\\/mapa-web-gimnasios\\\/#breadcrumb\",\"itemListElement\":[{\"@type\":\"ListItem\",\"position\":1,\"name\":\"Portada\",\"item\":\"https:\\\/\\\/fitplace.fit\\\/eibar\\\/\"},{\"@type\":\"ListItem\",\"position\":2,\"name\":\"Mapa Web de Fitplace Eibar\"}]},{\"@type\":\"WebSite\",\"@id\":\"https:\\\/\\\/fitplace.fit\\\/eibar\\\/#website\",\"url\":\"https:\\\/\\\/fitplace.fit\\\/eibar\\\/\",\"name\":\"Fitplace Eibar\",\"description\":\"Gimnasios en Eibar\",\"potentialAction\":[{\"@type\":\"SearchAction\",\"target\":{\"@type\":\"EntryPoint\",\"urlTemplate\":\"https:\\\/\\\/fitplace.fit\\\/eibar\\\/?s={search_term_string}\"},\"query-input\":{\"@type\":\"PropertyValueSpecification\",\"valueRequired\":true,\"valueName\":\"search_term_string\"}}],\"inLanguage\":\"es\"}]}<\/script>\n<!-- \/ Yoast SEO plugin. -->","yoast_head_json":{"title":"Mapa Web - Fitplace Eibar","description":"Consulta el Mapa Web de Fitplace Eibar para conocer las p\u00e1ginas m\u00e1s importantes de nuestra p\u00e1gina web. \u00a1Te las mostramos!","robots":{"index":"index","follow":"follow","max-snippet":"max-snippet:-1","max-image-preview":"max-image-preview:large","max-video-preview":"max-video-preview:-1"},"canonical":"https:\/\/fitplace.fit\/eibar\/mapa-web-gimnasios\/","og_locale":"es_ES","og_type":"article","og_title":"Mapa Web - Fitplace Eibar","og_description":"Consulta el Mapa Web de Fitplace Eibar para conocer las p\u00e1ginas m\u00e1s importantes de nuestra p\u00e1gina web. \u00a1Te las mostramos!","og_url":"https:\/\/fitplace.fit\/eibar\/mapa-web-gimnasios\/","og_site_name":"Fitplace Eibar","article_modified_time":"2026-01-15T11:23:04+00:00","og_image":[{"width":2000,"height":1333,"url":"https:\/\/fitplace.fit\/eibar\/wp-content\/uploads\/2025\/06\/material-deportivo-de-colores.jpg","type":"image\/jpeg"}],"twitter_card":"summary_large_image","twitter_misc":{"Tiempo de lectura":"1 minuto"},"schema":{"@context":"https:\/\/schema.org","@graph":[{"@type":"WebPage","@id":"https:\/\/fitplace.fit\/eibar\/mapa-web-gimnasios\/","url":"https:\/\/fitplace.fit\/eibar\/mapa-web-gimnasios\/","name":"Mapa Web - Fitplace Eibar","isPartOf":{"@id":"https:\/\/fitplace.fit\/eibar\/#website"},"primaryImageOfPage":{"@id":"https:\/\/fitplace.fit\/eibar\/mapa-web-gimnasios\/#primaryimage"},"image":{"@id":"https:\/\/fitplace.fit\/eibar\/mapa-web-gimnasios\/#primaryimage"},"thumbnailUrl":"https:\/\/fitplace.fit\/eibar\/wp-content\/uploads\/2025\/06\/material-deportivo-de-colores.jpg","datePublished":"2018-12-04T14:58:36+00:00","dateModified":"2026-01-15T11:23:04+00:00","description":"Consulta el Mapa Web de Fitplace Eibar para conocer las p\u00e1ginas m\u00e1s importantes de nuestra p\u00e1gina web. \u00a1Te las mostramos!","breadcrumb":{"@id":"https:\/\/fitplace.fit\/eibar\/mapa-web-gimnasios\/#breadcrumb"},"inLanguage":"es","potentialAction":[{"@type":"ReadAction","target":["https:\/\/fitplace.fit\/eibar\/mapa-web-gimnasios\/"]}]},{"@type":"ImageObject","inLanguage":"es","@id":"https:\/\/fitplace.fit\/eibar\/mapa-web-gimnasios\/#primaryimage","url":"https:\/\/fitplace.fit\/eibar\/wp-content\/uploads\/2025\/06\/material-deportivo-de-colores.jpg","contentUrl":"https:\/\/fitplace.fit\/eibar\/wp-content\/uploads\/2025\/06\/material-deportivo-de-colores.jpg","width":2000,"height":1333,"caption":"material deportivo de colores"},{"@type":"BreadcrumbList","@id":"https:\/\/fitplace.fit\/eibar\/mapa-web-gimnasios\/#breadcrumb","itemListElement":[{"@type":"ListItem","position":1,"name":"Portada","item":"https:\/\/fitplace.fit\/eibar\/"},{"@type":"ListItem","position":2,"name":"Mapa Web de Fitplace Eibar"}]},{"@type":"WebSite","@id":"https:\/\/fitplace.fit\/eibar\/#website","url":"https:\/\/fitplace.fit\/eibar\/","name":"Fitplace Eibar","description":"Gimnasios en Eibar","potentialAction":[{"@type":"SearchAction","target":{"@type":"EntryPoint","urlTemplate":"https:\/\/fitplace.fit\/eibar\/?s={search_term_string}"},"query-input":{"@type":"PropertyValueSpecification","valueRequired":true,"valueName":"search_term_string"}}],"inLanguage":"es"}]}},"_links":{"self":[{"href":"https:\/\/fitplace.fit\/eibar\/wp-json\/wp\/v2\/pages\/209159","targetHints":{"allow":["GET"]}}],"collection":[{"href":"https:\/\/fitplace.fit\/eibar\/wp-json\/wp\/v2\/pages"}],"about":[{"href":"https:\/\/fitplace.fit\/eibar\/wp-json\/wp\/v2\/types\/page"}],"author":[{"embeddable":true,"href":"https:\/\/fitplace.fit\/eibar\/wp-json\/wp\/v2\/users\/1"}],"replies":[{"embeddable":true,"href":"https:\/\/fitplace.fit\/eibar\/wp-json\/wp\/v2\/comments?post=209159"}],"version-history":[{"count":27,"href":"https:\/\/fitplace.fit\/eibar\/wp-json\/wp\/v2\/pages\/209159\/revisions"}],"predecessor-version":[{"id":219976,"href":"https:\/\/fitplace.fit\/eibar\/wp-json\/wp\/v2\/pages\/209159\/revisions\/219976"}],"wp:featuredmedia":[{"embeddable":true,"href":"https:\/\/fitplace.fit\/eibar\/wp-json\/wp\/v2\/media\/219142"}],"wp:attachment":[{"href":"https:\/\/fitplace.fit\/eibar\/wp-json\/wp\/v2\/media?parent=209159"}],"curies":[{"name":"wp","href":"https:\/\/api.w.org\/{rel}","templated":true}]}}