{"id":206563,"date":"2018-08-20T15:59:41","date_gmt":"2018-08-20T13:59:41","guid":{"rendered":"https:\/\/pamplona.spartasportcenter.com\/?page_id=206563"},"modified":"2026-03-24T15:19:38","modified_gmt":"2026-03-24T14:19:38","slug":"yoga","status":"publish","type":"page","link":"https:\/\/fitplace.fit\/eibar\/yoga\/","title":{"rendered":"Yoga Eibar"},"content":{"rendered":"<p>[et_pb_section fb_built=\u00bb1&#8243; custom_padding_last_edited=\u00bbon|phone\u00bb disabled_on=\u00bboff|off|off\u00bb _builder_version=\u00bb4.27.5&#8243; background_color=\u00bb#000000&#8243; background_enable_image=\u00bboff\u00bb custom_margin=\u00bb||||false|false\u00bb custom_padding=\u00bb80px|0px|0px|0px|false|false\u00bb custom_padding_tablet=\u00bb\u00bb custom_padding_phone=\u00bb30px||50px||false|false\u00bb global_colors_info=\u00bb{}\u00bb][et_pb_row column_structure=\u00bb1_3,2_3&#8243; custom_padding_last_edited=\u00bbon|desktop\u00bb _builder_version=\u00bb4.16&#8243; _module_preset=\u00bbdefault\u00bb custom_padding=\u00bb0px||||false|false\u00bb custom_padding_tablet=\u00bb\u00bb custom_padding_phone=\u00bb0px||||false|false\u00bb global_colors_info=\u00bb{}\u00bb][et_pb_column type=\u00bb1_3&#8243; _builder_version=\u00bb4.16&#8243; _module_preset=\u00bbdefault\u00bb global_colors_info=\u00bb{}\u00bb][et_pb_text _builder_version=\u00bb4.16&#8243; text_font=\u00bb||||||||\u00bb header_font=\u00bb||||||||\u00bb header_text_align=\u00bbcenter\u00bb header_2_font=\u00bb|300||on|||||\u00bb header_2_text_align=\u00bbright\u00bb header_2_font_size=\u00bb29px\u00bb custom_margin=\u00bb||0px||false|false\u00bb custom_padding=\u00bb|15%|0px||false|false\u00bb header_2_text_align_tablet=\u00bb\u00bb header_2_text_align_phone=\u00bbleft\u00bb header_2_text_align_last_edited=\u00bbon|phone\u00bb header_2_font_size_tablet=\u00bb51px\u00bb header_2_font_size_phone=\u00bb25px\u00bb header_2_font_size_last_edited=\u00bbon|phone\u00bb border_width_right=\u00bb2px\u00bb border_color_right=\u00bb#cccccc\u00bb border_width_right_tablet=\u00bb\u00bb border_width_right_phone=\u00bb0px\u00bb border_width_right_last_edited=\u00bbon|phone\u00bb locked=\u00bboff\u00bb global_colors_info=\u00bb{}\u00bb]<\/p>\n<h2>clases de yoga en Eibar<\/h2>\n<p>[\/et_pb_text][\/et_pb_column][et_pb_column type=\u00bb2_3&#8243; _builder_version=\u00bb4.16&#8243; _module_preset=\u00bbdefault\u00bb global_colors_info=\u00bb{}\u00bb][et_pb_text _builder_version=\u00bb4.27.5&#8243; text_font=\u00bb|300|||||||\u00bb text_line_height=\u00bb1.1em\u00bb header_font=\u00bb|300|||||||\u00bb header_2_font=\u00bb|300||on|||||\u00bb header_2_text_color=\u00bb#cccccc\u00bb header_2_font_size=\u00bb36px\u00bb header_2_letter_spacing=\u00bb2px\u00bb background_layout=\u00bbdark\u00bb global_colors_info=\u00bb{}\u00bb]<\/p>\n<p><span style=\"font-weight: 400;\">En <\/span><strong>Fitplace Eibar<\/strong><span style=\"font-weight: 400;\">, concebimos el <\/span><strong>yoga<\/strong><span style=\"font-weight: 400;\"> como un veh\u00edculo fundamental para alcanzar una <\/span><strong>transformaci\u00f3n profunda<\/strong><span style=\"font-weight: 400;\">, tanto a nivel f\u00edsico como emocional. Esta disciplina ancestral es una pieza clave en nuestra filosof\u00eda de <\/span><strong>bienestar integral<\/strong><span style=\"font-weight: 400;\">, ofreciendo un refugio de equilibrio en medio del ritmo fren\u00e9tico de la vida diaria.<\/span><\/p>\n<p><span style=\"font-weight: 400;\">Hemos estructurado nuestras sesiones para que sean <\/span><strong>inclusivas y din\u00e1micas<\/strong><span style=\"font-weight: 400;\">, eliminando cualquier barrera de entrada. No importa si nunca has pisado una esterilla o si ya eres un practicante avanzado; nuestro enfoque combina la <\/span><strong>sabidur\u00eda tradicional<\/strong><span style=\"font-weight: 400;\"> con una metodolog\u00eda contempor\u00e1nea y cercana. Bajo la supervisi\u00f3n de <\/span><strong>profesores titulados<\/strong><span style=\"font-weight: 400;\">, cada sesi\u00f3n se convierte en un espacio de aprendizaje donde t\u00fa marcas el ritmo de tu evoluci\u00f3n.<\/span><\/p>\n<p>[\/et_pb_text][\/et_pb_column][\/et_pb_row][et_pb_row column_structure=\u00bb1_3,2_3&#8243; custom_padding_last_edited=\u00bbon|phone\u00bb _builder_version=\u00bb4.16&#8243; _module_preset=\u00bbdefault\u00bb custom_margin=\u00bb||0px||false|false\u00bb custom_padding=\u00bb||||false|false\u00bb custom_padding_tablet=\u00bb\u00bb custom_padding_phone=\u00bb0px||0px||false|false\u00bb global_colors_info=\u00bb{}\u00bb][et_pb_column type=\u00bb1_3&#8243; _builder_version=\u00bb4.16&#8243; _module_preset=\u00bbdefault\u00bb global_colors_info=\u00bb{}\u00bb][et_pb_text _builder_version=\u00bb4.16&#8243; text_font=\u00bb||||||||\u00bb header_font=\u00bb||||||||\u00bb header_text_align=\u00bbcenter\u00bb header_2_font=\u00bb|300||on|||||\u00bb header_2_text_align=\u00bbright\u00bb header_2_font_size=\u00bb29px\u00bb custom_margin=\u00bb||0px||false|false\u00bb custom_padding=\u00bb|15%|0px||false|false\u00bb header_2_text_align_tablet=\u00bb\u00bb header_2_text_align_phone=\u00bbleft\u00bb header_2_text_align_last_edited=\u00bbon|phone\u00bb header_2_font_size_tablet=\u00bb51px\u00bb header_2_font_size_phone=\u00bb25px\u00bb header_2_font_size_last_edited=\u00bbon|phone\u00bb border_width_right=\u00bb2px\u00bb border_color_right=\u00bb#cccccc\u00bb border_width_right_tablet=\u00bb\u00bb border_width_right_phone=\u00bb0px\u00bb border_width_right_last_edited=\u00bbon|phone\u00bb locked=\u00bboff\u00bb global_colors_info=\u00bb{}\u00bb]<\/p>\n<h2>Beneficios<br \/>\ndel yoga en Eibar<\/h2>\n<p>[\/et_pb_text][\/et_pb_column][et_pb_column type=\u00bb2_3&#8243; _builder_version=\u00bb4.16&#8243; _module_preset=\u00bbdefault\u00bb global_colors_info=\u00bb{}\u00bb][et_pb_text _builder_version=\u00bb4.27.5&#8243; text_font=\u00bb|300|||||||\u00bb text_line_height=\u00bb1.1em\u00bb header_font=\u00bb|300|||||||\u00bb header_2_font=\u00bb|300||on|||||\u00bb header_2_text_color=\u00bb#cccccc\u00bb header_2_font_size=\u00bb36px\u00bb header_2_letter_spacing=\u00bb2px\u00bb background_layout=\u00bbdark\u00bb global_colors_info=\u00bb{}\u00bb]<\/p>\n<p><span style=\"font-weight: 400;\">La pr\u00e1ctica constante en nuestro gimnasio desencadena una serie de <\/span><strong>cambios positivos<\/strong><span style=\"font-weight: 400;\"> que notar\u00e1s desde las primeras sesiones. Al unirte a nuestra comunidad, podr\u00e1s experimentar:<\/span><\/p>\n<ul>\n<li style=\"font-weight: 400;\" aria-level=\"1\"><b>Elasticidad y potencia:<\/b><span style=\"font-weight: 400;\"> Lograr\u00e1s una <\/span><b>musculatura tonificada<\/b><span style=\"font-weight: 400;\"> y una flexibilidad sorprendente mediante movimientos fluidos y controlados.<\/span><\/li>\n<li style=\"font-weight: 400;\" aria-level=\"1\"><b>Gesti\u00f3n del estr\u00e9s:<\/b><span style=\"font-weight: 400;\"> La combinaci\u00f3n de <\/span><b>atenci\u00f3n plena (mindfulness)<\/b><span style=\"font-weight: 400;\"> y control de la respiraci\u00f3n te permitir\u00e1 disipar la ansiedad y recuperar la <\/span><b>calma mental<\/b><span style=\"font-weight: 400;\">.<\/span><\/li>\n<li style=\"font-weight: 400;\" aria-level=\"1\"><b>Adi\u00f3s a las molestias:<\/b><span style=\"font-weight: 400;\"> Es una terapia excepcional para mitigar el <\/span><b>dolor cr\u00f3nico<\/b><span style=\"font-weight: 400;\">, especialmente en zonas cr\u00edticas como las lumbares, el cuello y las articulaciones.<\/span><\/li>\n<li style=\"font-weight: 400;\" aria-level=\"1\"><b>Higiene postural:<\/b><span style=\"font-weight: 400;\"> Aprender\u00e1s a alinear tu columna correctamente, proyectando una <\/span><b>presencia f\u00edsica m\u00e1s segura<\/b><span style=\"font-weight: 400;\"> y saludable.<\/span><\/li>\n<li style=\"font-weight: 400;\" aria-level=\"1\"><b>Serenidad emocional:<\/b><span style=\"font-weight: 400;\"> Fomentamos un estado de <\/span><b>paz interior<\/b><span style=\"font-weight: 400;\"> que potencia tu capacidad de concentraci\u00f3n y tu equilibrio psicol\u00f3gico.<\/span><\/li>\n<li style=\"font-weight: 400;\" aria-level=\"1\"><b>Salud interna:<\/b><span style=\"font-weight: 400;\"> Notar\u00e1s una optimizaci\u00f3n en tu <\/span><b>capacidad pulmonar<\/b><span style=\"font-weight: 400;\"> y una mejora en la circulaci\u00f3n sangu\u00ednea gracias al trabajo respiratorio consciente.<\/span><\/li>\n<\/ul>\n<p>[\/et_pb_text][\/et_pb_column][\/et_pb_row][\/et_pb_section][et_pb_section fb_built=\u00bb1&#8243; custom_padding_last_edited=\u00bbon|phone\u00bb _builder_version=\u00bb4.27.5&#8243; _module_preset=\u00bbdefault\u00bb background_color=\u00bb#000000&#8243; custom_padding=\u00bb0px||50px||false|false\u00bb custom_padding_tablet=\u00bb\u00bb custom_padding_phone=\u00bb||30px||false|false\u00bb global_colors_info=\u00bb{}\u00bb][et_pb_row column_structure=\u00bb1_3,2_3&#8243; custom_padding_last_edited=\u00bbon|phone\u00bb _builder_version=\u00bb4.16&#8243; _module_preset=\u00bbdefault\u00bb custom_padding_tablet=\u00bb\u00bb custom_padding_phone=\u00bb0px||0px||false|false\u00bb global_colors_info=\u00bb{}\u00bb][et_pb_column type=\u00bb1_3&#8243; _builder_version=\u00bb4.16&#8243; _module_preset=\u00bbdefault\u00bb global_colors_info=\u00bb{}\u00bb][et_pb_text _builder_version=\u00bb4.16&#8243; text_font=\u00bb||||||||\u00bb header_font=\u00bb||||||||\u00bb header_text_align=\u00bbcenter\u00bb header_2_font=\u00bb|300||on|||||\u00bb header_2_text_align=\u00bbright\u00bb header_2_font_size=\u00bb29px\u00bb custom_margin=\u00bb||0px||false|false\u00bb custom_padding=\u00bb|15%|0px||false|false\u00bb header_2_text_align_tablet=\u00bb\u00bb header_2_text_align_phone=\u00bbleft\u00bb header_2_text_align_last_edited=\u00bbon|phone\u00bb header_2_font_size_tablet=\u00bb51px\u00bb header_2_font_size_phone=\u00bb25px\u00bb header_2_font_size_last_edited=\u00bbon|phone\u00bb border_width_right=\u00bb2px\u00bb border_color_right=\u00bb#cccccc\u00bb border_width_right_tablet=\u00bb\u00bb border_width_right_phone=\u00bb0px\u00bb border_width_right_last_edited=\u00bbon|phone\u00bb locked=\u00bboff\u00bb global_colors_info=\u00bb{}\u00bb]<\/p>\n<h2>Por qu\u00e9 yoga en Fitplace Eibar<\/h2>\n<p>[\/et_pb_text][\/et_pb_column][et_pb_column type=\u00bb2_3&#8243; _builder_version=\u00bb4.16&#8243; _module_preset=\u00bbdefault\u00bb global_colors_info=\u00bb{}\u00bb][et_pb_text _builder_version=\u00bb4.27.5&#8243; text_font=\u00bb|300|||||||\u00bb text_line_height=\u00bb1.1em\u00bb header_font=\u00bb|300|||||||\u00bb header_2_font=\u00bb|300||on|||||\u00bb header_2_text_color=\u00bb#cccccc\u00bb header_2_font_size=\u00bb36px\u00bb header_2_letter_spacing=\u00bb2px\u00bb background_layout=\u00bbdark\u00bb global_colors_info=\u00bb{}\u00bb]<\/p>\n<p><span style=\"font-weight: 400;\">Lo que hace que nuestra propuesta en Eibar sea \u00fanica es la creaci\u00f3n de un <\/span><strong>ecosistema perfecto<\/strong><span style=\"font-weight: 400;\"> para tu pr\u00e1ctica. En <\/span><strong>Fitplace<\/strong><span style=\"font-weight: 400;\"> ponemos a tu alcance:<\/span><\/p>\n<ul>\n<li style=\"font-weight: 400;\" aria-level=\"1\"><b>Gu\u00eda profesional y personalizada:<\/b><span style=\"font-weight: 400;\"> Nuestro equipo humano destaca por su capacidad para <\/span><b>ajustar cada postura (asana)<\/b><span style=\"font-weight: 400;\"> a tus l\u00edmites y metas individuales.<\/span><\/li>\n<li style=\"font-weight: 400;\" aria-level=\"1\"><b>Equipamiento de alta gama:<\/b><span style=\"font-weight: 400;\"> Disponemos de salas dotadas con <\/span><b>material espec\u00edfico<\/b><span style=\"font-weight: 400;\"> (bloques, mantas y cinturones) para que tu pr\u00e1ctica sea siempre c\u00f3moda y t\u00e9cnica.<\/span><\/li>\n<li style=\"font-weight: 400;\" aria-level=\"1\"><b>Un refugio de tranquilidad:<\/b><span style=\"font-weight: 400;\"> Hemos dise\u00f1ado un entorno con una <\/span><b>atm\u00f3sfera armoniosa<\/b><span style=\"font-weight: 400;\">, ideal para la introspecci\u00f3n y el descanso mental.<\/span><\/li>\n<li style=\"font-weight: 400;\" aria-level=\"1\"><b>Flexibilidad de estilos:<\/b><span style=\"font-weight: 400;\"> Desde flujos m\u00e1s <\/span><b>vigorosos y energ\u00e9ticos<\/b><span style=\"font-weight: 400;\"> hasta sesiones pausadas y meditativas, tenemos una opci\u00f3n que encaja con tu estado de \u00e1nimo y horario.<\/span><\/li>\n<\/ul>\n<p><span style=\"font-weight: 400;\">En nuestro gimnasio, el yoga es mucho m\u00e1s que estiramientos; es una invitaci\u00f3n a <\/span><strong>reconectar con tu esencia<\/strong><span style=\"font-weight: 400;\">. Te animamos a que vengas a conocernos y descubras por qu\u00e9 somos el referente de <\/span><strong>bienestar en Eibar<\/strong><span style=\"font-weight: 400;\">.<\/span><\/p>\n<p>[\/et_pb_text][\/et_pb_column][\/et_pb_row][\/et_pb_section]<\/p>\n","protected":false},"excerpt":{"rendered":"<p>clases de yoga en EibarEn Fitplace Eibar, concebimos el yoga como un veh\u00edculo fundamental para alcanzar una transformaci\u00f3n profunda, tanto a nivel f\u00edsico como emocional. Esta disciplina ancestral es una pieza clave en nuestra filosof\u00eda de bienestar integral, ofreciendo un refugio de equilibrio en medio del ritmo fren\u00e9tico de la vida diaria. Hemos estructurado nuestras [&hellip;]<\/p>\n","protected":false},"author":1,"featured_media":220918,"parent":0,"menu_order":0,"comment_status":"closed","ping_status":"closed","template":"","meta":{"_et_pb_use_builder":"on","_et_pb_old_content":"","_et_gb_content_width":"","footnotes":""},"class_list":["post-206563","page","type-page","status-publish","has-post-thumbnail","hentry"],"yoast_head":"<!-- This site is optimized with the Yoast SEO plugin v27.4 - https:\/\/yoast.com\/product\/yoast-seo-wordpress\/ -->\n<title>Yoga Eibar | Fitplace<\/title>\n<meta name=\"description\" content=\"Inscr\u00edbete y disfruta de las clases de yoga en Eibar, contamos con un equipo de Instructores dedicados a tu bienestar.\" \/>\n<meta name=\"robots\" content=\"index, follow, max-snippet:-1, max-image-preview:large, max-video-preview:-1\" \/>\n<link rel=\"canonical\" href=\"https:\/\/fitplace.fit\/eibar\/yoga\/\" \/>\n<meta property=\"og:locale\" content=\"es_ES\" \/>\n<meta property=\"og:type\" content=\"article\" \/>\n<meta property=\"og:title\" content=\"Yoga Eibar | Fitplace\" \/>\n<meta property=\"og:description\" content=\"Inscr\u00edbete y disfruta de las clases de yoga en Eibar, contamos con un equipo de Instructores dedicados a tu bienestar.\" \/>\n<meta property=\"og:url\" content=\"https:\/\/fitplace.fit\/eibar\/yoga\/\" \/>\n<meta property=\"og:site_name\" content=\"Fitplace Eibar\" \/>\n<meta property=\"article:modified_time\" content=\"2026-03-24T14:19:38+00:00\" \/>\n<meta property=\"og:image\" content=\"https:\/\/fitplace.fit\/eibar\/wp-content\/uploads\/2026\/03\/yoga-en-fitplace.jpg\" \/>\n\t<meta property=\"og:image:width\" content=\"2000\" \/>\n\t<meta property=\"og:image:height\" content=\"1333\" \/>\n\t<meta property=\"og:image:type\" content=\"image\/jpeg\" \/>\n<meta name=\"twitter:card\" content=\"summary_large_image\" \/>\n<meta name=\"twitter:label1\" content=\"Tiempo de lectura\" \/>\n\t<meta name=\"twitter:data1\" content=\"3 minutos\" \/>\n<script type=\"application\/ld+json\" class=\"yoast-schema-graph\">{\"@context\":\"https:\\\/\\\/schema.org\",\"@graph\":[{\"@type\":\"WebPage\",\"@id\":\"https:\\\/\\\/fitplace.fit\\\/eibar\\\/yoga\\\/\",\"url\":\"https:\\\/\\\/fitplace.fit\\\/eibar\\\/yoga\\\/\",\"name\":\"Yoga Eibar | Fitplace\",\"isPartOf\":{\"@id\":\"https:\\\/\\\/fitplace.fit\\\/eibar\\\/#website\"},\"primaryImageOfPage\":{\"@id\":\"https:\\\/\\\/fitplace.fit\\\/eibar\\\/yoga\\\/#primaryimage\"},\"image\":{\"@id\":\"https:\\\/\\\/fitplace.fit\\\/eibar\\\/yoga\\\/#primaryimage\"},\"thumbnailUrl\":\"https:\\\/\\\/fitplace.fit\\\/eibar\\\/wp-content\\\/uploads\\\/2026\\\/03\\\/yoga-en-fitplace.jpg\",\"datePublished\":\"2018-08-20T13:59:41+00:00\",\"dateModified\":\"2026-03-24T14:19:38+00:00\",\"description\":\"Inscr\u00edbete y disfruta de las clases de yoga en Eibar, contamos con un equipo de Instructores dedicados a tu bienestar.\",\"breadcrumb\":{\"@id\":\"https:\\\/\\\/fitplace.fit\\\/eibar\\\/yoga\\\/#breadcrumb\"},\"inLanguage\":\"es\",\"potentialAction\":[{\"@type\":\"ReadAction\",\"target\":[\"https:\\\/\\\/fitplace.fit\\\/eibar\\\/yoga\\\/\"]}]},{\"@type\":\"ImageObject\",\"inLanguage\":\"es\",\"@id\":\"https:\\\/\\\/fitplace.fit\\\/eibar\\\/yoga\\\/#primaryimage\",\"url\":\"https:\\\/\\\/fitplace.fit\\\/eibar\\\/wp-content\\\/uploads\\\/2026\\\/03\\\/yoga-en-fitplace.jpg\",\"contentUrl\":\"https:\\\/\\\/fitplace.fit\\\/eibar\\\/wp-content\\\/uploads\\\/2026\\\/03\\\/yoga-en-fitplace.jpg\",\"width\":2000,\"height\":1333,\"caption\":\"yoga en fitplace\"},{\"@type\":\"BreadcrumbList\",\"@id\":\"https:\\\/\\\/fitplace.fit\\\/eibar\\\/yoga\\\/#breadcrumb\",\"itemListElement\":[{\"@type\":\"ListItem\",\"position\":1,\"name\":\"Portada\",\"item\":\"https:\\\/\\\/fitplace.fit\\\/eibar\\\/\"},{\"@type\":\"ListItem\",\"position\":2,\"name\":\"Yoga Eibar\"}]},{\"@type\":\"WebSite\",\"@id\":\"https:\\\/\\\/fitplace.fit\\\/eibar\\\/#website\",\"url\":\"https:\\\/\\\/fitplace.fit\\\/eibar\\\/\",\"name\":\"Fitplace Eibar\",\"description\":\"Gimnasios en Eibar\",\"potentialAction\":[{\"@type\":\"SearchAction\",\"target\":{\"@type\":\"EntryPoint\",\"urlTemplate\":\"https:\\\/\\\/fitplace.fit\\\/eibar\\\/?s={search_term_string}\"},\"query-input\":{\"@type\":\"PropertyValueSpecification\",\"valueRequired\":true,\"valueName\":\"search_term_string\"}}],\"inLanguage\":\"es\"}]}<\/script>\n<!-- \/ Yoast SEO plugin. -->","yoast_head_json":{"title":"Yoga Eibar | Fitplace","description":"Inscr\u00edbete y disfruta de las clases de yoga en Eibar, contamos con un equipo de Instructores dedicados a tu bienestar.","robots":{"index":"index","follow":"follow","max-snippet":"max-snippet:-1","max-image-preview":"max-image-preview:large","max-video-preview":"max-video-preview:-1"},"canonical":"https:\/\/fitplace.fit\/eibar\/yoga\/","og_locale":"es_ES","og_type":"article","og_title":"Yoga Eibar | Fitplace","og_description":"Inscr\u00edbete y disfruta de las clases de yoga en Eibar, contamos con un equipo de Instructores dedicados a tu bienestar.","og_url":"https:\/\/fitplace.fit\/eibar\/yoga\/","og_site_name":"Fitplace Eibar","article_modified_time":"2026-03-24T14:19:38+00:00","og_image":[{"width":2000,"height":1333,"url":"https:\/\/fitplace.fit\/eibar\/wp-content\/uploads\/2026\/03\/yoga-en-fitplace.jpg","type":"image\/jpeg"}],"twitter_card":"summary_large_image","twitter_misc":{"Tiempo de lectura":"3 minutos"},"schema":{"@context":"https:\/\/schema.org","@graph":[{"@type":"WebPage","@id":"https:\/\/fitplace.fit\/eibar\/yoga\/","url":"https:\/\/fitplace.fit\/eibar\/yoga\/","name":"Yoga Eibar | Fitplace","isPartOf":{"@id":"https:\/\/fitplace.fit\/eibar\/#website"},"primaryImageOfPage":{"@id":"https:\/\/fitplace.fit\/eibar\/yoga\/#primaryimage"},"image":{"@id":"https:\/\/fitplace.fit\/eibar\/yoga\/#primaryimage"},"thumbnailUrl":"https:\/\/fitplace.fit\/eibar\/wp-content\/uploads\/2026\/03\/yoga-en-fitplace.jpg","datePublished":"2018-08-20T13:59:41+00:00","dateModified":"2026-03-24T14:19:38+00:00","description":"Inscr\u00edbete y disfruta de las clases de yoga en Eibar, contamos con un equipo de Instructores dedicados a tu bienestar.","breadcrumb":{"@id":"https:\/\/fitplace.fit\/eibar\/yoga\/#breadcrumb"},"inLanguage":"es","potentialAction":[{"@type":"ReadAction","target":["https:\/\/fitplace.fit\/eibar\/yoga\/"]}]},{"@type":"ImageObject","inLanguage":"es","@id":"https:\/\/fitplace.fit\/eibar\/yoga\/#primaryimage","url":"https:\/\/fitplace.fit\/eibar\/wp-content\/uploads\/2026\/03\/yoga-en-fitplace.jpg","contentUrl":"https:\/\/fitplace.fit\/eibar\/wp-content\/uploads\/2026\/03\/yoga-en-fitplace.jpg","width":2000,"height":1333,"caption":"yoga en fitplace"},{"@type":"BreadcrumbList","@id":"https:\/\/fitplace.fit\/eibar\/yoga\/#breadcrumb","itemListElement":[{"@type":"ListItem","position":1,"name":"Portada","item":"https:\/\/fitplace.fit\/eibar\/"},{"@type":"ListItem","position":2,"name":"Yoga Eibar"}]},{"@type":"WebSite","@id":"https:\/\/fitplace.fit\/eibar\/#website","url":"https:\/\/fitplace.fit\/eibar\/","name":"Fitplace Eibar","description":"Gimnasios en Eibar","potentialAction":[{"@type":"SearchAction","target":{"@type":"EntryPoint","urlTemplate":"https:\/\/fitplace.fit\/eibar\/?s={search_term_string}"},"query-input":{"@type":"PropertyValueSpecification","valueRequired":true,"valueName":"search_term_string"}}],"inLanguage":"es"}]}},"_links":{"self":[{"href":"https:\/\/fitplace.fit\/eibar\/wp-json\/wp\/v2\/pages\/206563","targetHints":{"allow":["GET"]}}],"collection":[{"href":"https:\/\/fitplace.fit\/eibar\/wp-json\/wp\/v2\/pages"}],"about":[{"href":"https:\/\/fitplace.fit\/eibar\/wp-json\/wp\/v2\/types\/page"}],"author":[{"embeddable":true,"href":"https:\/\/fitplace.fit\/eibar\/wp-json\/wp\/v2\/users\/1"}],"replies":[{"embeddable":true,"href":"https:\/\/fitplace.fit\/eibar\/wp-json\/wp\/v2\/comments?post=206563"}],"version-history":[{"count":13,"href":"https:\/\/fitplace.fit\/eibar\/wp-json\/wp\/v2\/pages\/206563\/revisions"}],"predecessor-version":[{"id":220957,"href":"https:\/\/fitplace.fit\/eibar\/wp-json\/wp\/v2\/pages\/206563\/revisions\/220957"}],"wp:featuredmedia":[{"embeddable":true,"href":"https:\/\/fitplace.fit\/eibar\/wp-json\/wp\/v2\/media\/220918"}],"wp:attachment":[{"href":"https:\/\/fitplace.fit\/eibar\/wp-json\/wp\/v2\/media?parent=206563"}],"curies":[{"name":"wp","href":"https:\/\/api.w.org\/{rel}","templated":true}]}}