{"id":206537,"date":"2018-08-20T15:25:27","date_gmt":"2018-08-20T15:25:27","guid":{"rendered":"https:\/\/pamplona.spartasportcenter.com\/?page_id=206537"},"modified":"2026-03-24T15:14:32","modified_gmt":"2026-03-24T14:14:32","slug":"zumba","status":"publish","type":"page","link":"https:\/\/fitplace.fit\/eibar\/zumba\/","title":{"rendered":"Zumba Eibar"},"content":{"rendered":"<p>[et_pb_section fb_built=\u00bb1&#8243; custom_padding_last_edited=\u00bbon|phone\u00bb disabled_on=\u00bboff|off|off\u00bb _builder_version=\u00bb4.27.4&#8243; background_color=\u00bb#000000&#8243; background_enable_image=\u00bboff\u00bb custom_margin=\u00bb||||false|false\u00bb custom_padding=\u00bb80px|0px|0px|0px|false|false\u00bb custom_padding_tablet=\u00bb\u00bb custom_padding_phone=\u00bb30px||50px||false|false\u00bb global_colors_info=\u00bb{}\u00bb][et_pb_row column_structure=\u00bb1_3,2_3&#8243; custom_padding_last_edited=\u00bbon|desktop\u00bb _builder_version=\u00bb4.16&#8243; _module_preset=\u00bbdefault\u00bb custom_padding=\u00bb0px||||false|false\u00bb custom_padding_tablet=\u00bb\u00bb custom_padding_phone=\u00bb0px||||false|false\u00bb global_colors_info=\u00bb{}\u00bb][et_pb_column type=\u00bb1_3&#8243; _builder_version=\u00bb4.16&#8243; _module_preset=\u00bbdefault\u00bb global_colors_info=\u00bb{}\u00bb][et_pb_text _builder_version=\u00bb4.16&#8243; text_font=\u00bb||||||||\u00bb header_font=\u00bb||||||||\u00bb header_text_align=\u00bbcenter\u00bb header_2_font=\u00bb|300||on|||||\u00bb header_2_text_align=\u00bbright\u00bb header_2_font_size=\u00bb29px\u00bb custom_margin=\u00bb||0px||false|false\u00bb custom_padding=\u00bb|15%|0px||false|false\u00bb header_2_text_align_tablet=\u00bb\u00bb header_2_text_align_phone=\u00bbleft\u00bb header_2_text_align_last_edited=\u00bbon|phone\u00bb header_2_font_size_tablet=\u00bb51px\u00bb header_2_font_size_phone=\u00bb25px\u00bb header_2_font_size_last_edited=\u00bbon|phone\u00bb border_width_right=\u00bb2px\u00bb border_color_right=\u00bb#cccccc\u00bb border_width_right_tablet=\u00bb\u00bb border_width_right_phone=\u00bb0px\u00bb border_width_right_last_edited=\u00bbon|phone\u00bb locked=\u00bboff\u00bb global_colors_info=\u00bb{}\u00bb]<\/p>\n<h2>clases de zumba en Eibar<\/h2>\n<p>[\/et_pb_text][\/et_pb_column][et_pb_column type=\u00bb2_3&#8243; _builder_version=\u00bb4.16&#8243; _module_preset=\u00bbdefault\u00bb global_colors_info=\u00bb{}\u00bb][et_pb_text _builder_version=\u00bb4.27.5&#8243; text_font=\u00bb|300|||||||\u00bb text_line_height=\u00bb1.1em\u00bb header_font=\u00bb|300|||||||\u00bb header_2_font=\u00bb|300||on|||||\u00bb header_2_text_color=\u00bb#cccccc\u00bb header_2_font_size=\u00bb36px\u00bb header_2_letter_spacing=\u00bb2px\u00bb background_layout=\u00bbdark\u00bb global_colors_info=\u00bb{}\u00bb]<\/p>\n<p><span style=\"font-weight: 400;\">En <\/span><strong>Fitplace Eibar<\/strong><span style=\"font-weight: 400;\"> sabemos que combinar actividad f\u00edsica con diversi\u00f3n es la clave para mantener una rutina de ejercicio constante. Nuestras sesiones de <\/span><strong>Zumba<\/strong><span style=\"font-weight: 400;\"> convierten cada entrenamiento en una <\/span><strong>celebraci\u00f3n<\/strong><span style=\"font-weight: 400;\"> donde el movimiento y la m\u00fasica se fusionan para darte momentos \u00fanicos de actividad y alegr\u00eda.<\/span><\/p>\n<p>[\/et_pb_text][et_pb_button button_text=\u00bb+\u00bb button_alignment=\u00bbcenter\u00bb module_class=\u00bbrv_button closed\u00bb _builder_version=\u00bb4.16&#8243; custom_button=\u00bbon\u00bb button_text_size=\u00bb39px\u00bb button_text_color=\u00bb#cccccc\u00bb button_border_width=\u00bb0px\u00bb button_border_radius=\u00bb0px\u00bb button_font=\u00bbOswald|700|||||||\u00bb button_use_icon=\u00bboff\u00bb custom_margin=\u00bb-40px|0px|-10px|0px|false|false\u00bb custom_margin_tablet=\u00bb\u00bb custom_margin_phone=\u00bb\u00bb custom_margin_last_edited=\u00bbon|phone\u00bb custom_padding=\u00bb0px|0px|0px|0px|true|\u00bb button_text_color_hover=\u00bbrgba(224,43,32,0.76)\u00bb button_border_color_hover=\u00bbrgba(0,0,0,0)\u00bb button_border_radius_hover=\u00bb0px\u00bb button_bg_color_hover=\u00bbrgba(0,0,0,0)\u00bb global_colors_info=\u00bb{}\u00bb button_text_size__hover_enabled=\u00bboff\u00bb button_one_text_size__hover_enabled=\u00bboff\u00bb button_two_text_size__hover_enabled=\u00bboff\u00bb button_text_color__hover_enabled=\u00bbon|desktop\u00bb button_text_color__hover=\u00bbrgba(255,255,255,0.5)\u00bb button_one_text_color__hover_enabled=\u00bboff\u00bb button_two_text_color__hover_enabled=\u00bboff\u00bb button_border_width__hover_enabled=\u00bboff\u00bb button_one_border_width__hover_enabled=\u00bboff\u00bb button_two_border_width__hover_enabled=\u00bboff\u00bb button_border_color__hover_enabled=\u00bbon\u00bb button_border_color__hover=\u00bbrgba(0,0,0,0)\u00bb button_one_border_color__hover_enabled=\u00bboff\u00bb button_two_border_color__hover_enabled=\u00bboff\u00bb button_border_radius__hover_enabled=\u00bbon\u00bb button_border_radius__hover=\u00bb0px\u00bb button_one_border_radius__hover_enabled=\u00bboff\u00bb button_two_border_radius__hover_enabled=\u00bboff\u00bb button_letter_spacing__hover_enabled=\u00bboff\u00bb button_one_letter_spacing__hover_enabled=\u00bboff\u00bb button_two_letter_spacing__hover_enabled=\u00bboff\u00bb button_bg_color__hover_enabled=\u00bbon\u00bb button_bg_color__hover=\u00bbrgba(255,255,255,0)\u00bb button_one_bg_color__hover_enabled=\u00bboff\u00bb button_two_bg_color__hover_enabled=\u00bboff\u00bb][\/et_pb_button][et_pb_text module_id=\u00bbreveal\u00bb _builder_version=\u00bb4.27.5&#8243; text_font=\u00bb|300|||||||\u00bb text_line_height=\u00bb1.1em\u00bb header_font=\u00bb|300|||||||\u00bb header_2_font=\u00bb|300||on|||||\u00bb header_2_text_color=\u00bb#cccccc\u00bb header_2_font_size=\u00bb36px\u00bb header_2_letter_spacing=\u00bb2px\u00bb background_layout=\u00bbdark\u00bb global_colors_info=\u00bb{}\u00bb]<\/p>\n<p><span style=\"font-weight: 400;\">Dise\u00f1amos cada clase como un espacio donde <\/span><strong>liberarte<\/strong><span style=\"font-weight: 400;\">, reconectar con tu esencia y sentirte bien mientras cuidas tu salud. Con secuencias din\u00e1micas inspiradas en <\/span><strong>ritmos latinos<\/strong><span style=\"font-weight: 400;\"> y una atm\u00f3sfera contagiosa, creamos el ambiente perfecto para que te superes mientras disfrutas al m\u00e1ximo.<\/span><\/p>\n<p><span style=\"font-weight: 400;\">Da igual tu nivel de baile o tu experiencia previa: en nuestras clases <\/span><strong>todos tienen cabida<\/strong><span style=\"font-weight: 400;\">. Lo fundamental es dejarse llevar, activar el cuerpo y vivir el momento. Nuestros profesores te acompa\u00f1an con <\/span><strong>energ\u00eda positiva y conocimiento t\u00e9cnico<\/strong><span style=\"font-weight: 400;\"> para que cada sesi\u00f3n sea memorable y efectiva.<\/span><\/p>\n<p>[\/et_pb_text][\/et_pb_column][\/et_pb_row][et_pb_row column_structure=\u00bb1_3,2_3&#8243; custom_padding_last_edited=\u00bbon|phone\u00bb _builder_version=\u00bb4.16&#8243; _module_preset=\u00bbdefault\u00bb custom_margin=\u00bb||0px||false|false\u00bb custom_padding=\u00bb||||false|false\u00bb custom_padding_tablet=\u00bb\u00bb custom_padding_phone=\u00bb0px||0px||false|false\u00bb global_colors_info=\u00bb{}\u00bb][et_pb_column type=\u00bb1_3&#8243; _builder_version=\u00bb4.16&#8243; _module_preset=\u00bbdefault\u00bb global_colors_info=\u00bb{}\u00bb][et_pb_text _builder_version=\u00bb4.16&#8243; text_font=\u00bb||||||||\u00bb header_font=\u00bb||||||||\u00bb header_text_align=\u00bbcenter\u00bb header_2_font=\u00bb|300||on|||||\u00bb header_2_text_align=\u00bbright\u00bb header_2_font_size=\u00bb29px\u00bb custom_margin=\u00bb||0px||false|false\u00bb custom_padding=\u00bb|15%|0px||false|false\u00bb header_2_text_align_tablet=\u00bb\u00bb header_2_text_align_phone=\u00bbleft\u00bb header_2_text_align_last_edited=\u00bbon|phone\u00bb header_2_font_size_tablet=\u00bb51px\u00bb header_2_font_size_phone=\u00bb25px\u00bb header_2_font_size_last_edited=\u00bbon|phone\u00bb border_width_right=\u00bb2px\u00bb border_color_right=\u00bb#cccccc\u00bb border_width_right_tablet=\u00bb\u00bb border_width_right_phone=\u00bb0px\u00bb border_width_right_last_edited=\u00bbon|phone\u00bb locked=\u00bboff\u00bb global_colors_info=\u00bb{}\u00bb]<\/p>\n<h2>Beneficios de la zumba en Eibar<\/h2>\n<p>[\/et_pb_text][\/et_pb_column][et_pb_column type=\u00bb2_3&#8243; _builder_version=\u00bb4.16&#8243; _module_preset=\u00bbdefault\u00bb global_colors_info=\u00bb{}\u00bb][et_pb_text _builder_version=\u00bb4.27.5&#8243; text_font=\u00bb|300|||||||\u00bb text_line_height=\u00bb1.1em\u00bb header_font=\u00bb|300|||||||\u00bb header_2_font=\u00bb|300||on|||||\u00bb header_2_text_color=\u00bb#cccccc\u00bb header_2_font_size=\u00bb36px\u00bb header_2_letter_spacing=\u00bb2px\u00bb background_layout=\u00bbdark\u00bb global_colors_info=\u00bb{}\u00bb]<\/p>\n<p><span style=\"font-weight: 400;\">Participar en nuestras clases va m\u00e1s all\u00e1 del simple ejercicio f\u00edsico. Descubre las ventajas que experimentar\u00e1s r\u00e1pidamente:<\/span><\/p>\n<ul>\n<li style=\"font-weight: 400;\" aria-level=\"1\"><b>Quema de calor\u00edas de forma natural<\/b><span style=\"font-weight: 400;\">: Eliminas grasas mientras el ritmo y la diversi\u00f3n toman protagonismo.<\/span><\/li>\n<li style=\"font-weight: 400;\" aria-level=\"1\"><b>Mejora del sistema cardiovascular<\/b><span style=\"font-weight: 400;\">: Los ejercicios aer\u00f3bicos aumentan tu capacidad pulmonar y fortalecen tu m\u00fasculo card\u00edaco.<\/span><\/li>\n<li style=\"font-weight: 400;\" aria-level=\"1\"><b>Trabajo muscular integral<\/b><span style=\"font-weight: 400;\">: Desde las piernas hasta el core, pasando por brazos y zona gl\u00fatea, todo tu cuerpo se activa bailando.<\/span><\/li>\n<li style=\"font-weight: 400;\" aria-level=\"1\"><b>Alivio de tensiones acumuladas<\/b><span style=\"font-weight: 400;\">: La mezcla de melod\u00edas, coreograf\u00edas y ambiente grupal eleva tu estado de \u00e1nimo y disipa preocupaciones.<\/span><\/li>\n<li style=\"font-weight: 400;\" aria-level=\"1\"><b>Comunidad estimulante<\/b><span style=\"font-weight: 400;\">: Compartes la experiencia con personas que buscan, igual que t\u00fa, activarse con entusiasmo y vibraci\u00f3n positiva.<\/span><\/li>\n<\/ul>\n<p>[\/et_pb_text][\/et_pb_column][\/et_pb_row][\/et_pb_section][et_pb_section fb_built=\u00bb1&#8243; custom_padding_last_edited=\u00bbon|phone\u00bb _builder_version=\u00bb4.27.4&#8243; _module_preset=\u00bbdefault\u00bb background_color=\u00bb#000000&#8243; custom_padding=\u00bb0px||50px||false|false\u00bb custom_padding_tablet=\u00bb\u00bb custom_padding_phone=\u00bb||30px||false|false\u00bb global_colors_info=\u00bb{}\u00bb][et_pb_row column_structure=\u00bb1_3,2_3&#8243; custom_padding_last_edited=\u00bbon|phone\u00bb _builder_version=\u00bb4.16&#8243; _module_preset=\u00bbdefault\u00bb custom_padding_tablet=\u00bb\u00bb custom_padding_phone=\u00bb0px||0px||false|false\u00bb global_colors_info=\u00bb{}\u00bb][et_pb_column type=\u00bb1_3&#8243; _builder_version=\u00bb4.16&#8243; _module_preset=\u00bbdefault\u00bb global_colors_info=\u00bb{}\u00bb][et_pb_text _builder_version=\u00bb4.16&#8243; text_font=\u00bb||||||||\u00bb header_font=\u00bb||||||||\u00bb header_text_align=\u00bbcenter\u00bb header_2_font=\u00bb|300||on|||||\u00bb header_2_text_align=\u00bbright\u00bb header_2_font_size=\u00bb29px\u00bb custom_margin=\u00bb||0px||false|false\u00bb custom_padding=\u00bb|15%|0px||false|false\u00bb header_2_text_align_tablet=\u00bb\u00bb header_2_text_align_phone=\u00bbleft\u00bb header_2_text_align_last_edited=\u00bbon|phone\u00bb header_2_font_size_tablet=\u00bb51px\u00bb header_2_font_size_phone=\u00bb25px\u00bb header_2_font_size_last_edited=\u00bbon|phone\u00bb border_width_right=\u00bb2px\u00bb border_color_right=\u00bb#cccccc\u00bb border_width_right_tablet=\u00bb\u00bb border_width_right_phone=\u00bb0px\u00bb border_width_right_last_edited=\u00bbon|phone\u00bb locked=\u00bboff\u00bb global_colors_info=\u00bb{}\u00bb]<\/p>\n<h2>Por qu\u00e9 zumba en Fitplace Eibar<\/h2>\n<p>[\/et_pb_text][\/et_pb_column][et_pb_column type=\u00bb2_3&#8243; _builder_version=\u00bb4.16&#8243; _module_preset=\u00bbdefault\u00bb global_colors_info=\u00bb{}\u00bb][et_pb_text _builder_version=\u00bb4.27.5&#8243; text_font=\u00bb|300|||||||\u00bb text_line_height=\u00bb1.1em\u00bb header_font=\u00bb|300|||||||\u00bb header_2_font=\u00bb|300||on|||||\u00bb header_2_text_color=\u00bb#cccccc\u00bb header_2_font_size=\u00bb36px\u00bb header_2_letter_spacing=\u00bb2px\u00bb background_layout=\u00bbdark\u00bb global_colors_info=\u00bb{}\u00bb]<\/p>\n<p><span style=\"font-weight: 400;\">En Fitplace ponemos especial atenci\u00f3n en ofrecerte una experiencia integral:<\/span><\/p>\n<ul>\n<li style=\"font-weight: 400;\" aria-level=\"1\"><b>Profesionales con vocaci\u00f3n<\/b><span style=\"font-weight: 400;\">: Contamos con instructores cualificados que transmiten tanto conocimiento como inspiraci\u00f3n en cada movimiento.<\/span><\/li>\n<li style=\"font-weight: 400;\" aria-level=\"1\"><b>Instalaciones preparadas para el movimiento<\/b><span style=\"font-weight: 400;\">: Nuestras salas amplias y equipadas te ofrecen el espacio ideal para expresarte sin l\u00edmites.<\/span><\/li>\n<li style=\"font-weight: 400;\" aria-level=\"1\"><b>Horarios adaptables<\/b><span style=\"font-weight: 400;\">: Opciones variadas para que integres f\u00e1cilmente las clases en tu d\u00eda a d\u00eda.<\/span><\/li>\n<li style=\"font-weight: 400;\" aria-level=\"1\"><b>Acompa\u00f1amiento personalizado<\/b><span style=\"font-weight: 400;\">: Vamos m\u00e1s all\u00e1 de la actividad f\u00edsica, d\u00e1ndote seguimiento y consejos adaptados a tus necesidades.<\/span><\/li>\n<\/ul>\n<p><span style=\"font-weight: 400;\">En Fitplace Eibar transformamos tu visi\u00f3n del entrenamiento en algo que deseas vivir. La Zumba representa mucho m\u00e1s que actividad f\u00edsica: es una manera de honrar tu cuerpo mientras potencias tu salud integral.<\/span><\/p>\n<p>[\/et_pb_text][\/et_pb_column][\/et_pb_row][\/et_pb_section]<\/p>\n","protected":false},"excerpt":{"rendered":"<p>clases de zumba en EibarEn Fitplace Eibar sabemos que combinar actividad f\u00edsica con diversi\u00f3n es la clave para mantener una rutina de ejercicio constante. Nuestras sesiones de Zumba convierten cada entrenamiento en una celebraci\u00f3n donde el movimiento y la m\u00fasica se fusionan para darte momentos \u00fanicos de actividad y alegr\u00eda.Dise\u00f1amos cada clase como un espacio [&hellip;]<\/p>\n","protected":false},"author":1,"featured_media":220896,"parent":0,"menu_order":0,"comment_status":"closed","ping_status":"closed","template":"","meta":{"_et_pb_use_builder":"on","_et_pb_old_content":"","_et_gb_content_width":"","footnotes":""},"class_list":["post-206537","page","type-page","status-publish","has-post-thumbnail","hentry"],"yoast_head":"<!-- This site is optimized with the Yoast SEO plugin v27.4 - https:\/\/yoast.com\/product\/yoast-seo-wordpress\/ -->\n<title>Zumba Eibar | Fitplace<\/title>\n<meta name=\"description\" content=\"Inscr\u00edbete y disfruta de nuestras clases de zumba en Eibar, contamos con un equipo de Instructores 100% dedicados a tu bienestar.\" \/>\n<meta name=\"robots\" content=\"index, follow, max-snippet:-1, max-image-preview:large, max-video-preview:-1\" \/>\n<link rel=\"canonical\" href=\"https:\/\/fitplace.fit\/eibar\/zumba\/\" \/>\n<meta property=\"og:locale\" content=\"es_ES\" \/>\n<meta property=\"og:type\" content=\"article\" \/>\n<meta property=\"og:title\" content=\"Zumba Eibar | Fitplace\" \/>\n<meta property=\"og:description\" content=\"Inscr\u00edbete y disfruta de nuestras clases de zumba en Eibar, contamos con un equipo de Instructores 100% dedicados a tu bienestar.\" \/>\n<meta property=\"og:url\" content=\"https:\/\/fitplace.fit\/eibar\/zumba\/\" \/>\n<meta property=\"og:site_name\" content=\"Fitplace Eibar\" \/>\n<meta property=\"article:modified_time\" content=\"2026-03-24T14:14:32+00:00\" \/>\n<meta property=\"og:image\" content=\"https:\/\/fitplace.fit\/eibar\/wp-content\/uploads\/2026\/03\/clase-zumba.jpg\" \/>\n\t<meta property=\"og:image:width\" content=\"2000\" \/>\n\t<meta property=\"og:image:height\" content=\"1333\" \/>\n\t<meta property=\"og:image:type\" content=\"image\/jpeg\" \/>\n<meta name=\"twitter:card\" content=\"summary_large_image\" \/>\n<meta name=\"twitter:label1\" content=\"Tiempo de lectura\" \/>\n\t<meta name=\"twitter:data1\" content=\"2 minutos\" \/>\n<script type=\"application\/ld+json\" class=\"yoast-schema-graph\">{\"@context\":\"https:\\\/\\\/schema.org\",\"@graph\":[{\"@type\":\"WebPage\",\"@id\":\"https:\\\/\\\/fitplace.fit\\\/eibar\\\/zumba\\\/\",\"url\":\"https:\\\/\\\/fitplace.fit\\\/eibar\\\/zumba\\\/\",\"name\":\"Zumba Eibar | Fitplace\",\"isPartOf\":{\"@id\":\"https:\\\/\\\/fitplace.fit\\\/eibar\\\/#website\"},\"primaryImageOfPage\":{\"@id\":\"https:\\\/\\\/fitplace.fit\\\/eibar\\\/zumba\\\/#primaryimage\"},\"image\":{\"@id\":\"https:\\\/\\\/fitplace.fit\\\/eibar\\\/zumba\\\/#primaryimage\"},\"thumbnailUrl\":\"https:\\\/\\\/fitplace.fit\\\/eibar\\\/wp-content\\\/uploads\\\/2026\\\/03\\\/clase-zumba.jpg\",\"datePublished\":\"2018-08-20T15:25:27+00:00\",\"dateModified\":\"2026-03-24T14:14:32+00:00\",\"description\":\"Inscr\u00edbete y disfruta de nuestras clases de zumba en Eibar, contamos con un equipo de Instructores 100% dedicados a tu bienestar.\",\"breadcrumb\":{\"@id\":\"https:\\\/\\\/fitplace.fit\\\/eibar\\\/zumba\\\/#breadcrumb\"},\"inLanguage\":\"es\",\"potentialAction\":[{\"@type\":\"ReadAction\",\"target\":[\"https:\\\/\\\/fitplace.fit\\\/eibar\\\/zumba\\\/\"]}]},{\"@type\":\"ImageObject\",\"inLanguage\":\"es\",\"@id\":\"https:\\\/\\\/fitplace.fit\\\/eibar\\\/zumba\\\/#primaryimage\",\"url\":\"https:\\\/\\\/fitplace.fit\\\/eibar\\\/wp-content\\\/uploads\\\/2026\\\/03\\\/clase-zumba.jpg\",\"contentUrl\":\"https:\\\/\\\/fitplace.fit\\\/eibar\\\/wp-content\\\/uploads\\\/2026\\\/03\\\/clase-zumba.jpg\",\"width\":2000,\"height\":1333,\"caption\":\"clase zumba\"},{\"@type\":\"BreadcrumbList\",\"@id\":\"https:\\\/\\\/fitplace.fit\\\/eibar\\\/zumba\\\/#breadcrumb\",\"itemListElement\":[{\"@type\":\"ListItem\",\"position\":1,\"name\":\"Portada\",\"item\":\"https:\\\/\\\/fitplace.fit\\\/eibar\\\/\"},{\"@type\":\"ListItem\",\"position\":2,\"name\":\"Zumba Eibar\"}]},{\"@type\":\"WebSite\",\"@id\":\"https:\\\/\\\/fitplace.fit\\\/eibar\\\/#website\",\"url\":\"https:\\\/\\\/fitplace.fit\\\/eibar\\\/\",\"name\":\"Fitplace Eibar\",\"description\":\"Gimnasios en Eibar\",\"potentialAction\":[{\"@type\":\"SearchAction\",\"target\":{\"@type\":\"EntryPoint\",\"urlTemplate\":\"https:\\\/\\\/fitplace.fit\\\/eibar\\\/?s={search_term_string}\"},\"query-input\":{\"@type\":\"PropertyValueSpecification\",\"valueRequired\":true,\"valueName\":\"search_term_string\"}}],\"inLanguage\":\"es\"}]}<\/script>\n<!-- \/ Yoast SEO plugin. -->","yoast_head_json":{"title":"Zumba Eibar | Fitplace","description":"Inscr\u00edbete y disfruta de nuestras clases de zumba en Eibar, contamos con un equipo de Instructores 100% dedicados a tu bienestar.","robots":{"index":"index","follow":"follow","max-snippet":"max-snippet:-1","max-image-preview":"max-image-preview:large","max-video-preview":"max-video-preview:-1"},"canonical":"https:\/\/fitplace.fit\/eibar\/zumba\/","og_locale":"es_ES","og_type":"article","og_title":"Zumba Eibar | Fitplace","og_description":"Inscr\u00edbete y disfruta de nuestras clases de zumba en Eibar, contamos con un equipo de Instructores 100% dedicados a tu bienestar.","og_url":"https:\/\/fitplace.fit\/eibar\/zumba\/","og_site_name":"Fitplace Eibar","article_modified_time":"2026-03-24T14:14:32+00:00","og_image":[{"width":2000,"height":1333,"url":"https:\/\/fitplace.fit\/eibar\/wp-content\/uploads\/2026\/03\/clase-zumba.jpg","type":"image\/jpeg"}],"twitter_card":"summary_large_image","twitter_misc":{"Tiempo de lectura":"2 minutos"},"schema":{"@context":"https:\/\/schema.org","@graph":[{"@type":"WebPage","@id":"https:\/\/fitplace.fit\/eibar\/zumba\/","url":"https:\/\/fitplace.fit\/eibar\/zumba\/","name":"Zumba Eibar | Fitplace","isPartOf":{"@id":"https:\/\/fitplace.fit\/eibar\/#website"},"primaryImageOfPage":{"@id":"https:\/\/fitplace.fit\/eibar\/zumba\/#primaryimage"},"image":{"@id":"https:\/\/fitplace.fit\/eibar\/zumba\/#primaryimage"},"thumbnailUrl":"https:\/\/fitplace.fit\/eibar\/wp-content\/uploads\/2026\/03\/clase-zumba.jpg","datePublished":"2018-08-20T15:25:27+00:00","dateModified":"2026-03-24T14:14:32+00:00","description":"Inscr\u00edbete y disfruta de nuestras clases de zumba en Eibar, contamos con un equipo de Instructores 100% dedicados a tu bienestar.","breadcrumb":{"@id":"https:\/\/fitplace.fit\/eibar\/zumba\/#breadcrumb"},"inLanguage":"es","potentialAction":[{"@type":"ReadAction","target":["https:\/\/fitplace.fit\/eibar\/zumba\/"]}]},{"@type":"ImageObject","inLanguage":"es","@id":"https:\/\/fitplace.fit\/eibar\/zumba\/#primaryimage","url":"https:\/\/fitplace.fit\/eibar\/wp-content\/uploads\/2026\/03\/clase-zumba.jpg","contentUrl":"https:\/\/fitplace.fit\/eibar\/wp-content\/uploads\/2026\/03\/clase-zumba.jpg","width":2000,"height":1333,"caption":"clase zumba"},{"@type":"BreadcrumbList","@id":"https:\/\/fitplace.fit\/eibar\/zumba\/#breadcrumb","itemListElement":[{"@type":"ListItem","position":1,"name":"Portada","item":"https:\/\/fitplace.fit\/eibar\/"},{"@type":"ListItem","position":2,"name":"Zumba Eibar"}]},{"@type":"WebSite","@id":"https:\/\/fitplace.fit\/eibar\/#website","url":"https:\/\/fitplace.fit\/eibar\/","name":"Fitplace Eibar","description":"Gimnasios en Eibar","potentialAction":[{"@type":"SearchAction","target":{"@type":"EntryPoint","urlTemplate":"https:\/\/fitplace.fit\/eibar\/?s={search_term_string}"},"query-input":{"@type":"PropertyValueSpecification","valueRequired":true,"valueName":"search_term_string"}}],"inLanguage":"es"}]}},"_links":{"self":[{"href":"https:\/\/fitplace.fit\/eibar\/wp-json\/wp\/v2\/pages\/206537","targetHints":{"allow":["GET"]}}],"collection":[{"href":"https:\/\/fitplace.fit\/eibar\/wp-json\/wp\/v2\/pages"}],"about":[{"href":"https:\/\/fitplace.fit\/eibar\/wp-json\/wp\/v2\/types\/page"}],"author":[{"embeddable":true,"href":"https:\/\/fitplace.fit\/eibar\/wp-json\/wp\/v2\/users\/1"}],"replies":[{"embeddable":true,"href":"https:\/\/fitplace.fit\/eibar\/wp-json\/wp\/v2\/comments?post=206537"}],"version-history":[{"count":15,"href":"https:\/\/fitplace.fit\/eibar\/wp-json\/wp\/v2\/pages\/206537\/revisions"}],"predecessor-version":[{"id":220946,"href":"https:\/\/fitplace.fit\/eibar\/wp-json\/wp\/v2\/pages\/206537\/revisions\/220946"}],"wp:featuredmedia":[{"embeddable":true,"href":"https:\/\/fitplace.fit\/eibar\/wp-json\/wp\/v2\/media\/220896"}],"wp:attachment":[{"href":"https:\/\/fitplace.fit\/eibar\/wp-json\/wp\/v2\/media?parent=206537"}],"curies":[{"name":"wp","href":"https:\/\/api.w.org\/{rel}","templated":true}]}}