{"id":206533,"date":"2018-08-20T15:24:35","date_gmt":"2018-08-20T15:24:35","guid":{"rendered":"https:\/\/pamplona.spartasportcenter.com\/?page_id=206533"},"modified":"2026-03-24T14:54:11","modified_gmt":"2026-03-24T13:54:11","slug":"entrenador-personal","status":"publish","type":"page","link":"https:\/\/fitplace.fit\/eibar\/entrenador-personal\/","title":{"rendered":"Entrenador Personal Eibar"},"content":{"rendered":"<p>[et_pb_section fb_built=\u00bb1&#8243; custom_padding_last_edited=\u00bbon|phone\u00bb disabled_on=\u00bboff|off|off\u00bb _builder_version=\u00bb4.27.4&#8243; background_color=\u00bb#000000&#8243; background_enable_image=\u00bboff\u00bb custom_margin=\u00bb||||false|false\u00bb custom_padding=\u00bb80px|0px|0px|0px|false|false\u00bb custom_padding_tablet=\u00bb\u00bb custom_padding_phone=\u00bb30px||50px||false|false\u00bb global_colors_info=\u00bb{}\u00bb][et_pb_row column_structure=\u00bb1_3,2_3&#8243; custom_padding_last_edited=\u00bbon|desktop\u00bb _builder_version=\u00bb4.16&#8243; _module_preset=\u00bbdefault\u00bb custom_padding=\u00bb0px||||false|false\u00bb custom_padding_tablet=\u00bb\u00bb custom_padding_phone=\u00bb0px||||false|false\u00bb global_colors_info=\u00bb{}\u00bb][et_pb_column type=\u00bb1_3&#8243; _builder_version=\u00bb4.16&#8243; _module_preset=\u00bbdefault\u00bb global_colors_info=\u00bb{}\u00bb][et_pb_text _builder_version=\u00bb4.16&#8243; text_font=\u00bb||||||||\u00bb header_font=\u00bb||||||||\u00bb header_text_align=\u00bbcenter\u00bb header_2_font=\u00bb|300||on|||||\u00bb header_2_text_align=\u00bbright\u00bb header_2_font_size=\u00bb29px\u00bb custom_margin=\u00bb||0px||false|false\u00bb custom_padding=\u00bb|15%|0px||false|false\u00bb header_2_text_align_tablet=\u00bb\u00bb header_2_text_align_phone=\u00bbleft\u00bb header_2_text_align_last_edited=\u00bbon|phone\u00bb header_2_font_size_tablet=\u00bb51px\u00bb header_2_font_size_phone=\u00bb25px\u00bb header_2_font_size_last_edited=\u00bbon|phone\u00bb border_width_right=\u00bb2px\u00bb border_color_right=\u00bb#cccccc\u00bb border_width_right_tablet=\u00bb\u00bb border_width_right_phone=\u00bb0px\u00bb border_width_right_last_edited=\u00bbon|phone\u00bb locked=\u00bboff\u00bb global_colors_info=\u00bb{}\u00bb]<\/p>\n<h2>ALCANZA TUS OBJETIVOS <\/h2>\n<p>[\/et_pb_text][\/et_pb_column][et_pb_column type=\u00bb2_3&#8243; _builder_version=\u00bb4.16&#8243; _module_preset=\u00bbdefault\u00bb global_colors_info=\u00bb{}\u00bb][et_pb_text _builder_version=\u00bb4.27.6&#8243; text_font=\u00bb|300|||||||\u00bb text_line_height=\u00bb1.1em\u00bb header_font=\u00bb|300|||||||\u00bb header_2_font=\u00bb|300||on|||||\u00bb header_2_text_color=\u00bb#cccccc\u00bb header_2_font_size=\u00bb36px\u00bb header_2_letter_spacing=\u00bb2px\u00bb background_layout=\u00bbdark\u00bb hover_enabled=\u00bb0&#8243; global_colors_info=\u00bb{}\u00bb sticky_enabled=\u00bb0&#8243;]<\/p>\n<p><span style=\"font-weight: 400;\">En Fitplace Eibar comprendemos la importancia de <\/span><strong>sentirte c\u00f3modo con tu imagen<\/strong><span style=\"font-weight: 400;\"> y lograr esos prop\u00f3sitos que has estado visualizando. Por ello, ponemos a tu disposici\u00f3n un servicio premium de <\/span><strong>entrenamiento individualizado<\/strong><span style=\"font-weight: 400;\"> enfocado en revolucionar tanto tu f\u00edsico como tu salud de manera completa.<\/span><\/p>\n<p>[\/et_pb_text][et_pb_button button_text=\u00bb+\u00bb button_alignment=\u00bbcenter\u00bb module_class=\u00bbrv_button3 closed\u00bb _builder_version=\u00bb4.16&#8243; custom_button=\u00bbon\u00bb button_text_size=\u00bb39px\u00bb button_text_color=\u00bb#cccccc\u00bb button_border_width=\u00bb0px\u00bb button_border_radius=\u00bb0px\u00bb button_font=\u00bbOswald|700|||||||\u00bb button_use_icon=\u00bboff\u00bb custom_margin=\u00bb-40px|0px|-10px|0px|false|false\u00bb custom_padding=\u00bb0px|0px|0px|0px|true|\u00bb button_text_color_hover=\u00bbrgba(224,43,32,0.76)\u00bb button_bg_color_hover=\u00bbrgba(255,255,255,0)\u00bb locked=\u00bboff\u00bb global_colors_info=\u00bb{}\u00bb button_text_size__hover_enabled=\u00bboff\u00bb button_one_text_size__hover_enabled=\u00bboff\u00bb button_two_text_size__hover_enabled=\u00bboff\u00bb button_text_color__hover_enabled=\u00bbon|desktop\u00bb button_text_color__hover=\u00bbrgba(255,255,255,0.5)\u00bb button_one_text_color__hover_enabled=\u00bboff\u00bb button_two_text_color__hover_enabled=\u00bboff\u00bb button_border_width__hover_enabled=\u00bboff\u00bb button_one_border_width__hover_enabled=\u00bboff\u00bb button_two_border_width__hover_enabled=\u00bboff\u00bb button_border_color__hover_enabled=\u00bboff\u00bb button_one_border_color__hover_enabled=\u00bboff\u00bb button_two_border_color__hover_enabled=\u00bboff\u00bb button_border_radius__hover_enabled=\u00bboff\u00bb button_one_border_radius__hover_enabled=\u00bboff\u00bb button_two_border_radius__hover_enabled=\u00bboff\u00bb button_letter_spacing__hover_enabled=\u00bboff\u00bb button_one_letter_spacing__hover_enabled=\u00bboff\u00bb button_two_letter_spacing__hover_enabled=\u00bboff\u00bb button_bg_color__hover_enabled=\u00bbon\u00bb button_bg_color__hover=\u00bbrgba(255,255,255,0)\u00bb button_one_bg_color__hover_enabled=\u00bboff\u00bb button_two_bg_color__hover_enabled=\u00bboff\u00bb]&nbsp;<br \/>\n[\/et_pb_button][et_pb_text module_id=\u00bbreveal3&#8243; _builder_version=\u00bb4.27.5&#8243; text_font=\u00bb|300|||||||\u00bb text_line_height=\u00bb1.1em\u00bb header_font=\u00bb|300|||||||\u00bb header_2_font=\u00bb|300||on|||||\u00bb header_2_text_color=\u00bb#cccccc\u00bb header_2_font_size=\u00bb36px\u00bb header_2_letter_spacing=\u00bb2px\u00bb background_layout=\u00bbdark\u00bb global_colors_info=\u00bb{}\u00bb]<\/p>\n<p><span style=\"font-weight: 400;\">Con nosotros no encontrar\u00e1s <\/span><strong>programas estandarizados<\/strong><span style=\"font-weight: 400;\"> ni ejercicios repetitivos sin personalizaci\u00f3n. Nuestros entrenadores personales te dan una <\/span><strong>atenci\u00f3n exclusiva<\/strong><span style=\"font-weight: 400;\">, totalmente ajustada a tu nivel actual, tus objetivos espec\u00edficos y tu ritmo de vida. Desde tu primera sesi\u00f3n, cuentas con un <\/span><strong>especialista comprometido<\/strong><span style=\"font-weight: 400;\"> que conoce exactamente c\u00f3mo potenciar tu m\u00e1ximo rendimiento.<\/span><\/p>\n<p>[\/et_pb_text][\/et_pb_column][\/et_pb_row][et_pb_row column_structure=\u00bb1_3,2_3&#8243; custom_padding_last_edited=\u00bbon|phone\u00bb _builder_version=\u00bb4.16&#8243; _module_preset=\u00bbdefault\u00bb custom_margin=\u00bb||0px||false|false\u00bb custom_padding=\u00bb||||false|false\u00bb custom_padding_tablet=\u00bb\u00bb custom_padding_phone=\u00bb0px||0px||false|false\u00bb global_colors_info=\u00bb{}\u00bb][et_pb_column type=\u00bb1_3&#8243; _builder_version=\u00bb4.16&#8243; _module_preset=\u00bbdefault\u00bb global_colors_info=\u00bb{}\u00bb][et_pb_text _builder_version=\u00bb4.16&#8243; text_font=\u00bb||||||||\u00bb header_font=\u00bb||||||||\u00bb header_text_align=\u00bbcenter\u00bb header_2_font=\u00bb|300||on|||||\u00bb header_2_text_align=\u00bbright\u00bb header_2_font_size=\u00bb29px\u00bb custom_margin=\u00bb||0px||false|false\u00bb custom_padding=\u00bb|15%|0px||false|false\u00bb header_2_text_align_tablet=\u00bb\u00bb header_2_text_align_phone=\u00bbleft\u00bb header_2_text_align_last_edited=\u00bbon|phone\u00bb header_2_font_size_tablet=\u00bb51px\u00bb header_2_font_size_phone=\u00bb25px\u00bb header_2_font_size_last_edited=\u00bbon|phone\u00bb border_width_right=\u00bb2px\u00bb border_color_right=\u00bb#cccccc\u00bb border_width_right_tablet=\u00bb\u00bb border_width_right_phone=\u00bb0px\u00bb border_width_right_last_edited=\u00bbon|phone\u00bb locked=\u00bboff\u00bb global_colors_info=\u00bb{}\u00bb]<\/p>\n<h2>Beneficios del entrenador personal en Eibar<\/h2>\n<p>[\/et_pb_text][\/et_pb_column][et_pb_column type=\u00bb2_3&#8243; _builder_version=\u00bb4.16&#8243; _module_preset=\u00bbdefault\u00bb global_colors_info=\u00bb{}\u00bb][et_pb_text _builder_version=\u00bb4.27.5&#8243; text_font=\u00bb|300|||||||\u00bb text_line_height=\u00bb1.1em\u00bb header_font=\u00bb|300|||||||\u00bb header_2_font=\u00bb|300||on|||||\u00bb header_2_text_color=\u00bb#cccccc\u00bb header_2_font_size=\u00bb36px\u00bb header_2_letter_spacing=\u00bb2px\u00bb background_layout=\u00bbdark\u00bb global_colors_info=\u00bb{}\u00bb]<\/p>\n<p><span style=\"font-weight: 400;\">Ya sea para <\/span><strong>reducir grasa corporal<\/strong><span style=\"font-weight: 400;\">, desarrollar masa muscular o incrementar tu capacidad f\u00edsica, tu coach personal se convierte en tu <\/span><strong>aliado directo<\/strong><span style=\"font-weight: 400;\"> durante todo el camino. Trabajando en equipo conseguir\u00e9is:<\/span><\/p>\n<ul>\n<li style=\"font-weight: 400;\" aria-level=\"1\"><b>Definir objetivos espec\u00edficos y alcanzables<\/b><span style=\"font-weight: 400;\"> desde el inicio.<\/span><\/li>\n<li style=\"font-weight: 400;\" aria-level=\"1\"><b>Crear un programa de ejercicios \u00fanico<\/b><span style=\"font-weight: 400;\"> pensado exclusivamente para ti.<\/span><\/li>\n<li style=\"font-weight: 400;\" aria-level=\"1\"><b>Modificar la estrategia de entrenamiento<\/b><span style=\"font-weight: 400;\"> conforme evolucionas y progresas.<\/span><\/li>\n<li style=\"font-weight: 400;\" aria-level=\"1\"><b>Afrontar juntos cualquier obst\u00e1culo<\/b><span style=\"font-weight: 400;\">, ya sea de naturaleza f\u00edsica o psicol\u00f3gica.<\/span><\/li>\n<\/ul>\n<p>[\/et_pb_text][et_pb_button button_text=\u00bb+\u00bb button_alignment=\u00bbcenter\u00bb module_class=\u00bbrv_button2 closed\u00bb _builder_version=\u00bb4.16&#8243; custom_button=\u00bbon\u00bb button_text_size=\u00bb39px\u00bb button_text_color=\u00bb#cccccc\u00bb button_border_width=\u00bb0px\u00bb button_border_radius=\u00bb0px\u00bb button_font=\u00bbOswald|700|||||||\u00bb button_use_icon=\u00bboff\u00bb custom_margin=\u00bb-40px|0px|-10px|0px|false|false\u00bb custom_margin_tablet=\u00bb\u00bb custom_margin_phone=\u00bb\u00bb custom_margin_last_edited=\u00bbon|phone\u00bb custom_padding=\u00bb0px|0px|0px|0px|true|\u00bb button_text_color_hover=\u00bbrgba(224,43,32,0.76)\u00bb button_bg_color_hover=\u00bbrgba(255,255,255,0)\u00bb locked=\u00bboff\u00bb global_colors_info=\u00bb{}\u00bb button_text_size__hover_enabled=\u00bboff\u00bb button_one_text_size__hover_enabled=\u00bboff\u00bb button_two_text_size__hover_enabled=\u00bboff\u00bb button_text_color__hover_enabled=\u00bbon|desktop\u00bb button_text_color__hover=\u00bbrgba(255,255,255,0.5)\u00bb button_one_text_color__hover_enabled=\u00bboff\u00bb button_two_text_color__hover_enabled=\u00bboff\u00bb button_border_width__hover_enabled=\u00bboff\u00bb button_one_border_width__hover_enabled=\u00bboff\u00bb button_two_border_width__hover_enabled=\u00bboff\u00bb button_border_color__hover_enabled=\u00bboff\u00bb button_one_border_color__hover_enabled=\u00bboff\u00bb button_two_border_color__hover_enabled=\u00bboff\u00bb button_border_radius__hover_enabled=\u00bboff\u00bb button_one_border_radius__hover_enabled=\u00bboff\u00bb button_two_border_radius__hover_enabled=\u00bboff\u00bb button_letter_spacing__hover_enabled=\u00bboff\u00bb button_one_letter_spacing__hover_enabled=\u00bboff\u00bb button_two_letter_spacing__hover_enabled=\u00bboff\u00bb button_bg_color__hover_enabled=\u00bbon\u00bb button_bg_color__hover=\u00bbrgba(255,255,255,0)\u00bb button_one_bg_color__hover_enabled=\u00bboff\u00bb button_two_bg_color__hover_enabled=\u00bboff\u00bb]&nbsp;<br \/>\n[\/et_pb_button][et_pb_text module_id=\u00bbreveal2&#8243; _builder_version=\u00bb4.27.5&#8243; text_font=\u00bb|300|||||||\u00bb text_line_height=\u00bb1.1em\u00bb header_font=\u00bb|300|||||||\u00bb header_2_font=\u00bb|300||on|||||\u00bb header_2_text_color=\u00bb#cccccc\u00bb header_2_font_size=\u00bb36px\u00bb header_2_letter_spacing=\u00bb2px\u00bb background_layout=\u00bbdark\u00bb global_colors_info=\u00bb{}\u00bb]<\/p>\n<p><span style=\"font-weight: 400;\">Pero nuestra filosof\u00eda va mucho m\u00e1s lejos. En Fitplace adoptamos una <\/span><b>visi\u00f3n hol\u00edstica<\/b><span style=\"font-weight: 400;\"> de tu desarrollo. Complementando el ejercicio f\u00edsico, tambi\u00e9n obtienes <\/span><b>asesoramiento integral<\/b><span style=\"font-weight: 400;\"> en:<\/span><\/p>\n<ul>\n<li style=\"font-weight: 400;\" aria-level=\"1\"><b>Nutrici\u00f3n<\/b><span style=\"font-weight: 400;\">: Recomendaciones efectivas para una <\/span><b>dieta que respalde tus metas<\/b><span style=\"font-weight: 400;\"> deportivas.<\/span><\/li>\n<li style=\"font-weight: 400;\" aria-level=\"1\"><b>Descanso<\/b><span style=\"font-weight: 400;\">: Estrategias para <\/span><b>potenciar tu recuperaci\u00f3n<\/b><span style=\"font-weight: 400;\"> y maximizar tus resultados.<\/span><\/li>\n<li style=\"font-weight: 400;\" aria-level=\"1\"><b>Bienestar mental<\/b><span style=\"font-weight: 400;\">: T\u00e9cnicas para <\/span><b>mantener la determinaci\u00f3n<\/b><span style=\"font-weight: 400;\"> y el enfoque positivo.<\/span><\/li>\n<\/ul>\n<p>[\/et_pb_text][\/et_pb_column][\/et_pb_row][\/et_pb_section][et_pb_section fb_built=\u00bb1&#8243; custom_padding_last_edited=\u00bbon|phone\u00bb _builder_version=\u00bb4.27.4&#8243; _module_preset=\u00bbdefault\u00bb background_color=\u00bb#000000&#8243; custom_padding=\u00bb0px||50px||false|false\u00bb custom_padding_tablet=\u00bb\u00bb custom_padding_phone=\u00bb||30px||false|false\u00bb global_colors_info=\u00bb{}\u00bb][et_pb_row column_structure=\u00bb1_3,2_3&#8243; custom_padding_last_edited=\u00bbon|phone\u00bb _builder_version=\u00bb4.16&#8243; _module_preset=\u00bbdefault\u00bb custom_padding_tablet=\u00bb\u00bb custom_padding_phone=\u00bb0px||0px||false|false\u00bb global_colors_info=\u00bb{}\u00bb][et_pb_column type=\u00bb1_3&#8243; _builder_version=\u00bb4.16&#8243; _module_preset=\u00bbdefault\u00bb global_colors_info=\u00bb{}\u00bb][et_pb_text _builder_version=\u00bb4.16&#8243; text_font=\u00bb||||||||\u00bb header_font=\u00bb||||||||\u00bb header_text_align=\u00bbcenter\u00bb header_2_font=\u00bb|300||on|||||\u00bb header_2_text_align=\u00bbright\u00bb header_2_font_size=\u00bb29px\u00bb custom_margin=\u00bb||0px||false|false\u00bb custom_padding=\u00bb|15%|0px||false|false\u00bb header_2_text_align_tablet=\u00bb\u00bb header_2_text_align_phone=\u00bbleft\u00bb header_2_text_align_last_edited=\u00bbon|phone\u00bb header_2_font_size_tablet=\u00bb51px\u00bb header_2_font_size_phone=\u00bb25px\u00bb header_2_font_size_last_edited=\u00bbon|phone\u00bb border_width_right=\u00bb2px\u00bb border_color_right=\u00bb#cccccc\u00bb border_width_right_tablet=\u00bb\u00bb border_width_right_phone=\u00bb0px\u00bb border_width_right_last_edited=\u00bbon|phone\u00bb locked=\u00bboff\u00bb global_colors_info=\u00bb{}\u00bb]<\/p>\n<h2>Por qu\u00e9 Entrenador Personal en Fitplace Eibar<\/h2>\n<p>[\/et_pb_text][\/et_pb_column][et_pb_column type=\u00bb2_3&#8243; _builder_version=\u00bb4.16&#8243; _module_preset=\u00bbdefault\u00bb global_colors_info=\u00bb{}\u00bb][et_pb_text _builder_version=\u00bb4.27.5&#8243; text_font=\u00bb|300|||||||\u00bb text_line_height=\u00bb1.1em\u00bb header_font=\u00bb|300|||||||\u00bb header_2_font=\u00bb|300||on|||||\u00bb header_2_text_color=\u00bb#cccccc\u00bb header_2_font_size=\u00bb36px\u00bb header_2_letter_spacing=\u00bb2px\u00bb background_layout=\u00bbdark\u00bb global_colors_info=\u00bb{}\u00bb]<\/p>\n<p><span style=\"font-weight: 400;\">Trabajar con uno de nuestros <\/span><b>entrenadores cualificados<\/b><span style=\"font-weight: 400;\"> marca una diferencia tangible en tus avances:<\/span><\/p>\n<ul>\n<li style=\"font-weight: 400;\" aria-level=\"1\"><b>Dedicaci\u00f3n individualizada en todas las sesiones<\/b><span style=\"font-weight: 400;\">: Garantizamos que cada ejercicio se ejecute con <\/span><b>t\u00e9cnica correcta y seguridad<\/b><span style=\"font-weight: 400;\"> absoluta.<\/span><\/li>\n<li style=\"font-weight: 400;\" aria-level=\"1\"><b>Monitorizaci\u00f3n permanente de tu evoluci\u00f3n<\/b><span style=\"font-weight: 400;\">: Mantendr\u00e1s el <\/span><b>camino claro y definido<\/b><span style=\"font-weight: 400;\">, incluso en momentos de menor energ\u00eda.<\/span><\/li>\n<li style=\"font-weight: 400;\" aria-level=\"1\"><b>Programas diversos y estimulantes<\/b><span style=\"font-weight: 400;\">: Cada jornada de entrenamiento presenta <\/span><b>nuevos retos y variedad<\/b><span style=\"font-weight: 400;\"> para evitar la monoton\u00eda.<\/span><\/li>\n<li style=\"font-weight: 400;\" aria-level=\"1\"><b>Apoyo en la construcci\u00f3n de h\u00e1bitos positivos<\/b><span style=\"font-weight: 400;\">: Porque tus acciones <\/span><b>fuera de las instalaciones<\/b><span style=\"font-weight: 400;\"> son igualmente decisivas.<\/span><\/li>\n<\/ul>\n<p><span style=\"font-weight: 400;\">En Fitplace Eibar nos comprometemos a <\/span><b>guiarte progresivamente<\/b><span style=\"font-weight: 400;\"> hacia una existencia m\u00e1s din\u00e1mica, armoniosa y saludable. Nuestro personal trainer no solo te <\/span><b>respalda en el aspecto f\u00edsico<\/b><span style=\"font-weight: 400;\">, sino que tambi\u00e9n te <\/span><b>motiva mentalmente<\/b><span style=\"font-weight: 400;\"> para que puedas conservar tus conquistas de manera permanente.<\/span><\/p>\n<p>[\/et_pb_text][\/et_pb_column][\/et_pb_row][\/et_pb_section]<\/p>\n","protected":false},"excerpt":{"rendered":"<p>ALCANZA TUS OBJETIVOS En Fitplace Eibar comprendemos la importancia de sentirte c\u00f3modo con tu imagen y lograr esos prop\u00f3sitos que has estado visualizando. Por ello, ponemos a tu disposici\u00f3n un servicio premium de entrenamiento individualizado enfocado en revolucionar tanto tu f\u00edsico como tu salud de manera completa.&nbsp; Con nosotros no encontrar\u00e1s programas estandarizados ni ejercicios [&hellip;]<\/p>\n","protected":false},"author":1,"featured_media":220900,"parent":0,"menu_order":0,"comment_status":"closed","ping_status":"closed","template":"","meta":{"_et_pb_use_builder":"on","_et_pb_old_content":"","_et_gb_content_width":"","footnotes":""},"class_list":["post-206533","page","type-page","status-publish","has-post-thumbnail","hentry"],"yoast_head":"<!-- This site is optimized with the Yoast SEO plugin v27.4 - https:\/\/yoast.com\/product\/yoast-seo-wordpress\/ -->\n<title>Entrenador personal Eibar | Fitplace<\/title>\n<meta name=\"description\" content=\"\u00bfEst\u00e1s buscando un gimnasio con entrenador personal en Eibar? En Fitplace podemos ayudarte. \u00a1Ap\u00fantate ya!\" \/>\n<meta name=\"robots\" content=\"index, follow, max-snippet:-1, max-image-preview:large, max-video-preview:-1\" \/>\n<link rel=\"canonical\" href=\"https:\/\/fitplace.fit\/eibar\/entrenador-personal\/\" \/>\n<meta property=\"og:locale\" content=\"es_ES\" \/>\n<meta property=\"og:type\" content=\"article\" \/>\n<meta property=\"og:title\" content=\"Entrenador personal Eibar | Fitplace\" \/>\n<meta property=\"og:description\" content=\"\u00bfEst\u00e1s buscando un gimnasio con entrenador personal en Eibar? En Fitplace podemos ayudarte. \u00a1Ap\u00fantate ya!\" \/>\n<meta property=\"og:url\" content=\"https:\/\/fitplace.fit\/eibar\/entrenador-personal\/\" \/>\n<meta property=\"og:site_name\" content=\"Fitplace Eibar\" \/>\n<meta property=\"article:modified_time\" content=\"2026-03-24T13:54:11+00:00\" \/>\n<meta property=\"og:image\" content=\"https:\/\/fitplace.fit\/eibar\/wp-content\/uploads\/2026\/03\/entrenador-personal-en-fitplace.jpg\" \/>\n\t<meta property=\"og:image:width\" content=\"2000\" \/>\n\t<meta property=\"og:image:height\" content=\"1333\" \/>\n\t<meta property=\"og:image:type\" content=\"image\/jpeg\" \/>\n<meta name=\"twitter:card\" content=\"summary_large_image\" \/>\n<meta name=\"twitter:label1\" content=\"Tiempo de lectura\" \/>\n\t<meta name=\"twitter:data1\" content=\"2 minutos\" \/>\n<script type=\"application\/ld+json\" class=\"yoast-schema-graph\">{\"@context\":\"https:\\\/\\\/schema.org\",\"@graph\":[{\"@type\":\"WebPage\",\"@id\":\"https:\\\/\\\/fitplace.fit\\\/eibar\\\/entrenador-personal\\\/\",\"url\":\"https:\\\/\\\/fitplace.fit\\\/eibar\\\/entrenador-personal\\\/\",\"name\":\"Entrenador personal Eibar | Fitplace\",\"isPartOf\":{\"@id\":\"https:\\\/\\\/fitplace.fit\\\/eibar\\\/#website\"},\"primaryImageOfPage\":{\"@id\":\"https:\\\/\\\/fitplace.fit\\\/eibar\\\/entrenador-personal\\\/#primaryimage\"},\"image\":{\"@id\":\"https:\\\/\\\/fitplace.fit\\\/eibar\\\/entrenador-personal\\\/#primaryimage\"},\"thumbnailUrl\":\"https:\\\/\\\/fitplace.fit\\\/eibar\\\/wp-content\\\/uploads\\\/2026\\\/03\\\/entrenador-personal-en-fitplace.jpg\",\"datePublished\":\"2018-08-20T15:24:35+00:00\",\"dateModified\":\"2026-03-24T13:54:11+00:00\",\"description\":\"\u00bfEst\u00e1s buscando un gimnasio con entrenador personal en Eibar? En Fitplace podemos ayudarte. \u00a1Ap\u00fantate ya!\",\"breadcrumb\":{\"@id\":\"https:\\\/\\\/fitplace.fit\\\/eibar\\\/entrenador-personal\\\/#breadcrumb\"},\"inLanguage\":\"es\",\"potentialAction\":[{\"@type\":\"ReadAction\",\"target\":[\"https:\\\/\\\/fitplace.fit\\\/eibar\\\/entrenador-personal\\\/\"]}]},{\"@type\":\"ImageObject\",\"inLanguage\":\"es\",\"@id\":\"https:\\\/\\\/fitplace.fit\\\/eibar\\\/entrenador-personal\\\/#primaryimage\",\"url\":\"https:\\\/\\\/fitplace.fit\\\/eibar\\\/wp-content\\\/uploads\\\/2026\\\/03\\\/entrenador-personal-en-fitplace.jpg\",\"contentUrl\":\"https:\\\/\\\/fitplace.fit\\\/eibar\\\/wp-content\\\/uploads\\\/2026\\\/03\\\/entrenador-personal-en-fitplace.jpg\",\"width\":2000,\"height\":1333,\"caption\":\"entrenador personal en fitplace\"},{\"@type\":\"BreadcrumbList\",\"@id\":\"https:\\\/\\\/fitplace.fit\\\/eibar\\\/entrenador-personal\\\/#breadcrumb\",\"itemListElement\":[{\"@type\":\"ListItem\",\"position\":1,\"name\":\"Portada\",\"item\":\"https:\\\/\\\/fitplace.fit\\\/eibar\\\/\"},{\"@type\":\"ListItem\",\"position\":2,\"name\":\"Entrenador Personal Eibar\"}]},{\"@type\":\"WebSite\",\"@id\":\"https:\\\/\\\/fitplace.fit\\\/eibar\\\/#website\",\"url\":\"https:\\\/\\\/fitplace.fit\\\/eibar\\\/\",\"name\":\"Fitplace Eibar\",\"description\":\"Gimnasios en Eibar\",\"potentialAction\":[{\"@type\":\"SearchAction\",\"target\":{\"@type\":\"EntryPoint\",\"urlTemplate\":\"https:\\\/\\\/fitplace.fit\\\/eibar\\\/?s={search_term_string}\"},\"query-input\":{\"@type\":\"PropertyValueSpecification\",\"valueRequired\":true,\"valueName\":\"search_term_string\"}}],\"inLanguage\":\"es\"}]}<\/script>\n<!-- \/ Yoast SEO plugin. -->","yoast_head_json":{"title":"Entrenador personal Eibar | Fitplace","description":"\u00bfEst\u00e1s buscando un gimnasio con entrenador personal en Eibar? En Fitplace podemos ayudarte. \u00a1Ap\u00fantate ya!","robots":{"index":"index","follow":"follow","max-snippet":"max-snippet:-1","max-image-preview":"max-image-preview:large","max-video-preview":"max-video-preview:-1"},"canonical":"https:\/\/fitplace.fit\/eibar\/entrenador-personal\/","og_locale":"es_ES","og_type":"article","og_title":"Entrenador personal Eibar | Fitplace","og_description":"\u00bfEst\u00e1s buscando un gimnasio con entrenador personal en Eibar? En Fitplace podemos ayudarte. \u00a1Ap\u00fantate ya!","og_url":"https:\/\/fitplace.fit\/eibar\/entrenador-personal\/","og_site_name":"Fitplace Eibar","article_modified_time":"2026-03-24T13:54:11+00:00","og_image":[{"width":2000,"height":1333,"url":"https:\/\/fitplace.fit\/eibar\/wp-content\/uploads\/2026\/03\/entrenador-personal-en-fitplace.jpg","type":"image\/jpeg"}],"twitter_card":"summary_large_image","twitter_misc":{"Tiempo de lectura":"2 minutos"},"schema":{"@context":"https:\/\/schema.org","@graph":[{"@type":"WebPage","@id":"https:\/\/fitplace.fit\/eibar\/entrenador-personal\/","url":"https:\/\/fitplace.fit\/eibar\/entrenador-personal\/","name":"Entrenador personal Eibar | Fitplace","isPartOf":{"@id":"https:\/\/fitplace.fit\/eibar\/#website"},"primaryImageOfPage":{"@id":"https:\/\/fitplace.fit\/eibar\/entrenador-personal\/#primaryimage"},"image":{"@id":"https:\/\/fitplace.fit\/eibar\/entrenador-personal\/#primaryimage"},"thumbnailUrl":"https:\/\/fitplace.fit\/eibar\/wp-content\/uploads\/2026\/03\/entrenador-personal-en-fitplace.jpg","datePublished":"2018-08-20T15:24:35+00:00","dateModified":"2026-03-24T13:54:11+00:00","description":"\u00bfEst\u00e1s buscando un gimnasio con entrenador personal en Eibar? En Fitplace podemos ayudarte. \u00a1Ap\u00fantate ya!","breadcrumb":{"@id":"https:\/\/fitplace.fit\/eibar\/entrenador-personal\/#breadcrumb"},"inLanguage":"es","potentialAction":[{"@type":"ReadAction","target":["https:\/\/fitplace.fit\/eibar\/entrenador-personal\/"]}]},{"@type":"ImageObject","inLanguage":"es","@id":"https:\/\/fitplace.fit\/eibar\/entrenador-personal\/#primaryimage","url":"https:\/\/fitplace.fit\/eibar\/wp-content\/uploads\/2026\/03\/entrenador-personal-en-fitplace.jpg","contentUrl":"https:\/\/fitplace.fit\/eibar\/wp-content\/uploads\/2026\/03\/entrenador-personal-en-fitplace.jpg","width":2000,"height":1333,"caption":"entrenador personal en fitplace"},{"@type":"BreadcrumbList","@id":"https:\/\/fitplace.fit\/eibar\/entrenador-personal\/#breadcrumb","itemListElement":[{"@type":"ListItem","position":1,"name":"Portada","item":"https:\/\/fitplace.fit\/eibar\/"},{"@type":"ListItem","position":2,"name":"Entrenador Personal Eibar"}]},{"@type":"WebSite","@id":"https:\/\/fitplace.fit\/eibar\/#website","url":"https:\/\/fitplace.fit\/eibar\/","name":"Fitplace Eibar","description":"Gimnasios en Eibar","potentialAction":[{"@type":"SearchAction","target":{"@type":"EntryPoint","urlTemplate":"https:\/\/fitplace.fit\/eibar\/?s={search_term_string}"},"query-input":{"@type":"PropertyValueSpecification","valueRequired":true,"valueName":"search_term_string"}}],"inLanguage":"es"}]}},"_links":{"self":[{"href":"https:\/\/fitplace.fit\/eibar\/wp-json\/wp\/v2\/pages\/206533","targetHints":{"allow":["GET"]}}],"collection":[{"href":"https:\/\/fitplace.fit\/eibar\/wp-json\/wp\/v2\/pages"}],"about":[{"href":"https:\/\/fitplace.fit\/eibar\/wp-json\/wp\/v2\/types\/page"}],"author":[{"embeddable":true,"href":"https:\/\/fitplace.fit\/eibar\/wp-json\/wp\/v2\/users\/1"}],"replies":[{"embeddable":true,"href":"https:\/\/fitplace.fit\/eibar\/wp-json\/wp\/v2\/comments?post=206533"}],"version-history":[{"count":51,"href":"https:\/\/fitplace.fit\/eibar\/wp-json\/wp\/v2\/pages\/206533\/revisions"}],"predecessor-version":[{"id":220924,"href":"https:\/\/fitplace.fit\/eibar\/wp-json\/wp\/v2\/pages\/206533\/revisions\/220924"}],"wp:featuredmedia":[{"embeddable":true,"href":"https:\/\/fitplace.fit\/eibar\/wp-json\/wp\/v2\/media\/220900"}],"wp:attachment":[{"href":"https:\/\/fitplace.fit\/eibar\/wp-json\/wp\/v2\/media?parent=206533"}],"curies":[{"name":"wp","href":"https:\/\/api.w.org\/{rel}","templated":true}]}}