{"id":205762,"date":"2018-08-08T16:24:44","date_gmt":"2018-08-08T16:24:44","guid":{"rendered":"https:\/\/pamplona.spartasportcenter.com\/?page_id=205762"},"modified":"2026-03-25T15:42:36","modified_gmt":"2026-03-25T14:42:36","slug":"pilates","status":"publish","type":"page","link":"https:\/\/fitplace.fit\/eibar\/pilates\/","title":{"rendered":"Pilates Eibar"},"content":{"rendered":"<p>[et_pb_section fb_built=\u00bb1&#8243; custom_padding_last_edited=\u00bbon|phone\u00bb disabled_on=\u00bboff|off|off\u00bb _builder_version=\u00bb4.27.4&#8243; background_color=\u00bb#000000&#8243; background_enable_image=\u00bboff\u00bb custom_margin=\u00bb||||false|false\u00bb custom_padding=\u00bb80px|0px|0px|0px|false|false\u00bb custom_padding_tablet=\u00bb\u00bb custom_padding_phone=\u00bb30px||50px||false|false\u00bb global_colors_info=\u00bb{}\u00bb][et_pb_row column_structure=\u00bb1_3,2_3&#8243; custom_padding_last_edited=\u00bbon|desktop\u00bb _builder_version=\u00bb4.16&#8243; _module_preset=\u00bbdefault\u00bb custom_padding=\u00bb0px||||false|false\u00bb custom_padding_tablet=\u00bb\u00bb custom_padding_phone=\u00bb0px||||false|false\u00bb global_colors_info=\u00bb{}\u00bb][et_pb_column type=\u00bb1_3&#8243; _builder_version=\u00bb4.16&#8243; _module_preset=\u00bbdefault\u00bb global_colors_info=\u00bb{}\u00bb][et_pb_text _builder_version=\u00bb4.16&#8243; text_font=\u00bb||||||||\u00bb header_font=\u00bb||||||||\u00bb header_text_align=\u00bbcenter\u00bb header_2_font=\u00bb|300||on|||||\u00bb header_2_text_align=\u00bbright\u00bb header_2_font_size=\u00bb29px\u00bb custom_margin=\u00bb||0px||false|false\u00bb custom_padding=\u00bb|15%|0px||false|false\u00bb header_2_text_align_tablet=\u00bb\u00bb header_2_text_align_phone=\u00bbleft\u00bb header_2_text_align_last_edited=\u00bbon|phone\u00bb header_2_font_size_tablet=\u00bb51px\u00bb header_2_font_size_phone=\u00bb25px\u00bb header_2_font_size_last_edited=\u00bbon|phone\u00bb border_width_right=\u00bb2px\u00bb border_color_right=\u00bb#cccccc\u00bb border_width_right_tablet=\u00bb\u00bb border_width_right_phone=\u00bb0px\u00bb border_width_right_last_edited=\u00bbon|phone\u00bb locked=\u00bboff\u00bb global_colors_info=\u00bb{}\u00bb]<\/p>\n<h2>clases de pilates en Eibar<\/h2>\n<p>[\/et_pb_text][\/et_pb_column][et_pb_column type=\u00bb2_3&#8243; _builder_version=\u00bb4.16&#8243; _module_preset=\u00bbdefault\u00bb global_colors_info=\u00bb{}\u00bb][et_pb_text _builder_version=\u00bb4.27.5&#8243; text_font=\u00bb|300|||||||\u00bb text_line_height=\u00bb1.1em\u00bb header_font=\u00bb|300|||||||\u00bb header_2_font=\u00bb|300||on|||||\u00bb header_2_text_color=\u00bb#cccccc\u00bb header_2_font_size=\u00bb36px\u00bb header_2_letter_spacing=\u00bb2px\u00bb background_layout=\u00bbdark\u00bb global_colors_info=\u00bb{}\u00bb]<\/p>\n<p><span style=\"font-weight: 400;\">En <\/span><strong>Fitplace Eibar<\/strong><span style=\"font-weight: 400;\">, concebimos el Pilates como la disciplina definitiva para alcanzar la armon\u00eda entre cuerpo y mente. M\u00e1s que un entrenamiento convencional, es un sistema integral dise\u00f1ado para potenciar la fuerza interior, la estabilidad estructural y una conciencia corporal profunda.<\/span><\/p>\n<p>[\/et_pb_text][et_pb_button button_text=\u00bb+\u00bb button_alignment=\u00bbcenter\u00bb module_class=\u00bbrv_button closed\u00bb _builder_version=\u00bb4.16&#8243; custom_button=\u00bbon\u00bb button_text_size=\u00bb39px\u00bb button_text_color=\u00bb#cccccc\u00bb button_border_width=\u00bb0px\u00bb button_border_radius=\u00bb0px\u00bb button_font=\u00bbOswald|700|||||||\u00bb button_use_icon=\u00bboff\u00bb custom_margin=\u00bb-40px|0px|-10px|0px|false|false\u00bb custom_margin_tablet=\u00bb\u00bb custom_margin_phone=\u00bb\u00bb custom_margin_last_edited=\u00bbon|phone\u00bb custom_padding=\u00bb0px|0px|0px|0px|true|\u00bb button_text_color_hover=\u00bbrgba(224,43,32,0.76)\u00bb button_border_color_hover=\u00bbrgba(0,0,0,0)\u00bb button_border_radius_hover=\u00bb0px\u00bb button_bg_color_hover=\u00bbrgba(0,0,0,0)\u00bb global_colors_info=\u00bb{}\u00bb button_text_size__hover_enabled=\u00bboff\u00bb button_one_text_size__hover_enabled=\u00bboff\u00bb button_two_text_size__hover_enabled=\u00bboff\u00bb button_text_color__hover_enabled=\u00bbon|desktop\u00bb button_text_color__hover=\u00bbrgba(255,255,255,0.5)\u00bb button_one_text_color__hover_enabled=\u00bboff\u00bb button_two_text_color__hover_enabled=\u00bboff\u00bb button_border_width__hover_enabled=\u00bboff\u00bb button_one_border_width__hover_enabled=\u00bboff\u00bb button_two_border_width__hover_enabled=\u00bboff\u00bb button_border_color__hover_enabled=\u00bbon\u00bb button_border_color__hover=\u00bbrgba(0,0,0,0)\u00bb button_one_border_color__hover_enabled=\u00bboff\u00bb button_two_border_color__hover_enabled=\u00bboff\u00bb button_border_radius__hover_enabled=\u00bbon\u00bb button_border_radius__hover=\u00bb0px\u00bb button_one_border_radius__hover_enabled=\u00bboff\u00bb button_two_border_radius__hover_enabled=\u00bboff\u00bb button_letter_spacing__hover_enabled=\u00bboff\u00bb button_one_letter_spacing__hover_enabled=\u00bboff\u00bb button_two_letter_spacing__hover_enabled=\u00bboff\u00bb button_bg_color__hover_enabled=\u00bbon\u00bb button_bg_color__hover=\u00bbrgba(255,255,255,0)\u00bb button_one_bg_color__hover_enabled=\u00bboff\u00bb button_two_bg_color__hover_enabled=\u00bboff\u00bb][\/et_pb_button][et_pb_text module_id=\u00bbreveal\u00bb _builder_version=\u00bb4.27.5&#8243; text_font=\u00bb|300|||||||\u00bb text_line_height=\u00bb1.1em\u00bb header_font=\u00bb|300|||||||\u00bb header_2_font=\u00bb|300||on|||||\u00bb header_2_text_color=\u00bb#cccccc\u00bb header_2_font_size=\u00bb36px\u00bb header_2_letter_spacing=\u00bb2px\u00bb background_layout=\u00bbdark\u00bb global_colors_info=\u00bb{}\u00bb]<\/p>\n<p><span style=\"font-weight: 400;\">Nuestras sesiones est\u00e1n estructuradas para dar la bienvenida a todo tipo de perfiles, desde principiantes que buscan mejorar su movilidad hasta practicantes avanzados que desean perfeccionar su control.\u00a0<\/span><\/p>\n<p><span style=\"font-weight: 400;\">Lo fundamental en nuestro gimnasio es el <\/span><strong>progreso individualizado<\/strong><span style=\"font-weight: 400;\">: avanzar\u00e1s de forma segura y constante bajo la supervisi\u00f3n de instructores certificados, expertos en corregir la t\u00e9cnica para que cada movimiento sea eficiente y beneficioso.<\/span><\/p>\n<p><span style=\"font-weight: 400;\">Sabemos que tu tiempo es valioso; por ello, ofrecemos una amplia flexibilidad horaria que te permite integrar el Pilates en tu d\u00eda a d\u00eda sin complicaciones. Todo esto en un ambiente profesional que transforma el esfuerzo en una experiencia sumamente gratificante.<\/span><\/p>\n<p>[\/et_pb_text][\/et_pb_column][\/et_pb_row][et_pb_row column_structure=\u00bb1_3,2_3&#8243; custom_padding_last_edited=\u00bbon|phone\u00bb _builder_version=\u00bb4.16&#8243; _module_preset=\u00bbdefault\u00bb custom_margin=\u00bb||0px||false|false\u00bb custom_padding=\u00bb||||false|false\u00bb custom_padding_tablet=\u00bb\u00bb custom_padding_phone=\u00bb0px||0px||false|false\u00bb global_colors_info=\u00bb{}\u00bb][et_pb_column type=\u00bb1_3&#8243; _builder_version=\u00bb4.16&#8243; _module_preset=\u00bbdefault\u00bb global_colors_info=\u00bb{}\u00bb][et_pb_text _builder_version=\u00bb4.16&#8243; text_font=\u00bb||||||||\u00bb header_font=\u00bb||||||||\u00bb header_text_align=\u00bbcenter\u00bb header_2_font=\u00bb|300||on|||||\u00bb header_2_text_align=\u00bbright\u00bb header_2_font_size=\u00bb29px\u00bb custom_margin=\u00bb||0px||false|false\u00bb custom_padding=\u00bb|15%|0px||false|false\u00bb header_2_text_align_tablet=\u00bb\u00bb header_2_text_align_phone=\u00bbleft\u00bb header_2_text_align_last_edited=\u00bbon|phone\u00bb header_2_font_size_tablet=\u00bb51px\u00bb header_2_font_size_phone=\u00bb25px\u00bb header_2_font_size_last_edited=\u00bbon|phone\u00bb border_width_right=\u00bb2px\u00bb border_color_right=\u00bb#cccccc\u00bb border_width_right_tablet=\u00bb\u00bb border_width_right_phone=\u00bb0px\u00bb border_width_right_last_edited=\u00bbon|phone\u00bb locked=\u00bboff\u00bb global_colors_info=\u00bb{}\u00bb]<\/p>\n<h2>Beneficios<br \/>\ndel Pilates<br \/>\nen Eibar<\/h2>\n<p>[\/et_pb_text][\/et_pb_column][et_pb_column type=\u00bb2_3&#8243; _builder_version=\u00bb4.16&#8243; _module_preset=\u00bbdefault\u00bb global_colors_info=\u00bb{}\u00bb][et_pb_text _builder_version=\u00bb4.27.5&#8243; text_font=\u00bb|300|||||||\u00bb text_line_height=\u00bb1.1em\u00bb header_font=\u00bb|300|||||||\u00bb header_2_font=\u00bb|300||on|||||\u00bb header_2_text_color=\u00bb#cccccc\u00bb header_2_font_size=\u00bb36px\u00bb header_2_letter_spacing=\u00bb2px\u00bb background_layout=\u00bbdark\u00bb global_colors_info=\u00bb{}\u00bb]<\/p>\n<p><span style=\"font-weight: 400;\">Practicar Pilates en nuestras instalaciones supone una inversi\u00f3n directa en tu calidad de vida. Al trabajar de manera consciente y controlada, obtendr\u00e1s resultados que impactan en tu salud diaria:<\/span><\/p>\n<ul>\n<li style=\"font-weight: 400;\" aria-level=\"1\"><b>Fortalecimiento del \u00abCore\u00bb:<\/b><span style=\"font-weight: 400;\"> Intensificamos el trabajo en el abdomen, la espalda baja y la zona lumbar, pilares fundamentales para una columna sana.<\/span><\/li>\n<li style=\"font-weight: 400;\" aria-level=\"1\"><b>Agilidad y elasticidad:<\/b><span style=\"font-weight: 400;\"> Aumentamos tu rango de movimiento y la flexibilidad muscular, previniendo rigideces y lesiones.<\/span><\/li>\n<li style=\"font-weight: 400;\" aria-level=\"1\"><b>Control y estabilidad:<\/b><span style=\"font-weight: 400;\"> Al incidir en los m\u00fasculos estabilizadores, notar\u00e1s una mejora dr\u00e1stica en tu equilibrio y coordinaci\u00f3n motora.<\/span><\/li>\n<li style=\"font-weight: 400;\" aria-level=\"1\"><b>Alivio del estr\u00e9s:<\/b><span style=\"font-weight: 400;\"> Mediante la respiraci\u00f3n guiada y la concentraci\u00f3n, lograr\u00e1s desconectar del ruido externo y liberar tensiones acumuladas.<\/span><\/li>\n<\/ul>\n<p><span style=\"font-weight: 400;\">Es una disciplina sin barreras, perfecta para cualquier edad y condici\u00f3n f\u00edsica gracias a su naturaleza adaptable y de bajo impacto.<\/span><\/p>\n<p>[\/et_pb_text][\/et_pb_column][\/et_pb_row][\/et_pb_section][et_pb_section fb_built=\u00bb1&#8243; custom_padding_last_edited=\u00bbon|phone\u00bb _builder_version=\u00bb4.27.4&#8243; _module_preset=\u00bbdefault\u00bb background_color=\u00bb#000000&#8243; custom_padding=\u00bb0px||50px||false|false\u00bb custom_padding_tablet=\u00bb\u00bb custom_padding_phone=\u00bb||30px||false|false\u00bb global_colors_info=\u00bb{}\u00bb][et_pb_row column_structure=\u00bb1_3,2_3&#8243; custom_padding_last_edited=\u00bbon|phone\u00bb _builder_version=\u00bb4.16&#8243; _module_preset=\u00bbdefault\u00bb custom_padding_tablet=\u00bb\u00bb custom_padding_phone=\u00bb0px||0px||false|false\u00bb global_colors_info=\u00bb{}\u00bb][et_pb_column type=\u00bb1_3&#8243; _builder_version=\u00bb4.16&#8243; _module_preset=\u00bbdefault\u00bb global_colors_info=\u00bb{}\u00bb][et_pb_text _builder_version=\u00bb4.16&#8243; text_font=\u00bb||||||||\u00bb header_font=\u00bb||||||||\u00bb header_text_align=\u00bbcenter\u00bb header_2_font=\u00bb|300||on|||||\u00bb header_2_text_align=\u00bbright\u00bb header_2_font_size=\u00bb29px\u00bb custom_margin=\u00bb||0px||false|false\u00bb custom_padding=\u00bb|15%|0px||false|false\u00bb header_2_text_align_tablet=\u00bb\u00bb header_2_text_align_phone=\u00bbleft\u00bb header_2_text_align_last_edited=\u00bbon|phone\u00bb header_2_font_size_tablet=\u00bb51px\u00bb header_2_font_size_phone=\u00bb25px\u00bb header_2_font_size_last_edited=\u00bbon|phone\u00bb border_width_right=\u00bb2px\u00bb border_color_right=\u00bb#cccccc\u00bb border_width_right_tablet=\u00bb\u00bb border_width_right_phone=\u00bb0px\u00bb border_width_right_last_edited=\u00bbon|phone\u00bb locked=\u00bboff\u00bb global_colors_info=\u00bb{}\u00bb]<\/p>\n<h2>Por qu\u00e9 Pilates en Fitplace Eibar<\/h2>\n<p>[\/et_pb_text][\/et_pb_column][et_pb_column type=\u00bb2_3&#8243; _builder_version=\u00bb4.16&#8243; _module_preset=\u00bbdefault\u00bb global_colors_info=\u00bb{}\u00bb][et_pb_text _builder_version=\u00bb4.27.5&#8243; text_font=\u00bb|300|||||||\u00bb text_line_height=\u00bb1.1em\u00bb header_font=\u00bb|300|||||||\u00bb header_2_font=\u00bb|300||on|||||\u00bb header_2_text_color=\u00bb#cccccc\u00bb header_2_font_size=\u00bb36px\u00bb header_2_letter_spacing=\u00bb2px\u00bb background_layout=\u00bbdark\u00bb global_colors_info=\u00bb{}\u00bb]<\/p>\n<p><span style=\"font-weight: 400;\">En <\/span><strong>Fitplace<\/strong><span style=\"font-weight: 400;\">, nos esforzamos por crear el entorno perfecto para tu evoluci\u00f3n. Elegirnos significa disfrutar de:<\/span><\/p>\n<ul>\n<li style=\"font-weight: 400;\" aria-level=\"1\"><b>Instructores cualificados:<\/b><span style=\"font-weight: 400;\"> Profesionales con formaci\u00f3n espec\u00edfica dedicados a guiarte con rigor y cercan\u00eda.<\/span><\/li>\n<li style=\"font-weight: 400;\" aria-level=\"1\"><b>Equipamiento especializado:<\/b><span style=\"font-weight: 400;\"> Contamos con materiales de calidad y salas dise\u00f1adas para favorecer la concentraci\u00f3n y el confort.<\/span><\/li>\n<li style=\"font-weight: 400;\" aria-level=\"1\"><b>Gesti\u00f3n del tiempo:<\/b><span style=\"font-weight: 400;\"> Una oferta de horarios pensada para adaptarse a tu ritmo de vida actual.<\/span><\/li>\n<li style=\"font-weight: 400;\" aria-level=\"1\"><b>Comunidad:<\/b><span style=\"font-weight: 400;\"> Un ambiente humano donde el respeto y la motivaci\u00f3n compartida te har\u00e1n sentir como en casa desde el primer minuto.<\/span><\/li>\n<\/ul>\n<p><span style=\"font-weight: 400;\">Si buscas una forma inteligente y consciente de transformar tu salud f\u00edsica y mental, nuestras clases de Pilates son tu mejor opci\u00f3n. Ven a Fitplace Eibar y descubre c\u00f3mo el equilibrio puede cambiar tu vida.<\/span><\/p>\n<p>[\/et_pb_text][\/et_pb_column][\/et_pb_row][\/et_pb_section]<\/p>\n","protected":false},"excerpt":{"rendered":"<p>clases de pilates en EibarEn Fitplace Eibar, concebimos el Pilates como la disciplina definitiva para alcanzar la armon\u00eda entre cuerpo y mente. M\u00e1s que un entrenamiento convencional, es un sistema integral dise\u00f1ado para potenciar la fuerza interior, la estabilidad estructural y una conciencia corporal profunda.Nuestras sesiones est\u00e1n estructuradas para dar la bienvenida a todo tipo [&hellip;]<\/p>\n","protected":false},"author":1,"featured_media":220894,"parent":0,"menu_order":0,"comment_status":"closed","ping_status":"closed","template":"","meta":{"_et_pb_use_builder":"on","_et_pb_old_content":"","_et_gb_content_width":"","footnotes":""},"class_list":["post-205762","page","type-page","status-publish","has-post-thumbnail","hentry"],"yoast_head":"<!-- This site is optimized with the Yoast SEO plugin v27.4 - https:\/\/yoast.com\/product\/yoast-seo-wordpress\/ -->\n<title>Pilates en Eibar | Fitplace<\/title>\n<meta name=\"description\" content=\"Inscr\u00edbete y disfruta de nuestras clases de pilates en Eibar, contamos con un equipo de instructores 100% dedicados a tu bienestar.\" \/>\n<meta name=\"robots\" content=\"index, follow, max-snippet:-1, max-image-preview:large, max-video-preview:-1\" \/>\n<link rel=\"canonical\" href=\"https:\/\/fitplace.fit\/eibar\/eu\/pilates\/\" \/>\n<meta property=\"og:locale\" content=\"es_ES\" \/>\n<meta property=\"og:type\" content=\"article\" \/>\n<meta property=\"og:title\" content=\"Pilates en Eibar | Fitplace\" \/>\n<meta property=\"og:description\" content=\"Inscr\u00edbete y disfruta de nuestras clases de pilates en Eibar, contamos con un equipo de instructores 100% dedicados a tu bienestar.\" \/>\n<meta property=\"og:url\" content=\"https:\/\/fitplace.fit\/eibar\/eu\/pilates\/\" \/>\n<meta property=\"og:site_name\" content=\"Fitplace Eibar\" \/>\n<meta property=\"article:modified_time\" content=\"2026-03-25T14:42:36+00:00\" \/>\n<meta property=\"og:image\" content=\"https:\/\/fitplace.fit\/eibar\/wp-content\/uploads\/2026\/03\/clase-de-pilates.jpg\" \/>\n\t<meta property=\"og:image:width\" content=\"2000\" \/>\n\t<meta property=\"og:image:height\" content=\"1333\" \/>\n\t<meta property=\"og:image:type\" content=\"image\/jpeg\" \/>\n<meta name=\"twitter:card\" content=\"summary_large_image\" \/>\n<meta name=\"twitter:label1\" content=\"Tiempo de lectura\" \/>\n\t<meta name=\"twitter:data1\" content=\"3 minutos\" \/>\n<script type=\"application\/ld+json\" class=\"yoast-schema-graph\">{\"@context\":\"https:\\\/\\\/schema.org\",\"@graph\":[{\"@type\":\"WebPage\",\"@id\":\"https:\\\/\\\/fitplace.fit\\\/eibar\\\/eu\\\/pilates\\\/\",\"url\":\"https:\\\/\\\/fitplace.fit\\\/eibar\\\/eu\\\/pilates\\\/\",\"name\":\"Pilates en Eibar | Fitplace\",\"isPartOf\":{\"@id\":\"https:\\\/\\\/fitplace.fit\\\/eibar\\\/#website\"},\"primaryImageOfPage\":{\"@id\":\"https:\\\/\\\/fitplace.fit\\\/eibar\\\/eu\\\/pilates\\\/#primaryimage\"},\"image\":{\"@id\":\"https:\\\/\\\/fitplace.fit\\\/eibar\\\/eu\\\/pilates\\\/#primaryimage\"},\"thumbnailUrl\":\"https:\\\/\\\/fitplace.fit\\\/eibar\\\/wp-content\\\/uploads\\\/2026\\\/03\\\/clase-de-pilates.jpg\",\"datePublished\":\"2018-08-08T16:24:44+00:00\",\"dateModified\":\"2026-03-25T14:42:36+00:00\",\"description\":\"Inscr\u00edbete y disfruta de nuestras clases de pilates en Eibar, contamos con un equipo de instructores 100% dedicados a tu bienestar.\",\"breadcrumb\":{\"@id\":\"https:\\\/\\\/fitplace.fit\\\/eibar\\\/eu\\\/pilates\\\/#breadcrumb\"},\"inLanguage\":\"es\",\"potentialAction\":[{\"@type\":\"ReadAction\",\"target\":[\"https:\\\/\\\/fitplace.fit\\\/eibar\\\/eu\\\/pilates\\\/\"]}]},{\"@type\":\"ImageObject\",\"inLanguage\":\"es\",\"@id\":\"https:\\\/\\\/fitplace.fit\\\/eibar\\\/eu\\\/pilates\\\/#primaryimage\",\"url\":\"https:\\\/\\\/fitplace.fit\\\/eibar\\\/wp-content\\\/uploads\\\/2026\\\/03\\\/clase-de-pilates.jpg\",\"contentUrl\":\"https:\\\/\\\/fitplace.fit\\\/eibar\\\/wp-content\\\/uploads\\\/2026\\\/03\\\/clase-de-pilates.jpg\",\"width\":2000,\"height\":1333,\"caption\":\"clase de pilates\"},{\"@type\":\"BreadcrumbList\",\"@id\":\"https:\\\/\\\/fitplace.fit\\\/eibar\\\/eu\\\/pilates\\\/#breadcrumb\",\"itemListElement\":[{\"@type\":\"ListItem\",\"position\":1,\"name\":\"Portada\",\"item\":\"https:\\\/\\\/fitplace.fit\\\/eibar\\\/\"},{\"@type\":\"ListItem\",\"position\":2,\"name\":\"Pilates Eibar\"}]},{\"@type\":\"WebSite\",\"@id\":\"https:\\\/\\\/fitplace.fit\\\/eibar\\\/#website\",\"url\":\"https:\\\/\\\/fitplace.fit\\\/eibar\\\/\",\"name\":\"Fitplace Eibar\",\"description\":\"Gimnasios en Eibar\",\"potentialAction\":[{\"@type\":\"SearchAction\",\"target\":{\"@type\":\"EntryPoint\",\"urlTemplate\":\"https:\\\/\\\/fitplace.fit\\\/eibar\\\/?s={search_term_string}\"},\"query-input\":{\"@type\":\"PropertyValueSpecification\",\"valueRequired\":true,\"valueName\":\"search_term_string\"}}],\"inLanguage\":\"es\"}]}<\/script>\n<!-- \/ Yoast SEO plugin. -->","yoast_head_json":{"title":"Pilates en Eibar | Fitplace","description":"Inscr\u00edbete y disfruta de nuestras clases de pilates en Eibar, contamos con un equipo de instructores 100% dedicados a tu bienestar.","robots":{"index":"index","follow":"follow","max-snippet":"max-snippet:-1","max-image-preview":"max-image-preview:large","max-video-preview":"max-video-preview:-1"},"canonical":"https:\/\/fitplace.fit\/eibar\/eu\/pilates\/","og_locale":"es_ES","og_type":"article","og_title":"Pilates en Eibar | Fitplace","og_description":"Inscr\u00edbete y disfruta de nuestras clases de pilates en Eibar, contamos con un equipo de instructores 100% dedicados a tu bienestar.","og_url":"https:\/\/fitplace.fit\/eibar\/eu\/pilates\/","og_site_name":"Fitplace Eibar","article_modified_time":"2026-03-25T14:42:36+00:00","og_image":[{"width":2000,"height":1333,"url":"https:\/\/fitplace.fit\/eibar\/wp-content\/uploads\/2026\/03\/clase-de-pilates.jpg","type":"image\/jpeg"}],"twitter_card":"summary_large_image","twitter_misc":{"Tiempo de lectura":"3 minutos"},"schema":{"@context":"https:\/\/schema.org","@graph":[{"@type":"WebPage","@id":"https:\/\/fitplace.fit\/eibar\/eu\/pilates\/","url":"https:\/\/fitplace.fit\/eibar\/eu\/pilates\/","name":"Pilates en Eibar | Fitplace","isPartOf":{"@id":"https:\/\/fitplace.fit\/eibar\/#website"},"primaryImageOfPage":{"@id":"https:\/\/fitplace.fit\/eibar\/eu\/pilates\/#primaryimage"},"image":{"@id":"https:\/\/fitplace.fit\/eibar\/eu\/pilates\/#primaryimage"},"thumbnailUrl":"https:\/\/fitplace.fit\/eibar\/wp-content\/uploads\/2026\/03\/clase-de-pilates.jpg","datePublished":"2018-08-08T16:24:44+00:00","dateModified":"2026-03-25T14:42:36+00:00","description":"Inscr\u00edbete y disfruta de nuestras clases de pilates en Eibar, contamos con un equipo de instructores 100% dedicados a tu bienestar.","breadcrumb":{"@id":"https:\/\/fitplace.fit\/eibar\/eu\/pilates\/#breadcrumb"},"inLanguage":"es","potentialAction":[{"@type":"ReadAction","target":["https:\/\/fitplace.fit\/eibar\/eu\/pilates\/"]}]},{"@type":"ImageObject","inLanguage":"es","@id":"https:\/\/fitplace.fit\/eibar\/eu\/pilates\/#primaryimage","url":"https:\/\/fitplace.fit\/eibar\/wp-content\/uploads\/2026\/03\/clase-de-pilates.jpg","contentUrl":"https:\/\/fitplace.fit\/eibar\/wp-content\/uploads\/2026\/03\/clase-de-pilates.jpg","width":2000,"height":1333,"caption":"clase de pilates"},{"@type":"BreadcrumbList","@id":"https:\/\/fitplace.fit\/eibar\/eu\/pilates\/#breadcrumb","itemListElement":[{"@type":"ListItem","position":1,"name":"Portada","item":"https:\/\/fitplace.fit\/eibar\/"},{"@type":"ListItem","position":2,"name":"Pilates Eibar"}]},{"@type":"WebSite","@id":"https:\/\/fitplace.fit\/eibar\/#website","url":"https:\/\/fitplace.fit\/eibar\/","name":"Fitplace Eibar","description":"Gimnasios en Eibar","potentialAction":[{"@type":"SearchAction","target":{"@type":"EntryPoint","urlTemplate":"https:\/\/fitplace.fit\/eibar\/?s={search_term_string}"},"query-input":{"@type":"PropertyValueSpecification","valueRequired":true,"valueName":"search_term_string"}}],"inLanguage":"es"}]}},"_links":{"self":[{"href":"https:\/\/fitplace.fit\/eibar\/wp-json\/wp\/v2\/pages\/205762","targetHints":{"allow":["GET"]}}],"collection":[{"href":"https:\/\/fitplace.fit\/eibar\/wp-json\/wp\/v2\/pages"}],"about":[{"href":"https:\/\/fitplace.fit\/eibar\/wp-json\/wp\/v2\/types\/page"}],"author":[{"embeddable":true,"href":"https:\/\/fitplace.fit\/eibar\/wp-json\/wp\/v2\/users\/1"}],"replies":[{"embeddable":true,"href":"https:\/\/fitplace.fit\/eibar\/wp-json\/wp\/v2\/comments?post=205762"}],"version-history":[{"count":22,"href":"https:\/\/fitplace.fit\/eibar\/wp-json\/wp\/v2\/pages\/205762\/revisions"}],"predecessor-version":[{"id":221083,"href":"https:\/\/fitplace.fit\/eibar\/wp-json\/wp\/v2\/pages\/205762\/revisions\/221083"}],"wp:featuredmedia":[{"embeddable":true,"href":"https:\/\/fitplace.fit\/eibar\/wp-json\/wp\/v2\/media\/220894"}],"wp:attachment":[{"href":"https:\/\/fitplace.fit\/eibar\/wp-json\/wp\/v2\/media?parent=205762"}],"curies":[{"name":"wp","href":"https:\/\/api.w.org\/{rel}","templated":true}]}}